{"id":119,"date":"2016-03-14T12:43:19","date_gmt":"2016-03-14T12:43:19","guid":{"rendered":"http:\/\/vonbulow.org\/bliv-biavler\/?page_id=119"},"modified":"2025-02-11T11:02:20","modified_gmt":"2025-02-11T11:02:20","slug":"tidsskrift-for-biavlere","status":"publish","type":"page","link":"https:\/\/www.biavl.dk\/blivbiavler\/medlemsfordele\/tidsskrift-for-biavlere\/","title":{"rendered":"TIDSSKRIFT FOR BIAVL"},"content":{"rendered":"<p>Som medlem af Danmarks Biavlerforening modtager du\u00a0hver m\u00e5ned medlemsbladet Tidsskrift for Biavl. Bladet holder dig orienteret om, hvad der foreg\u00e5r indenfor biavlen s\u00e5vel i Danmark som i udlandet. Derudover udkommer bladet j\u00e6vnligt med ekstra temanumre om aktuelle emner. Vil du l\u00e6se biavlerblade fra andre lande, er dette sikret gennem et samarbejde med de \u00f8vrige nordiske lande, s\u00e5 kan du til favorabel pris abonnere p\u00e5 andre nordiske biavlstidsskrifter.<\/p>\n<p>Som medlem er du altid orienteret gennem foreningens medier:<\/p>\n<ul>\n<li>Det m\u00e5nedlige medlemsblad Tidsskrift for Biavl<\/li>\n<li>J\u00e6vnlige udgivelser af temah\u00e6fter<\/li>\n<li>Mulighed for at abonnere p\u00e5 andre nordiske biavlstidsskrifter<\/li>\n<\/ul>\n<p style=\"text-align: center;\"><img loading=\"lazy\" decoding=\"async\" width=\"300\" height=\"212\" class=\"alignnone size-medium wp-image-3008593\" src=\"http:\/\/www.biavl.dk\/blivbiavler\/wp-content\/uploads\/2018\/08\/Temah\u00e6fter-300x212.jpg\" alt=\"\" srcset=\"https:\/\/www.biavl.dk\/blivbiavler\/wp-content\/uploads\/2018\/08\/Temah\u00e6fter-300x212.jpg 300w, https:\/\/www.biavl.dk\/blivbiavler\/wp-content\/uploads\/2018\/08\/Temah\u00e6fter-768x543.jpg 768w, https:\/\/www.biavl.dk\/blivbiavler\/wp-content\/uploads\/2018\/08\/Temah\u00e6fter-1024x724.jpg 1024w\" sizes=\"auto, (max-width: 300px) 100vw, 300px\" \/><\/p>\n<p>&nbsp;<\/p>\n","protected":false},"excerpt":{"rendered":"<p>Som medlem af Danmarks Biavlerforening modtager du\u00a0hver m\u00e5ned medlemsbladet Tidsskrift for Biavl. Bladet holder dig orienteret om, hvad der foreg\u00e5r indenfor biavlen s\u00e5vel i Danmark som i udlandet. Derudover udkommer bladet j\u00e6vnligt med ekstra temanumre om aktuelle emner. Vil du l\u00e6se biavlerblade fra andre lande, er dette sikret gennem et samarbejde med de \u00f8vrige nordiske <&hellip;><\/p>\n","protected":false},"author":1,"featured_media":0,"parent":55,"menu_order":5,"comment_status":"closed","ping_status":"closed","template":"page_vis_under.php","meta":{"_acf_changed":false,"footnotes":""},"class_list":["post-119","page","type-page","status-publish","hentry"],"acf":[],"aioseo_notices":[],"_links":{"self":[{"href":"https:\/\/www.biavl.dk\/blivbiavler\/wp-json\/wp\/v2\/pages\/119","targetHints":{"allow":["GET"]}}],"collection":[{"href":"https:\/\/www.biavl.dk\/blivbiavler\/wp-json\/wp\/v2\/pages"}],"about":[{"href":"https:\/\/www.biavl.dk\/blivbiavler\/wp-json\/wp\/v2\/types\/page"}],"author":[{"embeddable":true,"href":"https:\/\/www.biavl.dk\/blivbiavler\/wp-json\/wp\/v2\/users\/1"}],"replies":[{"embeddable":true,"href":"https:\/\/www.biavl.dk\/blivbiavler\/wp-json\/wp\/v2\/comments?post=119"}],"version-history":[{"count":5,"href":"https:\/\/www.biavl.dk\/blivbiavler\/wp-json\/wp\/v2\/pages\/119\/revisions"}],"predecessor-version":[{"id":4821141,"href":"https:\/\/www.biavl.dk\/blivbiavler\/wp-json\/wp\/v2\/pages\/119\/revisions\/4821141"}],"up":[{"embeddable":true,"href":"https:\/\/www.biavl.dk\/blivbiavler\/wp-json\/wp\/v2\/pages\/55"}],"wp:attachment":[{"href":"https:\/\/www.biavl.dk\/blivbiavler\/wp-json\/wp\/v2\/media?parent=119"}],"curies":[{"name":"wp","href":"https:\/\/api.w.org\/{rel}","templated":true}]}}