{"id":125,"date":"2016-03-14T12:44:50","date_gmt":"2016-03-14T12:44:50","guid":{"rendered":"http:\/\/vonbulow.org\/bliv-biavler\/?page_id=125"},"modified":"2025-02-11T10:59:36","modified_gmt":"2025-02-11T10:59:36","slug":"det-lokale-arbejde","status":"publish","type":"page","link":"https:\/\/www.biavl.dk\/blivbiavler\/medlemsfordele\/det-lokale-arbejde\/","title":{"rendered":"DET LOKALE ARBEJDE"},"content":{"rendered":"<p>Fundamentet i Danmarks Biavlerforening er de <a href=\"http:\/\/www.biavl.dk\/blivbiavler\/lokale-foreninger\/lokale-foreninger\/\">mere end 80 lokalforeninger<\/a> fordelt over hele landet. Som medlem har du dit medlemskab gennem en af disse lokalforeninger. Du kan derfor deltage i en vifte af lokale aktiviteter og opbygge et netv\u00e6rk med biavlere i dit lokalomr\u00e5de. Det giver dig mulighed for at se og opleve, hvordan andre driver biavl. Du kan f\u00e5 gode r\u00e5d, blive inspireret til at pr\u00f8ve nye og lettere fremgangsm\u00e5der. Eller bare opleve det hyggelige samv\u00e6r, der er i alle foreninger. Danmarks Biavlerforening arbejder for at servicere de tilsluttede lokalforeninger, med blandt andet kontingentopkr\u00e6vning, medlemsadministration, forsikring, undervisningsmaterialer, kurser m.m.<\/p>\n<p>Tilbuddene i en lokalforening kan v\u00e6re:<\/p>\n<ul>\n<li>Bes\u00f8g i big\u00e5rde<\/li>\n<li>Interessante foredrag<\/li>\n<li>Inspirerende kurser<\/li>\n<li>F\u00e6lles biavlsudflugter<\/li>\n<li>Hyggeligt samv\u00e6r<\/li>\n<li>Honningbed\u00f8mmelse<\/li>\n<li>R\u00e5dgivning om varroa-bek\u00e6mpelse<\/li>\n<li>Skolebig\u00e5rd<\/li>\n<\/ul>\n<p>&nbsp;<\/p>\n","protected":false},"excerpt":{"rendered":"<p>Fundamentet i Danmarks Biavlerforening er de mere end 80 lokalforeninger fordelt over hele landet. Som medlem har du dit medlemskab gennem en af disse lokalforeninger. Du kan derfor deltage i en vifte af lokale aktiviteter og opbygge et netv\u00e6rk med biavlere i dit lokalomr\u00e5de. Det giver dig mulighed for at se og opleve, hvordan andre <&hellip;><\/p>\n","protected":false},"author":1,"featured_media":0,"parent":55,"menu_order":1,"comment_status":"closed","ping_status":"closed","template":"page_vis_under.php","meta":{"_acf_changed":false,"footnotes":""},"class_list":["post-125","page","type-page","status-publish","hentry"],"acf":[],"aioseo_notices":[],"_links":{"self":[{"href":"https:\/\/www.biavl.dk\/blivbiavler\/wp-json\/wp\/v2\/pages\/125","targetHints":{"allow":["GET"]}}],"collection":[{"href":"https:\/\/www.biavl.dk\/blivbiavler\/wp-json\/wp\/v2\/pages"}],"about":[{"href":"https:\/\/www.biavl.dk\/blivbiavler\/wp-json\/wp\/v2\/types\/page"}],"author":[{"embeddable":true,"href":"https:\/\/www.biavl.dk\/blivbiavler\/wp-json\/wp\/v2\/users\/1"}],"replies":[{"embeddable":true,"href":"https:\/\/www.biavl.dk\/blivbiavler\/wp-json\/wp\/v2\/comments?post=125"}],"version-history":[{"count":8,"href":"https:\/\/www.biavl.dk\/blivbiavler\/wp-json\/wp\/v2\/pages\/125\/revisions"}],"predecessor-version":[{"id":4821137,"href":"https:\/\/www.biavl.dk\/blivbiavler\/wp-json\/wp\/v2\/pages\/125\/revisions\/4821137"}],"up":[{"embeddable":true,"href":"https:\/\/www.biavl.dk\/blivbiavler\/wp-json\/wp\/v2\/pages\/55"}],"wp:attachment":[{"href":"https:\/\/www.biavl.dk\/blivbiavler\/wp-json\/wp\/v2\/media?parent=125"}],"curies":[{"name":"wp","href":"https:\/\/api.w.org\/{rel}","templated":true}]}}