{"id":132,"date":"2016-03-14T12:45:52","date_gmt":"2016-03-14T12:45:52","guid":{"rendered":"http:\/\/vonbulow.org\/bliv-biavler\/?page_id=132"},"modified":"2025-02-11T11:03:22","modified_gmt":"2025-02-11T11:03:22","slug":"forsikringer","status":"publish","type":"page","link":"https:\/\/www.biavl.dk\/blivbiavler\/medlemsfordele\/forsikringer\/","title":{"rendered":"FORSIKRINGER"},"content":{"rendered":"<p>Som medlem af Danmarks Biavlerforening er du d\u00e6kket af en erhvervsansvarsforsikring og en produktansvarsforsikring, som Danmarks Biavlerforening har tegnet kollektivt for alle medlemmer. Dermed sparer du selv udgiften til disse forsikringer.<\/p>\n<p>Som medlem er du automatisk d\u00e6kket af f\u00f8lgende forsikringer:<\/p>\n<ul>\n<li>Erhvervsansvarsforsikringen d\u00e6kker det erstatningsansvar, som biavler eller lokalforening kan p\u00e5drage dig overfor tredjemand for skader forvoldt i forbindelse med biavlen eller aktiviteter relateret<br \/>\ntil biavl.<\/li>\n<li>Produktansvarsforsikring omfatter det ansvar, du som biavler har i forbindelse med fremstilling samt<br \/>\nhandel med biernes produkter. Det er en betingelse at produktet er forsynet med Danmarks Biavlerforenings<br \/>\netiket, samt at krav fra offentlige myndigheder er overholdt.<\/li>\n<li>Derudover er alle lokalforeninger under Danmarks Biavlerforening d\u00e6kket af den lovpligtige arbejdsskadeforsikring.<\/li>\n<\/ul>\n","protected":false},"excerpt":{"rendered":"<p>Som medlem af Danmarks Biavlerforening er du d\u00e6kket af en erhvervsansvarsforsikring og en produktansvarsforsikring, som Danmarks Biavlerforening har tegnet kollektivt for alle medlemmer. Dermed sparer du selv udgiften til disse forsikringer. Som medlem er du automatisk d\u00e6kket af f\u00f8lgende forsikringer: Erhvervsansvarsforsikringen d\u00e6kker det erstatningsansvar, som biavler eller lokalforening kan p\u00e5drage dig overfor tredjemand for skader <&hellip;><\/p>\n","protected":false},"author":1,"featured_media":0,"parent":55,"menu_order":7,"comment_status":"closed","ping_status":"closed","template":"page_vis_under.php","meta":{"_acf_changed":false,"footnotes":""},"class_list":["post-132","page","type-page","status-publish","hentry"],"acf":[],"aioseo_notices":[],"_links":{"self":[{"href":"https:\/\/www.biavl.dk\/blivbiavler\/wp-json\/wp\/v2\/pages\/132","targetHints":{"allow":["GET"]}}],"collection":[{"href":"https:\/\/www.biavl.dk\/blivbiavler\/wp-json\/wp\/v2\/pages"}],"about":[{"href":"https:\/\/www.biavl.dk\/blivbiavler\/wp-json\/wp\/v2\/types\/page"}],"author":[{"embeddable":true,"href":"https:\/\/www.biavl.dk\/blivbiavler\/wp-json\/wp\/v2\/users\/1"}],"replies":[{"embeddable":true,"href":"https:\/\/www.biavl.dk\/blivbiavler\/wp-json\/wp\/v2\/comments?post=132"}],"version-history":[{"count":11,"href":"https:\/\/www.biavl.dk\/blivbiavler\/wp-json\/wp\/v2\/pages\/132\/revisions"}],"predecessor-version":[{"id":4821143,"href":"https:\/\/www.biavl.dk\/blivbiavler\/wp-json\/wp\/v2\/pages\/132\/revisions\/4821143"}],"up":[{"embeddable":true,"href":"https:\/\/www.biavl.dk\/blivbiavler\/wp-json\/wp\/v2\/pages\/55"}],"wp:attachment":[{"href":"https:\/\/www.biavl.dk\/blivbiavler\/wp-json\/wp\/v2\/media?parent=132"}],"curies":[{"name":"wp","href":"https:\/\/api.w.org\/{rel}","templated":true}]}}