{"id":3008192,"date":"2018-08-24T20:44:23","date_gmt":"2018-08-24T20:44:23","guid":{"rendered":"http:\/\/www.biavl.dk\/blivbiavler\/?page_id=3008192"},"modified":"2025-02-11T11:01:53","modified_gmt":"2025-02-11T11:01:53","slug":"den-politiske-indsats","status":"publish","type":"page","link":"https:\/\/www.biavl.dk\/blivbiavler\/medlemsfordele\/den-politiske-indsats\/","title":{"rendered":"DEN POLITISKE INDSATS"},"content":{"rendered":"<p>Som medlem af Danmarks Biavlerforening st\u00f8tter du arbejdet for, at fastholde og skabe de bedst mulige vilk\u00e5r for bierne og biavlen. I det politiske arbejde er der s\u00e6rligt fokus p\u00e5 kommunerne, Folketinget og EU.<br \/>\nI kommunerne sker interessevaretagelsen prim\u00e6rt ved at underst\u00f8tte lokalforeningerne i eventuelle indsatser. I forhold til Folketinget holdes aktiv kontakt til relevante ministre og ordf\u00f8rere, ligesom der indsendes h\u00f8ringssvar til relevante h\u00f8ringer. EU-systemet p\u00e5virkes prim\u00e6rt gennem repr\u00e6sentation i EU\u2019s landbrugsr\u00e5d COPA COGECA.<\/p>\n<p>Som medlem af Danmarks Biavlerforening varetager vi dine erhvervspolitiske interesser p\u00e5 f\u00f8lgende m\u00e5de:<\/p>\n<ul>\n<li>Underst\u00f8tter lokalforeningernes politiske arbejde i landets kommuner<\/li>\n<li>Er opm\u00e6rksom og p\u00e5virker \u00e6ndring af relevante love og bekendtg\u00f8relser<\/li>\n<li>Sikrer l\u00f8bende kontakt til Folketingets ordf\u00f8rere og ministre<\/li>\n<li>Repr\u00e6senterer biavlen i relevante r\u00e5d og n\u00e6vn, herunder Bin\u00e6vnet og Dialogforum for Pesticider<\/li>\n<li>En del af Landbrug &amp; F\u00f8devarer<\/li>\n<li>Repr\u00e6senteret i EU\u2019s landbrugsr\u00e5d COPA COGECA<\/li>\n<\/ul>\n<p>&nbsp;<\/p>\n","protected":false},"excerpt":{"rendered":"<p>Som medlem af Danmarks Biavlerforening st\u00f8tter du arbejdet for, at fastholde og skabe de bedst mulige vilk\u00e5r for bierne og biavlen. I det politiske arbejde er der s\u00e6rligt fokus p\u00e5 kommunerne, Folketinget og EU. I kommunerne sker interessevaretagelsen prim\u00e6rt ved at underst\u00f8tte lokalforeningerne i eventuelle indsatser. I forhold til Folketinget holdes aktiv kontakt til relevante <&hellip;><\/p>\n","protected":false},"author":4,"featured_media":0,"parent":55,"menu_order":4,"comment_status":"closed","ping_status":"closed","template":"page_vis_under.php","meta":{"_acf_changed":false,"footnotes":""},"class_list":["post-3008192","page","type-page","status-publish","hentry"],"acf":[],"aioseo_notices":[],"_links":{"self":[{"href":"https:\/\/www.biavl.dk\/blivbiavler\/wp-json\/wp\/v2\/pages\/3008192","targetHints":{"allow":["GET"]}}],"collection":[{"href":"https:\/\/www.biavl.dk\/blivbiavler\/wp-json\/wp\/v2\/pages"}],"about":[{"href":"https:\/\/www.biavl.dk\/blivbiavler\/wp-json\/wp\/v2\/types\/page"}],"author":[{"embeddable":true,"href":"https:\/\/www.biavl.dk\/blivbiavler\/wp-json\/wp\/v2\/users\/4"}],"replies":[{"embeddable":true,"href":"https:\/\/www.biavl.dk\/blivbiavler\/wp-json\/wp\/v2\/comments?post=3008192"}],"version-history":[{"count":5,"href":"https:\/\/www.biavl.dk\/blivbiavler\/wp-json\/wp\/v2\/pages\/3008192\/revisions"}],"predecessor-version":[{"id":4821140,"href":"https:\/\/www.biavl.dk\/blivbiavler\/wp-json\/wp\/v2\/pages\/3008192\/revisions\/4821140"}],"up":[{"embeddable":true,"href":"https:\/\/www.biavl.dk\/blivbiavler\/wp-json\/wp\/v2\/pages\/55"}],"wp:attachment":[{"href":"https:\/\/www.biavl.dk\/blivbiavler\/wp-json\/wp\/v2\/media?parent=3008192"}],"curies":[{"name":"wp","href":"https:\/\/api.w.org\/{rel}","templated":true}]}}