{"id":3008998,"date":"2018-08-24T22:07:13","date_gmt":"2018-08-24T22:07:13","guid":{"rendered":"http:\/\/www.biavl.dk\/blivbiavler\/?page_id=3008998"},"modified":"2025-02-11T11:03:59","modified_gmt":"2025-02-11T11:03:59","slug":"markedsfoering","status":"publish","type":"page","link":"https:\/\/www.biavl.dk\/blivbiavler\/medlemsfordele\/markedsfoering\/","title":{"rendered":"MARKEDSF\u00d8RING"},"content":{"rendered":"<p>Afs\u00e6tning af biernes produkter skaber det \u00f8konomiske fundament for din biavl. Derfor arbejder foreningen aktivt med at promovere biernes produkter, der omfatter alt fra best\u00f8vningsarbejde til salg af honning. Endvidere gennemf\u00f8rer foreningen l\u00f8bende kvalitetstest af honning. Som medlem har du ret til at anvende Danmarks Biavlerforenings kendte etiketter, der b\u00e6rer vores logo med de tre bier. Dette betegnes som et kvalitetsstempel, der fort\u00e6ller k\u00f8beren, at han st\u00e5r med en honning af h\u00f8j kvalitet i h\u00e5nden. N\u00e5r du k\u00f8ber etiketten, g\u00e5r en del af din betaling til at markedsf\u00f8re dansk honning &#8211; dermed hj\u00e6lper vi hinanden.<\/p>\n<p>Du kan som medlem drage nytte af f\u00f8lgende:<\/p>\n<ul>\n<li>Markedsf\u00f8re dit honningsalg p\u00e5 hjemmesiden <a href=\"http:\/\/www.vi-elsker-honning.dk\" target=\"_blank\" rel=\"noopener noreferrer\">www.vi-elsker-honning.dk<\/a>, hvor der ogs\u00e5 findes informationer og opskrifter til forbrugerne.<\/li>\n<li>P\u00e5 <a href=\"http:\/\/www.bishoppen.dk\" target=\"_blank\" rel=\"noopener noreferrer\">www.bishoppen.dk<\/a> kan du k\u00f8be etiketter og andre produkter til markedsf\u00f8ring.<\/li>\n<li>Drage nytte af Danmarks Biavlerforenings generelle markedsf\u00f8ring af dansk honning og kvalitetsm\u00e6rket med de tre bier.<\/li>\n<\/ul>\n<p style=\"text-align: center;\"><img loading=\"lazy\" decoding=\"async\" width=\"300\" height=\"222\" class=\"alignnone size-medium wp-image-341\" src=\"http:\/\/www.biavl.dk\/blivbiavler\/wp-content\/uploads\/2016\/03\/150520_DanmarksBiavlerforening-logo-CMYK-300x222.png\" alt=\"\" srcset=\"https:\/\/www.biavl.dk\/blivbiavler\/wp-content\/uploads\/2016\/03\/150520_DanmarksBiavlerforening-logo-CMYK-300x222.png 300w, https:\/\/www.biavl.dk\/blivbiavler\/wp-content\/uploads\/2016\/03\/150520_DanmarksBiavlerforening-logo-CMYK-768x567.png 768w, https:\/\/www.biavl.dk\/blivbiavler\/wp-content\/uploads\/2016\/03\/150520_DanmarksBiavlerforening-logo-CMYK-1024x756.png 1024w\" sizes=\"auto, (max-width: 300px) 100vw, 300px\" \/><\/p>\n","protected":false},"excerpt":{"rendered":"<p>Afs\u00e6tning af biernes produkter skaber det \u00f8konomiske fundament for din biavl. Derfor arbejder foreningen aktivt med at promovere biernes produkter, der omfatter alt fra best\u00f8vningsarbejde til salg af honning. Endvidere gennemf\u00f8rer foreningen l\u00f8bende kvalitetstest af honning. Som medlem har du ret til at anvende Danmarks Biavlerforenings kendte etiketter, der b\u00e6rer vores logo med de tre <&hellip;><\/p>\n","protected":false},"author":4,"featured_media":0,"parent":55,"menu_order":8,"comment_status":"closed","ping_status":"closed","template":"page_vis_under.php","meta":{"_acf_changed":false,"footnotes":""},"class_list":["post-3008998","page","type-page","status-publish","hentry"],"acf":[],"aioseo_notices":[],"_links":{"self":[{"href":"https:\/\/www.biavl.dk\/blivbiavler\/wp-json\/wp\/v2\/pages\/3008998","targetHints":{"allow":["GET"]}}],"collection":[{"href":"https:\/\/www.biavl.dk\/blivbiavler\/wp-json\/wp\/v2\/pages"}],"about":[{"href":"https:\/\/www.biavl.dk\/blivbiavler\/wp-json\/wp\/v2\/types\/page"}],"author":[{"embeddable":true,"href":"https:\/\/www.biavl.dk\/blivbiavler\/wp-json\/wp\/v2\/users\/4"}],"replies":[{"embeddable":true,"href":"https:\/\/www.biavl.dk\/blivbiavler\/wp-json\/wp\/v2\/comments?post=3008998"}],"version-history":[{"count":7,"href":"https:\/\/www.biavl.dk\/blivbiavler\/wp-json\/wp\/v2\/pages\/3008998\/revisions"}],"predecessor-version":[{"id":4821144,"href":"https:\/\/www.biavl.dk\/blivbiavler\/wp-json\/wp\/v2\/pages\/3008998\/revisions\/4821144"}],"up":[{"embeddable":true,"href":"https:\/\/www.biavl.dk\/blivbiavler\/wp-json\/wp\/v2\/pages\/55"}],"wp:attachment":[{"href":"https:\/\/www.biavl.dk\/blivbiavler\/wp-json\/wp\/v2\/media?parent=3008998"}],"curies":[{"name":"wp","href":"https:\/\/api.w.org\/{rel}","templated":true}]}}