{"id":4557396,"date":"2019-08-15T11:08:46","date_gmt":"2019-08-15T11:08:46","guid":{"rendered":"http:\/\/www.biavl.dk\/blivbiavler\/?page_id=4557396"},"modified":"2025-08-25T09:16:29","modified_gmt":"2025-08-25T09:16:29","slug":"medlemsrabatter","status":"publish","type":"page","link":"https:\/\/www.biavl.dk\/blivbiavler\/medlemsfordele\/medlemsrabatter\/","title":{"rendered":"MEDLEMSRABATTER"},"content":{"rendered":"<p>Som medlem af Danmarks Biavlerforening kan du opn\u00e5 rabatter hos:<\/p>\n<p>&nbsp;<\/p>\n<p><img loading=\"lazy\" decoding=\"async\" width=\"300\" height=\"254\" class=\"alignnone size-medium wp-image-4822454\" src=\"http:\/\/www.biavl.dk\/blivbiavler\/wp-content\/uploads\/2025\/02\/312517-DLF-Annonce-136x207-DB-2025-U08-2025-300x254.png\" alt=\"\" srcset=\"https:\/\/www.biavl.dk\/blivbiavler\/wp-content\/uploads\/2025\/02\/312517-DLF-Annonce-136x207-DB-2025-U08-2025-300x254.png 300w, https:\/\/www.biavl.dk\/blivbiavler\/wp-content\/uploads\/2025\/02\/312517-DLF-Annonce-136x207-DB-2025-U08-2025-1024x868.png 1024w, https:\/\/www.biavl.dk\/blivbiavler\/wp-content\/uploads\/2025\/02\/312517-DLF-Annonce-136x207-DB-2025-U08-2025-768x651.png 768w, https:\/\/www.biavl.dk\/blivbiavler\/wp-content\/uploads\/2025\/02\/312517-DLF-Annonce-136x207-DB-2025-U08-2025-1536x1302.png 1536w, https:\/\/www.biavl.dk\/blivbiavler\/wp-content\/uploads\/2025\/02\/312517-DLF-Annonce-136x207-DB-2025-U08-2025.png 1676w\" sizes=\"auto, (max-width: 300px) 100vw, 300px\" \/><\/p>\n<p>&nbsp;<\/p>\n<p><strong>DLF<\/strong><\/p>\n<p>N\u00e5r du k\u00f8ber bivenlige fr\u00f8 hos DLF f\u00e5r du 10% rabat. L\u00e6s mere <a href=\"http:\/\/www.biavl.dk\/blivbiavler\/bivenlige-froe-med-rabat\/\">her<\/a><\/p>\n<p>&nbsp;<\/p>\n<p><img loading=\"lazy\" decoding=\"async\" class=\"alignnone wp-image-4843729 size-medium\" src=\"http:\/\/www.biavl.dk\/blivbiavler\/wp-content\/uploads\/2025\/08\/Spira_Secondary-logo_Green-Green-300x92.png\" alt=\"\" width=\"300\" height=\"92\" srcset=\"https:\/\/www.biavl.dk\/blivbiavler\/wp-content\/uploads\/2025\/08\/Spira_Secondary-logo_Green-Green-300x92.png 300w, https:\/\/www.biavl.dk\/blivbiavler\/wp-content\/uploads\/2025\/08\/Spira_Secondary-logo_Green-Green-1024x314.png 1024w, https:\/\/www.biavl.dk\/blivbiavler\/wp-content\/uploads\/2025\/08\/Spira_Secondary-logo_Green-Green-768x235.png 768w, https:\/\/www.biavl.dk\/blivbiavler\/wp-content\/uploads\/2025\/08\/Spira_Secondary-logo_Green-Green-1536x471.png 1536w, https:\/\/www.biavl.dk\/blivbiavler\/wp-content\/uploads\/2025\/08\/Spira_Secondary-logo_Green-Green-2048x627.png 2048w\" sizes=\"auto, (max-width: 300px) 100vw, 300px\" \/><\/p>\n<p><strong>Spira Forsikring<\/strong><\/p>\n<p>Hos Spira Forsikring har vi i samarbejde med Danmarks Biavlerforening udviklet en biavlsforsikring, som er s\u00e6rligt skr\u00e6ddersyet til biavlere. Forsikringen tilbydes kun til medlemmer af DBF og d\u00e6kker de s\u00e6rlige behov, du har som biavler.\u00a0Som noget nyt kan du nu som medlem af Danmarks Biavlerforening f\u00e5 10% rabat p\u00e5 alle dine privatforsikringer hos Spira Forsikring.\u00a0L\u00e6s mere <a href=\"http:\/\/www.biavl.dk\/blivbiavler\/forsikring-med-rabat\/\">her<\/a><\/p>\n<p>&nbsp;<\/p>\n<p><strong>Abonnement p\u00e5 nordiske bitidsskrifter til halv pris i 2024<\/strong><\/p>\n<p>Igen i 2024 bliver det muligt at abonnere p\u00e5 de nordiske tidsskrifter til en fordelagtig pris. Abonnement for 2024 p\u00e5 bitidsskrifterne fra Norge, Sverige og Finland skal bestilles senest s\u00f8ndag den 19. november 2023. Du kan l\u00e6se mere om tilbuddet <a href=\"http:\/\/www.biavl.dk\/blivbiavler\/wp-content\/uploads\/2024\/02\/Medlemsrabat_Nordiske-tidsskrifter-2024.pdf\">her<\/a><\/p>\n","protected":false},"excerpt":{"rendered":"<p>Som medlem af Danmarks Biavlerforening kan du opn\u00e5 rabatter hos: &nbsp; &nbsp; DLF N\u00e5r du k\u00f8ber bivenlige fr\u00f8 hos DLF f\u00e5r du 10% rabat. L\u00e6s mere her &nbsp; Spira Forsikring Hos Spira Forsikring har vi i samarbejde med Danmarks Biavlerforening udviklet en biavlsforsikring, som er s\u00e6rligt skr\u00e6ddersyet til biavlere. Forsikringen tilbydes kun til medlemmer af <&hellip;><\/p>\n","protected":false},"author":3,"featured_media":0,"parent":55,"menu_order":9,"comment_status":"closed","ping_status":"closed","template":"page_vis_under.php","meta":{"_acf_changed":false,"footnotes":""},"class_list":["post-4557396","page","type-page","status-publish","hentry"],"acf":[],"aioseo_notices":[],"_links":{"self":[{"href":"https:\/\/www.biavl.dk\/blivbiavler\/wp-json\/wp\/v2\/pages\/4557396","targetHints":{"allow":["GET"]}}],"collection":[{"href":"https:\/\/www.biavl.dk\/blivbiavler\/wp-json\/wp\/v2\/pages"}],"about":[{"href":"https:\/\/www.biavl.dk\/blivbiavler\/wp-json\/wp\/v2\/types\/page"}],"author":[{"embeddable":true,"href":"https:\/\/www.biavl.dk\/blivbiavler\/wp-json\/wp\/v2\/users\/3"}],"replies":[{"embeddable":true,"href":"https:\/\/www.biavl.dk\/blivbiavler\/wp-json\/wp\/v2\/comments?post=4557396"}],"version-history":[{"count":32,"href":"https:\/\/www.biavl.dk\/blivbiavler\/wp-json\/wp\/v2\/pages\/4557396\/revisions"}],"predecessor-version":[{"id":4843731,"href":"https:\/\/www.biavl.dk\/blivbiavler\/wp-json\/wp\/v2\/pages\/4557396\/revisions\/4843731"}],"up":[{"embeddable":true,"href":"https:\/\/www.biavl.dk\/blivbiavler\/wp-json\/wp\/v2\/pages\/55"}],"wp:attachment":[{"href":"https:\/\/www.biavl.dk\/blivbiavler\/wp-json\/wp\/v2\/media?parent=4557396"}],"curies":[{"name":"wp","href":"https:\/\/api.w.org\/{rel}","templated":true}]}}