{"id":4557414,"date":"2019-08-15T12:31:24","date_gmt":"2019-08-15T12:31:24","guid":{"rendered":"http:\/\/www.biavl.dk\/blivbiavler\/?page_id=4557414"},"modified":"2026-02-04T11:19:00","modified_gmt":"2026-02-04T11:19:00","slug":"bivenlige-froe-med-rabat","status":"publish","type":"page","link":"https:\/\/www.biavl.dk\/blivbiavler\/bivenlige-froe-med-rabat\/","title":{"rendered":"BIVENLIGE FR\u00d8 MED RABAT"},"content":{"rendered":"<h3>Bestil bi- og vildtvenlige afgr\u00f8der med medlemsrabat 2026<\/h3>\n<p>Som medlem af Danmarks Biavlerforening kan du bestille diverse bi- og vildtvenlige fr\u00f8blandinger til gl\u00e6de for bierne. Danmarks Biavlerforening har udviklet forskellige fr\u00f8blandinger i samarbejde med fr\u00f8firmaet DLF, og det er blandt andet disse du kan bestille. Som medlem af Danmarks Biavlerforening f\u00e5r du tilmed 10% rabat.<\/p>\n<p>&nbsp;<\/p>\n<p><b>Bestilling af fr\u00f8<\/b><\/p>\n<p>Du kan herunder downloade bestillingskupon, som du skal udfylde og sende til DLF. Herefter sendes fr\u00f8ene direkte til dig.<\/p>\n<p>Alle priser er eksklusive moms og levering. Ved ordre over 5.000 kr. ekskl. moms leveres fragtfrit. Ved ordre under 500 kr. till\u00e6gges et ekspeditionsgebyr p\u00e5 100 kr.<\/p>\n<p>&nbsp;<\/p>\n<p>Send bestillingskuponen \u2013 gerne via e-mail \u2013 til DLF via nedenst\u00e5ende oplysninger:<\/p>\n<p>DLF<\/p>\n<p>H\u00f8jmevej 12<\/p>\n<p>5250 Odense SV<\/p>\n<p>E-mail: agro@dlf.dk<\/p>\n<p>&nbsp;<\/p>\n<p>&nbsp;<\/p>\n<p><img loading=\"lazy\" decoding=\"async\" class=\"alignnone wp-image-4863858 size-medium\" src=\"http:\/\/www.biavl.dk\/blivbiavler\/wp-content\/uploads\/2026\/02\/313724_DLF_Annonce_136x207_DB_U05_2026-300x254.png\" alt=\"\" width=\"300\" height=\"254\" srcset=\"https:\/\/www.biavl.dk\/blivbiavler\/wp-content\/uploads\/2026\/02\/313724_DLF_Annonce_136x207_DB_U05_2026-300x254.png 300w, https:\/\/www.biavl.dk\/blivbiavler\/wp-content\/uploads\/2026\/02\/313724_DLF_Annonce_136x207_DB_U05_2026-1024x868.png 1024w, https:\/\/www.biavl.dk\/blivbiavler\/wp-content\/uploads\/2026\/02\/313724_DLF_Annonce_136x207_DB_U05_2026-768x651.png 768w, https:\/\/www.biavl.dk\/blivbiavler\/wp-content\/uploads\/2026\/02\/313724_DLF_Annonce_136x207_DB_U05_2026-1536x1302.png 1536w, https:\/\/www.biavl.dk\/blivbiavler\/wp-content\/uploads\/2026\/02\/313724_DLF_Annonce_136x207_DB_U05_2026.png 1676w\" sizes=\"auto, (max-width: 300px) 100vw, 300px\" \/><\/p>\n","protected":false},"excerpt":{"rendered":"<p>Bestil bi- og vildtvenlige afgr\u00f8der med medlemsrabat 2026 Som medlem af Danmarks Biavlerforening kan du bestille diverse bi- og vildtvenlige fr\u00f8blandinger til gl\u00e6de for bierne. Danmarks Biavlerforening har udviklet forskellige fr\u00f8blandinger i samarbejde med fr\u00f8firmaet DLF, og det er blandt andet disse du kan bestille. Som medlem af Danmarks Biavlerforening f\u00e5r du tilmed 10% rabat. <&hellip;><\/p>\n","protected":false},"author":3,"featured_media":0,"parent":0,"menu_order":0,"comment_status":"closed","ping_status":"closed","template":"","meta":{"_acf_changed":false,"footnotes":""},"class_list":["post-4557414","page","type-page","status-publish","hentry"],"acf":[],"aioseo_notices":[],"_links":{"self":[{"href":"https:\/\/www.biavl.dk\/blivbiavler\/wp-json\/wp\/v2\/pages\/4557414","targetHints":{"allow":["GET"]}}],"collection":[{"href":"https:\/\/www.biavl.dk\/blivbiavler\/wp-json\/wp\/v2\/pages"}],"about":[{"href":"https:\/\/www.biavl.dk\/blivbiavler\/wp-json\/wp\/v2\/types\/page"}],"author":[{"embeddable":true,"href":"https:\/\/www.biavl.dk\/blivbiavler\/wp-json\/wp\/v2\/users\/3"}],"replies":[{"embeddable":true,"href":"https:\/\/www.biavl.dk\/blivbiavler\/wp-json\/wp\/v2\/comments?post=4557414"}],"version-history":[{"count":34,"href":"https:\/\/www.biavl.dk\/blivbiavler\/wp-json\/wp\/v2\/pages\/4557414\/revisions"}],"predecessor-version":[{"id":4863861,"href":"https:\/\/www.biavl.dk\/blivbiavler\/wp-json\/wp\/v2\/pages\/4557414\/revisions\/4863861"}],"wp:attachment":[{"href":"https:\/\/www.biavl.dk\/blivbiavler\/wp-json\/wp\/v2\/media?parent=4557414"}],"curies":[{"name":"wp","href":"https:\/\/api.w.org\/{rel}","templated":true}]}}