{"id":4624652,"date":"2021-01-15T11:56:24","date_gmt":"2021-01-15T11:56:24","guid":{"rendered":"http:\/\/www.biavl.dk\/blivbiavler\/?page_id=4624652"},"modified":"2025-04-01T13:45:54","modified_gmt":"2025-04-01T13:45:54","slug":"forhandlere-af-startpakken-2021","status":"publish","type":"page","link":"https:\/\/www.biavl.dk\/blivbiavler\/forhandlere-af-startpakken-2021\/","title":{"rendered":"Forhandlere af startpakken 2025"},"content":{"rendered":"<p>Du kan k\u00f8be startpakken her:<\/p>\n<p><img loading=\"lazy\" decoding=\"async\" width=\"284\" height=\"300\" class=\"alignnone size-medium wp-image-4816877\" src=\"http:\/\/www.biavl.dk\/blivbiavler\/wp-content\/uploads\/2025\/01\/Forhandlerkort-2025-284x300.jpg\" alt=\"\" srcset=\"https:\/\/www.biavl.dk\/blivbiavler\/wp-content\/uploads\/2025\/01\/Forhandlerkort-2025-284x300.jpg 284w, https:\/\/www.biavl.dk\/blivbiavler\/wp-content\/uploads\/2025\/01\/Forhandlerkort-2025.jpg 441w\" sizes=\"auto, (max-width: 284px) 100vw, 284px\" \/><\/p>\n<p>&nbsp;<\/p>\n<p><strong>1.Bihuset<\/strong> <em>v. Heino Christiansen<\/em><br \/>\nR\u00f8dlersvej 11, 4733 Tappern\u00f8je<br \/>\nTlf. 55 96 53 22 \/ <a href=\"https:\/\/www.bihuset.dk\/\" target=\"_blank\" rel=\"noopener\">www.bihuset.dk<\/a><\/p>\n<p><strong>2.<\/strong> <strong>Bibutikken<\/strong> (Gr\u00e6sted) <em>v. Max Guldkj\u00e6r<\/em><br \/>\nMestervangen 2, 3230 Gr\u00e6sted<br \/>\nTlf. 21 79 17 74 \/ <a href=\"https:\/\/bibutikken.dk\/shop\/frontpage.html\" target=\"_blank\" rel=\"noopener noreferrer\">www.bibutikken.dk<\/a><\/p>\n<p><strong>3.<\/strong> <strong>Bibutikken<\/strong> (Herlev) <em>v. Max Guldkj\u00e6r<\/em><br \/>\nMarielundvej 34 A, 2730 Herlev<br \/>\nTlf. 21 79 17 74 \/ <a href=\"https:\/\/bibutikken.dk\/shop\/frontpage.html\" target=\"_blank\" rel=\"noopener noreferrer\">www.bibutikken.dk<\/a><\/p>\n<p><strong>4. Bishop<\/strong><br \/>\nEinarsvej 16, 2800 Kgs. Lyngby<br \/>\nTlf. 31 34 14 00 \/ <a href=\"https:\/\/bishop.dk\/\" target=\"_blank\" rel=\"noopener\">www.bishop.dk<\/a><\/p>\n<p><strong>5. Honningpigen<\/strong> <em>v. Betinna Woller<\/em><br \/>\nAlstedvej 77, 4173 Fjenneslev<br \/>\nTlf. 40 31 01 25 \/ <a href=\"http:\/\/honningpigen.dk\/\" target=\"_blank\" rel=\"noopener\">www.honningpigen.dk<\/a><\/p>\n<p><strong>6. Bennys Bibutik<\/strong><br \/>\nB\u00f8jdenvej 60 B, 5750 Ringe<br \/>\nTlf. 28 65 40 92 \/ <a href=\"https:\/\/bennysbibutik.dk\/\" target=\"_blank\" rel=\"noopener\">www.bennysbibutik.dk<\/a><\/p>\n<p><strong>7.<\/strong> <strong>Swienty A\/S<\/strong><br \/>\nH\u00f8rtoftvej 16, Rageb\u00f8l, 6400 S\u00f8nderborg<br \/>\nTlf. 74 48 69 69 \/ <a href=\"https:\/\/www.swienty.com\/\" target=\"_blank\" rel=\"noopener noreferrer\">www.swienty.com<\/a><\/p>\n<p><strong>8. Konge\u00e5 Biavl<\/strong> <em>v. Jens O. Svendsen<\/em><br \/>\nJedstedm\u00f8llevej 3, 6771 Gredstedbro<br \/>\nTlf. 24 24 18 54<\/p>\n<p><strong>9. Midtjysk Biavlscenter<\/strong> <em>v. Poul Ole Hansen<\/em><br \/>\n\u00d8lgodvej 39, Urup, 7200 Grindsted<br \/>\nTlf. 23 30 30 22<\/p>\n<p><strong>10. Vejen Biavlscenter<\/strong> <em>v. Benny Gansler<\/em><br \/>\nBastrup Skovvej 20, 6580 Vamdrup<br \/>\nTlf. 21 74 79 59 \/ <a href=\"https:\/\/biavlscenter-vejen.dk\" target=\"_blank\" rel=\"noopener\">www.biavlscenter-vejen.dk<\/a><\/p>\n<p><strong>11. Aulum BiavlsCenter<\/strong> <em>v. Per From<\/em><br \/>\nBuntmagervej 18, 7490 Aulum<br \/>\nTlf. 96 41 21 00 \/ <a href=\"https:\/\/aulumbi.dk\/\" target=\"_blank\" rel=\"noopener\">www.aulumbi.dk<\/a><\/p>\n<p><strong>12. Nordjysk Biavl<\/strong><br \/>\n\u00d8lsvej 46, 9500 Hobro<br \/>\nTlf. 98 52 27 80 \/ <a href=\"https:\/\/www.nordjysk.com\/\" target=\"_blank\" rel=\"noopener\">www.nordjysk.com<\/a><\/p>\n<p><strong>13.<\/strong> <strong>OBC Biavl Havndal<\/strong> <em>v. Henrik Hansen<\/em><br \/>\n\u00d8sterbro 1, 8970 Havndal<br \/>\nTlf. 86 47 04 52 \/ <a href=\"https:\/\/obcbiavl.dk\/\" target=\"_blank\" rel=\"noopener noreferrer\">www.obcbiavl.dk<\/a><\/p>\n<p><strong>14.<\/strong> <strong>OBC Biavl H\u00f8rning<\/strong><br \/>\nD\u00f8rup Gade 6, 8362 H\u00f8rning<br \/>\nTlf. 29 27 59 14 \/<a href=\"https:\/\/obcbiavl.dk\/\" target=\"_blank\" rel=\"noopener noreferrer\"> www.obcbiavl.dk<\/a><\/p>\n<p><strong>15. Vokshuset.dk<\/strong><br \/>\nVagtelv\u00e6nget 7, 5610 Assens<br \/>\nTlf. 42 22 33 50 \/ <a href=\"https:\/\/vokshuset.dk\/\" target=\"_blank\" rel=\"noopener\">www.vokshuset.dk<\/a><\/p>\n<p><strong>16. ALK Maskinservice<\/strong><br \/>\nLiljevej 12, 9740 Jerslev<br \/>\nTlf. 23 70 41 23 \/ <a href=\"https:\/\/alk-maskinservice.dk\" target=\"_blank\" rel=\"noopener\">www.alk-maskinservice.dk<\/a><\/p>\n<p><strong>17. Aulum BiavlsCenter &#8211; Brenderup<\/strong> <em>v. Per From<\/em><br \/>\nKirkevej 56, 5464 Brenderup<br \/>\nTlf. 96 41 16 01 \/ <a href=\"https:\/\/aulumbi.dk\/\" target=\"_blank\" rel=\"noopener\">www.aulumbi.dk<\/a><\/p>\n","protected":false},"excerpt":{"rendered":"<p>Du kan k\u00f8be startpakken her: &nbsp; 1.Bihuset v. Heino Christiansen R\u00f8dlersvej 11, 4733 Tappern\u00f8je Tlf. 55 96 53 22 \/ www.bihuset.dk 2. Bibutikken (Gr\u00e6sted) v. Max Guldkj\u00e6r Mestervangen 2, 3230 Gr\u00e6sted Tlf. 21 79 17 74 \/ www.bibutikken.dk 3. Bibutikken (Herlev) v. Max Guldkj\u00e6r Marielundvej 34 A, 2730 Herlev Tlf. 21 79 17 74 \/ <&hellip;><\/p>\n","protected":false},"author":3,"featured_media":0,"parent":0,"menu_order":0,"comment_status":"closed","ping_status":"closed","template":"","meta":{"_acf_changed":false,"footnotes":""},"class_list":["post-4624652","page","type-page","status-publish","hentry"],"acf":[],"aioseo_notices":[],"_links":{"self":[{"href":"https:\/\/www.biavl.dk\/blivbiavler\/wp-json\/wp\/v2\/pages\/4624652","targetHints":{"allow":["GET"]}}],"collection":[{"href":"https:\/\/www.biavl.dk\/blivbiavler\/wp-json\/wp\/v2\/pages"}],"about":[{"href":"https:\/\/www.biavl.dk\/blivbiavler\/wp-json\/wp\/v2\/types\/page"}],"author":[{"embeddable":true,"href":"https:\/\/www.biavl.dk\/blivbiavler\/wp-json\/wp\/v2\/users\/3"}],"replies":[{"embeddable":true,"href":"https:\/\/www.biavl.dk\/blivbiavler\/wp-json\/wp\/v2\/comments?post=4624652"}],"version-history":[{"count":41,"href":"https:\/\/www.biavl.dk\/blivbiavler\/wp-json\/wp\/v2\/pages\/4624652\/revisions"}],"predecessor-version":[{"id":4827623,"href":"https:\/\/www.biavl.dk\/blivbiavler\/wp-json\/wp\/v2\/pages\/4624652\/revisions\/4827623"}],"wp:attachment":[{"href":"https:\/\/www.biavl.dk\/blivbiavler\/wp-json\/wp\/v2\/media?parent=4624652"}],"curies":[{"name":"wp","href":"https:\/\/api.w.org\/{rel}","templated":true}]}}