{"id":4778934,"date":"2024-02-27T12:45:23","date_gmt":"2024-02-27T12:45:23","guid":{"rendered":"https:\/\/www.biavl.dk\/blivbiavler\/?page_id=4778934"},"modified":"2025-01-18T20:54:50","modified_gmt":"2025-01-18T20:54:50","slug":"podcast","status":"publish","type":"page","link":"https:\/\/www.biavl.dk\/blivbiavler\/forside\/podcast\/","title":{"rendered":"Podcast"},"content":{"rendered":"<p>M\u00f8d en r\u00e6kke nye biavlere, som med begejstring fort\u00e6ller om deres f\u00f8rste \u00e5r som biavlere. H\u00f8r hvorfor de i hele taget startede, deres boms p\u00e5 vejen og deres oplevelser til hvor de er i dag.<\/p>\n<p>&nbsp;<\/p>\n<p>&nbsp;<\/p>\n<h1>Episode 1: Jeanettes vej ind i biavlen<\/h1>\n<p>Egentligt var det Jeanettes mand, der ville v\u00e6re biavler. Han var nemlig flere \u00e5r forinden l\u00f8bet ind i en s\u00e6rlig person, der var biavler! Lyt til den sp\u00e6ndende historie.<\/p>\n<p><iframe loading=\"lazy\" style=\"border: none; min-width: min(100%, 430px); height: 150px;\" title=\"Jeanettes vej ind i biavlen. En sp\u00e6ndende historie.\" src=\"https:\/\/www.podbean.com\/player-v2\/?from=embed&amp;i=ka374-158d9b6-pb&amp;share=1&amp;download=1&amp;fonts=Arial&amp;skin=1&amp;font-color=auto&amp;rtl=0&amp;logo_link=episode_page&amp;btn-skin=7&amp;size=150\" width=\"100%\" height=\"150\" scrolling=\"no\" data-name=\"pb-iframe-player\"><\/iframe><\/p>\n<p><a href=\"https:\/\/podcasts.apple.com\/dk\/podcast\/danmarks-biavlerforenings-bi-cast\/id1733483550?i=1000647403113\" target=\"_blank\" rel=\"noopener\">Lyt p\u00e5 Apple Podcast<\/a><\/p>\n<p><a href=\"https:\/\/share.podimo.com\/s\/9j28Rush\" target=\"_blank\" rel=\"noopener\">Lyt p\u00e5 Podimo<\/a><\/p>\n<p><a href=\"https:\/\/open.spotify.com\/episode\/4wLlx5CW3ZXZ2UxJkfMWBw?si=PutYPkn2TMK2boXkwIurTg\" target=\"_blank\" rel=\"noopener\">Lyt p\u00e5 Spotify<\/a><\/p>\n<p>&nbsp;<\/p>\n<h1>\nEpisode 2: Biavl knytter b\u00e5nd<\/h1>\n<p>Andrea var ved at uddanne sig til l\u00e6ge. Hun syntes hun manglede noget andet i hverdagen! Biavl havde l\u00e6nge ligget i baghoved. S\u00e5 ved en middag hjemme ved svigerfamilien fortalte Andrea at det kunne v\u00e6re sjovt at f\u00e5 et bistade. Og s\u00e5 kom svigerfar Jakob p\u00e5 banen, for han havde ogs\u00e5 haft en biavler i maven i mange \u00e5r. H\u00f8r den sp\u00e6ndende historie og hvordan biavlerdr\u00f8mmen blev til virkelighed.<\/p>\n<p>&nbsp;<\/p>\n<p><iframe loading=\"lazy\" style=\"border: none; min-width: min(100%, 430px); height: 150px;\" title=\"Biavl knytter b\u00e5nd\" src=\"https:\/\/www.podbean.com\/player-v2\/?i=jx3in-159efa1-pb&amp;from=pb6admin&amp;share=1&amp;download=1&amp;rtl=0&amp;fonts=Arial&amp;skin=1&amp;font-color=&amp;logo_link=episode_page&amp;btn-skin=7\" width=\"100%\" height=\"150\" scrolling=\"no\" data-name=\"pb-iframe-player\"><\/iframe><span style=\"font-size: 16px;\"><a href=\"https:\/\/podcasts.apple.com\/dk\/podcast\/danmarks-biavlerforenings-bi-cast\/id1733483550?i=1000648083520\">Lyt p\u00e5 Apple Podcast<\/a><\/span><\/p>\n<p><a href=\"https:\/\/share.podimo.com\/s\/Pqi4Fdat\" target=\"_blank\" rel=\"noopener\">Lyt p\u00e5 Podimo<\/a><\/p>\n<p><a href=\"https:\/\/open.spotify.com\/episode\/4IKPiVhSHRVceXj3PZOPRZ?si=ac5cWNqcQ8SppchE6LznBg\" target=\"_blank\" rel=\"noopener\">Lyt p\u00e5 Spotify<\/a><\/p>\n<p>&nbsp;<\/p>\n<p>&nbsp;<\/p>\n<h1>Episode 3: At v\u00e6re hos bierne giver ro<\/h1>\n<p>Torben havde en bedstefar der var biavler. Og nogle gange var Torben heldig og kunne v\u00e6re med n\u00e5r der blev slynget honning. Det var her i barndommen det lille fr\u00f8 blev s\u00e5et. Men det tog mange \u00e5r f\u00f8r det begyndte at spire. Og det g\u00f8r det nu! Torben er vant til at organisere og s\u00e6tte i system og s\u00e5 skal det se ordentligt ud. Torben kommer fra landet og han er opdraget med at ens husdyr skal passes ordentligt og de skal have det godt. Torben og hans kone elsker at st\u00e5 ude i haven og bare lytte.<\/p>\n<p>&nbsp;<\/p>\n<p><iframe loading=\"lazy\" style=\"border: none; min-width: min(100%, 430px); height: 150px;\" title=\"At v\u00e6re hos bierne giver indre ro\" src=\"https:\/\/www.podbean.com\/player-v2\/?from=embed&amp;i=gemar-159fab1-pb&amp;share=1&amp;download=1&amp;fonts=Arial&amp;skin=1&amp;font-color=&amp;rtl=0&amp;logo_link=&amp;btn-skin=7&amp;size=150\" width=\"100%\" height=\"150\" scrolling=\"no\" data-name=\"pb-iframe-player\"><\/iframe><\/p>\n<p><a href=\"https:\/\/podcasts.apple.com\/dk\/podcast\/danmarks-biavlerforenings-bi-cast\/id1733483550?i=1000648949516\" target=\"_blank\" rel=\"noopener\">Lyt p\u00e5 Apple Podcast<\/a><\/p>\n<p><a href=\"https:\/\/share.podimo.com\/s\/r0HglFwW\" target=\"_blank\" rel=\"noopener\">Lyt p\u00e5 Podimo\u00a0<\/a><\/p>\n<p><a href=\"https:\/\/open.spotify.com\/episode\/1jh9RBNU0rCqIwcKFIBNtI?si=ugcQrBQtTkqP7DWZoeGXPQ\" target=\"_blank\" rel=\"noopener\">Lyt p\u00e5 Spotify<\/a><\/p>\n<p>&nbsp;<\/p>\n<p>&nbsp;<\/p>\n<h1>Episode 4: <span style=\"font-size: 16px;\">Middelalderens kvinder som inspiration!<\/span><\/h1>\n<p>Denne episode foreg\u00e5r p\u00e5 pr\u00e6steg\u00e5rden i Slagelse. Grith er pr\u00e6st ved den nydeligste kirke midt inden i Slagelse. Pr\u00e6steg\u00e5rden og haven er standsm\u00e6ssig som det sig h\u00f8r og b\u00f8r. Grith har hendes sp\u00e6ndende historie at fort\u00e6lle om hvordan det hele er startet. Det er noget med en lidt mystisk bedstefar, som kun t\u00e6nker biavl. Men det var is\u00e6r fascinationen af middelalderens historie og det som kvinderne gjorde p\u00e5 den tid.<\/p>\n<p>&nbsp;<\/p>\n<p><iframe loading=\"lazy\" style=\"border: none; min-width: min(100%, 430px); height: 150px;\" title=\"Middelalderens kvinder som inspiration!\" src=\"https:\/\/www.podbean.com\/player-v2\/?from=embed&amp;i=iy4tx-15aa013-pb&amp;share=1&amp;download=1&amp;fonts=Arial&amp;skin=1&amp;font-color=auto&amp;rtl=0&amp;logo_link=episode_page&amp;btn-skin=7&amp;size=150\" width=\"100%\" height=\"150\" scrolling=\"no\" data-name=\"pb-iframe-player\"><\/iframe><\/p>\n<p><a href=\"https:\/\/podcasts.apple.com\/dk\/podcast\/danmarks-biavlerforenings-bi-cast\/id1733483550?i=1000650516144\" target=\"_blank\" rel=\"noopener\">Lyt p\u00e5 Apple Podcast<\/a><\/p>\n<p><a href=\"https:\/\/share.podimo.com\/s\/zK8TCYnM\" target=\"_blank\" rel=\"noopener\">Lyt p\u00e5 Podimo\u00a0<\/a><\/p>\n<p><a href=\"https:\/\/open.spotify.com\/episode\/0gwuKHPSJvVlFwb7g7s2aO?si=ahIxyvlLRny_1bivipUAPg\" target=\"_blank\" rel=\"noopener\">Lyt p\u00e5 Spotify<\/a><\/p>\n<p>&nbsp;<\/p>\n<p>&nbsp;<\/p>\n<p>&nbsp;<\/p>\n<p>&nbsp;<\/p>\n<p>&nbsp;<\/p>\n","protected":false},"excerpt":{"rendered":"<p>M\u00f8d en r\u00e6kke nye biavlere, som med begejstring fort\u00e6ller om deres f\u00f8rste \u00e5r som biavlere. H\u00f8r hvorfor de i hele taget startede, deres boms p\u00e5 vejen og deres oplevelser til hvor de er i dag. &nbsp; &nbsp; Episode 1: Jeanettes vej ind i biavlen Egentligt var det Jeanettes mand, der ville v\u00e6re biavler. Han var <&hellip;><\/p>\n","protected":false},"author":4,"featured_media":0,"parent":19477,"menu_order":0,"comment_status":"closed","ping_status":"closed","template":"","meta":{"_acf_changed":false,"footnotes":""},"class_list":["post-4778934","page","type-page","status-publish","hentry"],"acf":[],"aioseo_notices":[],"_links":{"self":[{"href":"https:\/\/www.biavl.dk\/blivbiavler\/wp-json\/wp\/v2\/pages\/4778934","targetHints":{"allow":["GET"]}}],"collection":[{"href":"https:\/\/www.biavl.dk\/blivbiavler\/wp-json\/wp\/v2\/pages"}],"about":[{"href":"https:\/\/www.biavl.dk\/blivbiavler\/wp-json\/wp\/v2\/types\/page"}],"author":[{"embeddable":true,"href":"https:\/\/www.biavl.dk\/blivbiavler\/wp-json\/wp\/v2\/users\/4"}],"replies":[{"embeddable":true,"href":"https:\/\/www.biavl.dk\/blivbiavler\/wp-json\/wp\/v2\/comments?post=4778934"}],"version-history":[{"count":22,"href":"https:\/\/www.biavl.dk\/blivbiavler\/wp-json\/wp\/v2\/pages\/4778934\/revisions"}],"predecessor-version":[{"id":4817640,"href":"https:\/\/www.biavl.dk\/blivbiavler\/wp-json\/wp\/v2\/pages\/4778934\/revisions\/4817640"}],"up":[{"embeddable":true,"href":"https:\/\/www.biavl.dk\/blivbiavler\/wp-json\/wp\/v2\/pages\/19477"}],"wp:attachment":[{"href":"https:\/\/www.biavl.dk\/blivbiavler\/wp-json\/wp\/v2\/media?parent=4778934"}],"curies":[{"name":"wp","href":"https:\/\/api.w.org\/{rel}","templated":true}]}}