{"id":4799292,"date":"2025-01-17T13:13:21","date_gmt":"2025-01-17T13:13:21","guid":{"rendered":"https:\/\/www.biavl.dk\/blivbiavler\/?page_id=4799292"},"modified":"2026-03-09T13:41:34","modified_gmt":"2026-03-09T13:41:34","slug":"begynderkurser","status":"publish","type":"page","link":"https:\/\/www.biavl.dk\/blivbiavler\/bliv-biavler\/begynderkurser\/","title":{"rendered":"BEGYNDERKURSER"},"content":{"rendered":"<p>I hele landet kan man i l\u00f8bet af for\u00e5ret komme p\u00e5 begynderkursus, hvis man g\u00e5r med en ny biavler i maven. St\u00f8rstedelen af de lokale foreninger under Danmarks Biavlerforening\u00a0afholder kursus for nye biavlere. Kurserne er typisk en kombination af teori og praksis.\u00a0Samtidig f\u00e5r du et netv\u00e6rk til andre biavlere, der kan hj\u00e6lpe dig med de udfordringer, som du eventuel st\u00f8der p\u00e5 i begyndelsen.<\/p>\n<p>Herunder finder du en oversigt oplistet efter postnr. over de forel\u00f8big planlagte begynderkurser i Danmarks Biavlerforenings lokalforeninger. Finder du ikke umiddelbart et begynderkursus i n\u00e6rheden af dig, s\u00e5 hold \u00f8je med l\u00f8bende opdatering af listen, eller kontakt din n\u00e6rmeste <a href=\"https:\/\/www.biavl.dk\/lokale-foreninger\/\" target=\"_blank\" rel=\"noopener\">lokalforening<\/a>.<\/p>\n<p>P\u00e5 begynderkurserne l\u00e6rer du blandt andet om:<\/p>\n<ul>\n<li>Biernes liv<\/li>\n<li>\u00c5rets gang i big\u00e5rden<\/li>\n<li>Materialerne som du skal anvende<\/li>\n<li>Honningproduktion<\/li>\n<li>Og meget mere\u2026<\/li>\n<\/ul>\n<table style=\"border-collapse: collapse; width: 100%;\" border=\"1\">\n<tbody>\n<tr style=\"height: 24px;\">\n<td style=\"width: 33.3333%; height: 24px;\"><strong>Forening:<\/strong><\/td>\n<td style=\"width: 33.3333%; height: 24px;\"><strong>Dato for kursusstart:<\/strong><\/td>\n<td style=\"width: 33.3333%; height: 24px;\"><strong>Postnr.:<\/strong><\/td>\n<\/tr>\n<tr style=\"height: 24px;\">\n<td style=\"width: 33.3333%; height: 24px;\"><a href=\"https:\/\/vokstavlen.dk\/bliv-biavler\/kursus-i-biavl\">K\u00f8benhavns Amts BF<\/a><\/td>\n<td style=\"width: 33.3333%; height: 24px;\">7. april 2026<\/td>\n<td style=\"width: 33.3333%; height: 24px;\">1871 Frederiksberg<\/td>\n<\/tr>\n<tr style=\"height: 24px;\">\n<td style=\"width: 33.3333%; height: 24px;\"><a href=\"https:\/\/www.nbv-biavl.dk\/?Aktiviteter_i_NBV_regi___Begynderkursus_2026\">Nordsj\u00e6llandske Bivenner<\/a><\/td>\n<td style=\"width: 33.3333%; height: 24px;\">7. marts 2026<\/td>\n<td style=\"width: 33.3333%; height: 24px;\">2800 Kgs. Lyngby<\/td>\n<\/tr>\n<tr style=\"height: 24px;\">\n<td style=\"width: 33.3333%; height: 24px;\"><a href=\"https:\/\/www.biavl.dk\/arrangement\/begynderkursus-i-biavl-biskole\/\">Rudersdal BF<\/a><\/td>\n<td style=\"width: 33.3333%; height: 24px;\">12. marts 2026<\/td>\n<td style=\"width: 33.3333%; height: 24px;\">2840 Holte<\/td>\n<\/tr>\n<tr style=\"height: 24px;\">\n<td style=\"width: 33.3333%; height: 24px;\"><a href=\"https:\/\/horsholmbiavl.dk\/praktisk-biavl\/kursus-i-biavl\/begynderkursus\/\">H\u00f8rsholm BF<\/a><\/td>\n<td style=\"width: 33.3333%; height: 24px;\">8. april 2026<\/td>\n<td style=\"width: 33.3333%; height: 24px;\">2960 Rungsted Kyst<\/td>\n<\/tr>\n<tr style=\"height: 24px;\">\n<td style=\"width: 33.3333%; height: 24px;\"><a href=\"https:\/\/lofkurser.dk\/kurser\/naturkurser\/have-og-selvforsyning\/biavl-for-begyndere-id-50400\/\">Kronborg \u00d8stre Birks BF<\/a><\/td>\n<td style=\"width: 33.3333%; height: 24px;\">2. marts 2026<\/td>\n<td style=\"width: 33.3333%; height: 24px;\">3000 Helsing\u00f8r<\/td>\n<\/tr>\n<tr style=\"height: 24px;\">\n<td style=\"width: 33.3333%; height: 24px;\"><a href=\"https:\/\/www.biavl.dk\/medlemmer\/arrangementer\/begynderkursus-2026\/\">Kronborg Vestre Birks BF<\/a><\/td>\n<td style=\"width: 33.3333%; height: 24px;\">17. marts 2026<\/td>\n<td style=\"width: 33.3333%; height: 24px;\">3230 Gr\u00e6sted<\/td>\n<\/tr>\n<tr style=\"height: 24px;\">\n<td style=\"width: 33.3333%; height: 24px;\"><a href=\"http:\/\/www.biavl.dk\/blivbiavler\/wp-content\/uploads\/2026\/01\/Begynderkursus-Bornholms-BF.pdf\">Bornholms BF<\/a><\/td>\n<td style=\"width: 33.3333%; height: 24px;\">4. februar 2026<\/td>\n<td style=\"width: 33.3333%; height: 24px;\">3760 Gudhjem<\/td>\n<\/tr>\n<tr style=\"height: 24px;\">\n<td style=\"width: 33.3333%; height: 24px;\"><a href=\"https:\/\/roskildebi.dk\/begynderkursus\">Gl. Roskilde Amts BF<\/a><\/td>\n<td style=\"width: 33.3333%; height: 24px;\">10. marts 2026<\/td>\n<td style=\"width: 33.3333%; height: 24px;\">4000 Roskilde<\/td>\n<\/tr>\n<tr style=\"height: 24px;\">\n<td style=\"width: 33.3333%; height: 24px;\"><a href=\"https:\/\/midtbi.dk\/\">Midtsj\u00e6llands BF<\/a><\/td>\n<td style=\"width: 33.3333%; height: 24px;\">9. april 2026<\/td>\n<td style=\"width: 33.3333%; height: 24px;\">4180 Sor\u00f8<\/td>\n<\/tr>\n<tr style=\"height: 24px;\">\n<td style=\"width: 33.3333%; height: 24px;\"><a href=\"https:\/\/www.biavl.dk\/medlemmer\/arrangementer\/kursus-for-nybegynder-i-biavl-2026\/\">Slagelse BF<\/a><\/td>\n<td style=\"width: 33.3333%; height: 24px;\">3. marts 2026<\/td>\n<td style=\"width: 33.3333%; height: 24px;\">4200 Slagelse<\/td>\n<\/tr>\n<tr style=\"height: 24px;\">\n<td style=\"width: 33.3333%; height: 24px;\"><a href=\"https:\/\/flakkebjergbiavlerforening.dk\/412039225\">Flakkebjerg Herreds BF<\/a><\/td>\n<td style=\"width: 33.3333%; height: 24px;\">7. april 2026<\/td>\n<td style=\"width: 33.3333%; height: 24px;\">4262 Sandved<\/td>\n<\/tr>\n<tr style=\"height: 24px;\">\n<td style=\"width: 33.3333%; height: 24px;\"><a href=\"https:\/\/nordvestsjaellandsbiavlerforening.dk\/kurser\/\">Nordvestsj\u00e6llands BF<\/a><\/td>\n<td style=\"width: 33.3333%; height: 24px;\">4. marts 2026<\/td>\n<td style=\"width: 33.3333%; height: 24px;\">4470 Sveb\u00f8lle<\/td>\n<\/tr>\n<tr style=\"height: 24px;\">\n<td style=\"width: 33.3333%; height: 24px;\"><a href=\"https:\/\/www.biavl.dk\/medlemmer\/arrangementer\/begynderkursus-24\/\">M\u00f8n-Langeb\u00e6k BF<\/a><\/td>\n<td style=\"width: 33.3333%; height: 24px;\">11. marts 2026<\/td>\n<td style=\"width: 33.3333%; height: 24px;\">4780 Stege<\/td>\n<\/tr>\n<tr style=\"height: 24px;\">\n<td style=\"width: 33.3333%; height: 24px;\"><a href=\"https:\/\/sydhavsgroennebiavl.dk\/\">Sydhavs\u00f8ernes Gr\u00f8nne BF<\/a><\/td>\n<td style=\"width: 33.3333%; height: 24px;\">7. april 2026<\/td>\n<td style=\"width: 33.3333%; height: 24px;\">4840 N\u00f8rre Alslev<\/td>\n<\/tr>\n<tr style=\"height: 24px;\">\n<td style=\"width: 33.3333%; height: 24px;\"><a href=\"https:\/\/lf-biavl.dk\/begynderkursus.html\">Lolland-Falster BF<\/a><\/td>\n<td style=\"width: 33.3333%; height: 24px;\">18. marts 2026<\/td>\n<td style=\"width: 33.3333%; height: 24px;\">4895 Errindlev<\/td>\n<\/tr>\n<tr style=\"height: 24px;\">\n<td style=\"width: 33.3333%; height: 24px;\"><a href=\"https:\/\/www.nordfynbiavl.dk\/begynder\/\">Nordfyns BF<\/a><\/td>\n<td style=\"width: 33.3333%; height: 24px;\">24. marts 2026<\/td>\n<td style=\"width: 33.3333%; height: 24px;\">5471\u00a0S\u00f8nders\u00f8<\/td>\n<\/tr>\n<tr style=\"height: 24px;\">\n<td style=\"width: 33.3333%; height: 24px;\"><a href=\"https:\/\/vh-biavl.dk\/\">Vindinge Herreds BF<\/a><\/td>\n<td style=\"width: 33.3333%; height: 24px;\">11. marts 2026<\/td>\n<td style=\"width: 33.3333%; height: 24px;\">5540 Vindinge Herreds BF<\/td>\n<\/tr>\n<tr style=\"height: 24px;\">\n<td style=\"width: 33.3333%; height: 24px;\"><a href=\"https:\/\/vestfynsbiavlerforening.dk\/begynderkursus\/\">Vestfyns BF<\/a><\/td>\n<td style=\"width: 33.3333%; height: 24px;\">12. marts 2026<\/td>\n<td style=\"width: 33.3333%; height: 24px;\">5560 Aarup<\/td>\n<\/tr>\n<tr style=\"height: 24px;\">\n<td style=\"width: 33.3333%; height: 24px;\"><a href=\"https:\/\/ringe-og-omegns-biavlerforening.dk\/\">Ringe og Omegns BF<\/a><\/td>\n<td style=\"width: 33.3333%; height: 24px;\">26. februar 2026<\/td>\n<td style=\"width: 33.3333%; height: 24px;\">5750 Ringe<\/td>\n<\/tr>\n<tr style=\"height: 24px;\">\n<td style=\"width: 33.3333%; height: 24px;\"><a href=\"https:\/\/www.biavl.dk\/medlemmer\/arrangementer\/begynderkursus-35\/\">Svendborg og Omegns BF<\/a><\/td>\n<td style=\"width: 33.3333%; height: 24px;\">7. april 2026<\/td>\n<td style=\"width: 33.3333%; height: 24px;\">5881 Sk\u00e5rup<\/td>\n<\/tr>\n<tr style=\"height: 24px;\">\n<td style=\"width: 33.3333%; height: 24px;\"><a href=\"http:\/\/www.biavl.dk\/blivbiavler\/wp-content\/uploads\/2026\/01\/Begynderkursus-Langelands-BF.pdf\">Langelands BF<\/a><\/td>\n<td style=\"width: 33.3333%; height: 24px;\">8. april 2026<\/td>\n<td style=\"width: 33.3333%; height: 24px;\">5953 Tranek\u00e6r<\/td>\n<\/tr>\n<tr>\n<td style=\"width: 33.3333%;\"><a href=\"https:\/\/www.biavl.dk\/medlemmer\/arrangementer\/begynderkursus-21\/\">L\u00e6s\u00f8 BF<\/a><\/td>\n<td style=\"width: 33.3333%;\">21. april 2026<\/td>\n<td style=\"width: 33.3333%;\">5960 Marstal<\/td>\n<\/tr>\n<tr style=\"height: 24px;\">\n<td style=\"width: 33.3333%; height: 24px;\"><a href=\"https:\/\/koldingbiavl.dk\/vil-du-vaere-biavler\/\">Kolding og Omegns BF<\/a><\/td>\n<td style=\"width: 33.3333%; height: 24px;\">7. marts 2026<\/td>\n<td style=\"width: 33.3333%; height: 24px;\">6000 Kolding<\/td>\n<\/tr>\n<tr style=\"height: 24px;\">\n<td style=\"width: 33.3333%; height: 24px;\"><a href=\"http:\/\/www.biavl.dk\/blivbiavler\/wp-content\/uploads\/2026\/01\/Begynderkursus-Gl.-Toender-Amts-BF.pdf\">Gl. T\u00f8nder Amts BF<\/a><\/td>\n<td style=\"width: 33.3333%; height: 24px;\">9. marts 2026<\/td>\n<td style=\"width: 33.3333%; height: 24px;\">6372 Bylderup-Bov<\/td>\n<\/tr>\n<tr style=\"height: 24px;\">\n<td style=\"width: 33.3333%; height: 24px;\"><a href=\"https:\/\/www.alssund-biavl.dk\/onewebmedia\/Kursus%20i%20Biavl%20for%20Begyndere%20ved%20Alssund%20Biavlerforening.pdf\">Alssund BF<\/a><\/td>\n<td style=\"width: 33.3333%; height: 24px;\">9. marts 2026<\/td>\n<td style=\"width: 33.3333%; height: 24px;\">6400 S\u00f8nderborg<\/td>\n<\/tr>\n<tr style=\"height: 22px;\">\n<td style=\"width: 33.3333%; height: 22px;\"><a href=\"https:\/\/www.haderslevbiavlerforening.dk\/bliv-biavler\/\">BF for Haderslev og Omegn<\/a><\/td>\n<td style=\"width: 33.3333%; height: 22px;\">25. februar 2026<\/td>\n<td style=\"width: 33.3333%; height: 22px;\">6500 Vojens<\/td>\n<\/tr>\n<tr style=\"height: 24px;\">\n<td style=\"width: 33.3333%; height: 24px;\"><a href=\"https:\/\/www.biavl.dk\/medlemmer\/arrangementer\/kursus-for-nybegyndere-i-biavl\/\">Malt Herreds BF<\/a><\/td>\n<td style=\"width: 33.3333%; height: 24px;\">19. marts 2026<\/td>\n<td style=\"width: 33.3333%; height: 24px;\">6650 Br\u00f8rup<\/td>\n<\/tr>\n<tr style=\"height: 24px;\">\n<td style=\"width: 33.3333%; height: 24px;\"><a href=\"https:\/\/www.biavl.dk\/medlemmer\/arrangementer\/begynder-kursus-2\/\">Aastrup BF<\/a><\/td>\n<td style=\"width: 33.3333%; height: 24px;\">16. marts 2026<\/td>\n<td style=\"width: 33.3333%; height: 24px;\">6752 Glejbjerg<\/td>\n<\/tr>\n<tr style=\"height: 24px;\">\n<td style=\"width: 33.3333%; height: 24px;\"><a href=\"https:\/\/www.biavl.dk\/medlemmer\/arrangementer\/begynderkursus-i-biavl-15\/\">Ribe og Omegns BF<\/a><\/td>\n<td style=\"width: 33.3333%; height: 24px;\">13. april 2026<\/td>\n<td style=\"width: 33.3333%; height: 24px;\">6771 Gredstedbro<\/td>\n<\/tr>\n<tr style=\"height: 24px;\">\n<td style=\"width: 33.3333%; height: 24px;\"><a href=\"https:\/\/www.biavl.dk\/medlemmer\/arrangementer\/begynderkursus-53\/\">Varde og Omegns BF<\/a><\/td>\n<td style=\"width: 33.3333%; height: 24px;\">18. marts 2026<\/td>\n<td style=\"width: 33.3333%; height: 24px;\">6800 Varde<\/td>\n<\/tr>\n<tr style=\"height: 24px;\">\n<td style=\"width: 33.3333%; height: 24px;\"><a href=\"http:\/\/www.biavl.dk\/blivbiavler\/wp-content\/uploads\/2026\/01\/Begynderkusus-Skjern-Omegns-BF.pdf\">Skjern Omegns BF<\/a><\/td>\n<td style=\"width: 33.3333%; height: 24px;\">7. april 2026<\/td>\n<td style=\"width: 33.3333%; height: 24px;\">6900 Skjern<\/td>\n<\/tr>\n<tr style=\"height: 24px;\">\n<td style=\"width: 33.3333%; height: 24px;\"><a href=\"https:\/\/www.facebook.com\/vejlebiavl.dk\">Vejle og Omegns BF<\/a><\/td>\n<td style=\"width: 33.3333%; height: 24px;\">24. marts 2026<\/td>\n<td style=\"width: 33.3333%; height: 24px;\">7100 Vejle<\/td>\n<\/tr>\n<tr style=\"height: 24px;\">\n<td style=\"width: 33.3333%; height: 24px;\"><a href=\"http:\/\/www.biavl.dk\/blivbiavler\/wp-content\/uploads\/2026\/01\/Begynderkursus-Grindsted-og-Omegns-BF.pdf\">Grindsted og Omegns BF<\/a><\/td>\n<td style=\"width: 33.3333%; height: 24px;\">17. marts 2026<\/td>\n<td style=\"width: 33.3333%; height: 24px;\">7200 Grindsted<\/td>\n<\/tr>\n<tr style=\"height: 24px;\">\n<td style=\"width: 33.3333%; height: 24px;\"><a href=\"https:\/\/www.biavl.dk\/medlemmer\/foreninger\/brande-og-omegns-b-f\/\">Brande og Omegns BF<\/a><\/td>\n<td style=\"width: 33.3333%; height: 24px;\">17. marts 2026<\/td>\n<td style=\"width: 33.3333%; height: 24px;\">7330 Brande<\/td>\n<\/tr>\n<tr style=\"height: 24px;\">\n<td style=\"width: 33.3333%; height: 24px;\"><a href=\"http:\/\/www.biavl.dk\/blivbiavler\/wp-content\/uploads\/2026\/01\/Begynderkursus-Noerre-Snede-og-Omegns-BF.pdf\">N\u00f8rre Snede og Omegns BF<\/a><\/td>\n<td style=\"width: 33.3333%; height: 24px;\">17. og 31 marts 2026<\/td>\n<td style=\"width: 33.3333%; height: 24px;\">7361 Ejstrupholm<\/td>\n<\/tr>\n<tr style=\"height: 23px;\">\n<td style=\"width: 33.3333%; height: 23px;\"><a href=\"https:\/\/herningbien.dk\/bliv-biavler-begynder-kursus\/\">Herning og Omegns BF<\/a><\/td>\n<td style=\"width: 33.3333%; height: 23px;\">28. april 2026<\/td>\n<td style=\"width: 33.3333%; height: 23px;\">7400 Herning<\/td>\n<\/tr>\n<tr>\n<td style=\"width: 33.3333%;\"><a href=\"http:\/\/www.biavl.dk\/blivbiavler\/wp-content\/uploads\/2026\/02\/Begynderkursus-Holstebro-og-Omegns-BF-1.pdf\">Holstebro og Omegns BF<\/a><\/td>\n<td style=\"width: 33.3333%;\">7. april 2026<\/td>\n<td style=\"width: 33.3333%;\">7500 Holstebro<\/td>\n<\/tr>\n<tr style=\"height: 24px;\">\n<td style=\"width: 33.3333%; height: 24px;\"><a href=\"http:\/\/www.biavl.dk\/blivbiavler\/wp-content\/uploads\/2026\/01\/Begynderkursus-Nordthy-BF.pdf\">Nordthy BF<\/a><\/td>\n<td style=\"width: 33.3333%; height: 24px;\">23. marts 2026<\/td>\n<td style=\"width: 33.3333%; height: 24px;\">7700 Thisted<\/td>\n<\/tr>\n<tr style=\"height: 24px;\">\n<td style=\"width: 33.3333%; height: 24px;\"><a href=\"https:\/\/sallingogfjendsbiavlerforening.dk\/begynderkursus\">Salling Fjends BF<\/a><\/td>\n<td style=\"width: 33.3333%; height: 24px;\">18. marts 2026<\/td>\n<td style=\"width: 33.3333%; height: 24px;\">7800 Skive<\/td>\n<\/tr>\n<tr style=\"height: 24px;\">\n<td style=\"width: 33.3333%; height: 24px;\"><a href=\"https:\/\/aarhusbiavl.dk\/#:~:text=Vi%20er%20en%20forening%20af%20biavlere%2C%20hvoraf%20de,et%20veletableret%20samarbejde%20med%20andre%20biavlerforeninger%20i%20%C3%98stjylland\">\u00c5rhus og Omegns BF<\/a><\/td>\n<td style=\"width: 33.3333%; height: 24px;\">9. marts 2026<\/td>\n<td style=\"width: 33.3333%; height: 24px;\">8200 \u00c5rhus N<\/td>\n<\/tr>\n<tr style=\"height: 24px;\">\n<td style=\"width: 33.3333%; height: 24px;\"><a href=\"http:\/\/www.odderbiavlerforening.dk\/index.php\/undervisning\/begynderkurser\">Odder og Omegns BF<\/a><\/td>\n<td style=\"width: 33.3333%; height: 24px;\">2. marts 2026<\/td>\n<td style=\"width: 33.3333%; height: 24px;\">8300 Odder<\/td>\n<\/tr>\n<tr style=\"height: 24px;\">\n<td style=\"width: 33.3333%; height: 24px;\"><a href=\"https:\/\/moesbi.dk\/\">Moesg\u00e5rd Biselskab for holistisk biavl<\/a><\/td>\n<td style=\"width: 33.3333%; height: 24px;\">4. marts 2026<\/td>\n<td style=\"width: 33.3333%; height: 24px;\">8340 Malling<\/td>\n<\/tr>\n<tr style=\"height: 24px;\">\n<td style=\"width: 33.3333%; height: 24px;\"><a href=\"https:\/\/www.biavl.dk\/medlemmer\/arrangementer\/kursus-for-nye-biavlere-i-syddjurs\/\">Kal\u00f8vig-egnens BF<\/a><\/td>\n<td style=\"width: 33.3333%; height: 24px;\">23. februar 2026<\/td>\n<td style=\"width: 33.3333%; height: 24px;\">8410 R\u00f8nde<\/td>\n<\/tr>\n<tr style=\"height: 24px;\">\n<td style=\"width: 33.3333%; height: 24px;\"><a href=\"https:\/\/www.biavl.dk\/medlemmer\/arrangementer\/begynderkursus-i-biavl-2026\/\">Hammel og Omegns BF<\/a><\/td>\n<td style=\"width: 33.3333%; height: 24px;\">12. marts 2026<\/td>\n<td style=\"width: 33.3333%; height: 24px;\">8450 Hammel<\/td>\n<\/tr>\n<tr style=\"height: 24px;\">\n<td style=\"width: 33.3333%; height: 24px;\"><a href=\"https:\/\/www.biavl.dk\/medlemmer\/arrangementer\/begynderkursus-34\/\">Norddjurs BF<\/a><\/td>\n<td style=\"width: 33.3333%; height: 24px;\">10. marts 2026<\/td>\n<td style=\"width: 33.3333%; height: 24px;\">8586 \u00d8rum Djurs<\/td>\n<\/tr>\n<tr style=\"height: 24px;\">\n<td style=\"width: 33.3333%; height: 24px;\"><a href=\"http:\/\/www.biavl.dk\/blivbiavler\/wp-content\/uploads\/2026\/01\/Begynderkursus-Silkeborg-BF.pdf\">Silkeborg og Omegns BF<\/a><\/td>\n<td style=\"width: 33.3333%; height: 24px;\">21. marts 2026<\/td>\n<td style=\"width: 33.3333%; height: 24px;\">8600 Silkeborg<\/td>\n<\/tr>\n<tr style=\"height: 24px;\">\n<td style=\"width: 33.3333%; height: 24px;\"><a href=\"https:\/\/skanderbi.dk\/kursus-i-biavl\">Skanderborg og Omegns BF<\/a><\/td>\n<td style=\"width: 33.3333%; height: 24px;\">14. april 2026<\/td>\n<td style=\"width: 33.3333%; height: 24px;\">8660 Skanderborg<\/td>\n<\/tr>\n<tr style=\"height: 24px;\">\n<td style=\"width: 33.3333%; height: 24px;\"><a href=\"https:\/\/www.biavl.dk\/medlemmer\/foreninger\/horsens-b-f\/\">Horsens og Omegns BF<\/a><\/td>\n<td style=\"width: 33.3333%; height: 24px;\">Primo april 2026<\/td>\n<td style=\"width: 33.3333%; height: 24px;\">8700 Horsens<\/td>\n<\/tr>\n<tr style=\"height: 24px;\">\n<td style=\"width: 33.3333%; height: 24px;\"><a href=\"https:\/\/www.biavl.dk\/medlemmer\/arrangementer\/begynderkursus-48\/\">Bjerringbro og Omegns BF<\/a><\/td>\n<td style=\"width: 33.3333%; height: 24px;\">10. marts 2026<\/td>\n<td style=\"width: 33.3333%; height: 24px;\">8850 Bjerringbro<\/td>\n<\/tr>\n<tr style=\"height: 24px;\">\n<td style=\"width: 33.3333%; height: 24px;\"><a href=\"https:\/\/hammel-bi.dk\/bliv-biavler\/\">Hammel og Omegns BF<\/a><\/td>\n<td style=\"width: 33.3333%; height: 24px;\">12. marts 2026<\/td>\n<td style=\"width: 33.3333%; height: 24px;\">8883 Gjern<\/td>\n<\/tr>\n<tr style=\"height: 24px;\">\n<td style=\"width: 33.3333%; height: 24px;\"><a href=\"http:\/\/www.biavl.dk\/blivbiavler\/wp-content\/uploads\/2026\/01\/Begynderkursus-Randers-og-Omegns-BF.pdf\">Randers og Omegns BF<\/a><\/td>\n<td style=\"width: 33.3333%; height: 24px;\">5. marts 2026<\/td>\n<td style=\"width: 33.3333%; height: 24px;\">8920 Randers NV<\/td>\n<\/tr>\n<tr style=\"height: 24px;\">\n<td style=\"width: 33.3333%; height: 24px;\"><a href=\"https:\/\/www.aalborgbiavl.dk\/aktiviteter\/kursus\">Aalborg BF<\/a><\/td>\n<td style=\"width: 33.3333%; height: 24px;\">24. februar 2026<\/td>\n<td style=\"width: 33.3333%; height: 24px;\">9000 Aalborg<\/td>\n<\/tr>\n<tr style=\"height: 24px;\">\n<td style=\"width: 33.3333%; height: 24px;\"><a href=\"http:\/\/www.biavl.dk\/blivbiavler\/wp-content\/uploads\/2026\/01\/Begynderkursus-Vesthimmerlands-BF-1.pdf\">Vesthimmerlands BF<\/a><\/td>\n<td style=\"width: 33.3333%; height: 24px;\">17. marts 2026<\/td>\n<td style=\"width: 33.3333%; height: 24px;\">9640 Fars\u00f8<\/td>\n<\/tr>\n<\/tbody>\n<\/table>\n<p>Finder du ikke umiddelbart et begynderkursus i n\u00e6rheden af dig, s\u00e5 hold \u00f8je med l\u00f8bende opdatering af listen, eller kontakt din n\u00e6rmeste lokalforening:<\/p>\n","protected":false},"excerpt":{"rendered":"<p>I hele landet kan man i l\u00f8bet af for\u00e5ret komme p\u00e5 begynderkursus, hvis man g\u00e5r med en ny biavler i maven. St\u00f8rstedelen af de lokale foreninger under Danmarks Biavlerforening\u00a0afholder kursus for nye biavlere. Kurserne er typisk en kombination af teori og praksis.\u00a0Samtidig f\u00e5r du et netv\u00e6rk til andre biavlere, der kan hj\u00e6lpe dig med de <&hellip;><\/p>\n","protected":false},"author":4,"featured_media":0,"parent":59,"menu_order":5,"comment_status":"closed","ping_status":"closed","template":"page-map2.php","meta":{"_acf_changed":false,"footnotes":""},"class_list":["post-4799292","page","type-page","status-publish","hentry"],"acf":[],"aioseo_notices":[],"_links":{"self":[{"href":"https:\/\/www.biavl.dk\/blivbiavler\/wp-json\/wp\/v2\/pages\/4799292","targetHints":{"allow":["GET"]}}],"collection":[{"href":"https:\/\/www.biavl.dk\/blivbiavler\/wp-json\/wp\/v2\/pages"}],"about":[{"href":"https:\/\/www.biavl.dk\/blivbiavler\/wp-json\/wp\/v2\/types\/page"}],"author":[{"embeddable":true,"href":"https:\/\/www.biavl.dk\/blivbiavler\/wp-json\/wp\/v2\/users\/4"}],"replies":[{"embeddable":true,"href":"https:\/\/www.biavl.dk\/blivbiavler\/wp-json\/wp\/v2\/comments?post=4799292"}],"version-history":[{"count":132,"href":"https:\/\/www.biavl.dk\/blivbiavler\/wp-json\/wp\/v2\/pages\/4799292\/revisions"}],"predecessor-version":[{"id":4868953,"href":"https:\/\/www.biavl.dk\/blivbiavler\/wp-json\/wp\/v2\/pages\/4799292\/revisions\/4868953"}],"up":[{"embeddable":true,"href":"https:\/\/www.biavl.dk\/blivbiavler\/wp-json\/wp\/v2\/pages\/59"}],"wp:attachment":[{"href":"https:\/\/www.biavl.dk\/blivbiavler\/wp-json\/wp\/v2\/media?parent=4799292"}],"curies":[{"name":"wp","href":"https:\/\/api.w.org\/{rel}","templated":true}]}}