{"id":55,"date":"2016-03-14T10:22:30","date_gmt":"2016-03-14T10:22:30","guid":{"rendered":"http:\/\/vonbulow.org\/bliv-biavler\/?page_id=55"},"modified":"2025-07-12T10:06:06","modified_gmt":"2025-07-12T10:06:06","slug":"medlemsfordele","status":"publish","type":"page","link":"https:\/\/www.biavl.dk\/blivbiavler\/medlemsfordele\/","title":{"rendered":"BLIV MEDLEM"},"content":{"rendered":"<h2><strong>Danmarks Biavlerforening &#8211; for styrke og faglighed i dansk biavl<\/strong><\/h2>\n<p>Danmarks Biavlerforening er videns- og interesseorganisation for dig og alle andre biavlere i Danmark. Foreningen er stiftet den 5. juli 1866 og har siden starten arbejdet aktivt for at udbrede biavlen og skabe bedst mulige vilk\u00e5r for bierne og biavlen. Som medlem f\u00e5r du en lang r\u00e6kke fordele og services, og du er med til at sikre foreningens arbejde for biavlen i Danmark.<\/p>\n<p>L\u00e6s mere om medlemsfordelene i menuen herunder<\/p>\n<p>eller<\/p>\n<h1><a href=\"https:\/\/www.biavl.dk\/medlemmer\/bliv-medlem\/\" target=\"_blank\" rel=\"noopener\"><span style=\"color: #99cc00;\">klik her for at blive medlem.<\/span><\/a><\/h1>\n<p>&nbsp;<\/p>\n","protected":false},"excerpt":{"rendered":"<p>Danmarks Biavlerforening &#8211; for styrke og faglighed i dansk biavl Danmarks Biavlerforening er videns- og interesseorganisation for dig og alle andre biavlere i Danmark. Foreningen er stiftet den 5. juli 1866 og har siden starten arbejdet aktivt for at udbrede biavlen og skabe bedst mulige vilk\u00e5r for bierne og biavlen. Som medlem f\u00e5r du en <&hellip;><\/p>\n","protected":false},"author":1,"featured_media":0,"parent":0,"menu_order":7,"comment_status":"closed","ping_status":"closed","template":"page_forside_under.php","meta":{"_acf_changed":false,"footnotes":""},"class_list":["post-55","page","type-page","status-publish","hentry"],"acf":[],"aioseo_notices":[],"_links":{"self":[{"href":"https:\/\/www.biavl.dk\/blivbiavler\/wp-json\/wp\/v2\/pages\/55","targetHints":{"allow":["GET"]}}],"collection":[{"href":"https:\/\/www.biavl.dk\/blivbiavler\/wp-json\/wp\/v2\/pages"}],"about":[{"href":"https:\/\/www.biavl.dk\/blivbiavler\/wp-json\/wp\/v2\/types\/page"}],"author":[{"embeddable":true,"href":"https:\/\/www.biavl.dk\/blivbiavler\/wp-json\/wp\/v2\/users\/1"}],"replies":[{"embeddable":true,"href":"https:\/\/www.biavl.dk\/blivbiavler\/wp-json\/wp\/v2\/comments?post=55"}],"version-history":[{"count":14,"href":"https:\/\/www.biavl.dk\/blivbiavler\/wp-json\/wp\/v2\/pages\/55\/revisions"}],"predecessor-version":[{"id":4821134,"href":"https:\/\/www.biavl.dk\/blivbiavler\/wp-json\/wp\/v2\/pages\/55\/revisions\/4821134"}],"wp:attachment":[{"href":"https:\/\/www.biavl.dk\/blivbiavler\/wp-json\/wp\/v2\/media?parent=55"}],"curies":[{"name":"wp","href":"https:\/\/api.w.org\/{rel}","templated":true}]}}