{"id":59,"date":"2016-03-14T10:23:27","date_gmt":"2016-03-14T10:23:27","guid":{"rendered":"http:\/\/vonbulow.org\/bliv-biavler\/?page_id=59"},"modified":"2025-08-20T07:11:08","modified_gmt":"2025-08-20T07:11:08","slug":"bliv-biavler","status":"publish","type":"page","link":"https:\/\/www.biavl.dk\/blivbiavler\/bliv-biavler\/","title":{"rendered":"BLIV BIAVLER"},"content":{"rendered":"<p>Som biavler kommer du helt t\u00e6t p\u00e5 naturen, og du bliver gang p\u00e5 gang fascineret af de oplevelser som bierne giver dig. Samtidig f\u00e5r du mulighed for at producere din egen honning og bidrage til best\u00f8vningen af afgr\u00f8der og vilde planter i naturen.<\/p>\n<p><strong>Begynderkurser<\/strong><\/p>\n<p>Du kan l\u00e6se dig til meget, men du bliver f\u00f8rst en god biavler, n\u00e5r du oplever det l\u00e6rerige samv\u00e6r med andre, der har samme interesse. Det kan du gennem de lokale biavlerforeninger, som blandt andet tilbyder begynderkurser og andre aktiviteter for biavlere i dit lokalomr\u00e5de.<\/p>\n<p><a href=\"http:\/\/www.biavl.dk\/blivbiavler\/bliv-biavler\/begynderkurser\/\">L\u00e6s mere om begynderkurserne og find din n\u00e6rmeste lokalforening.<\/a><\/p>\n<p><strong>Startpakken<\/strong><\/p>\n<p>For at hj\u00e6lpe dig godt i gang som biavler, s\u00e5 har Danmarks Biavlerforening i samarbejde med Materielforhandlerforeningen udarbejdet et tilbud p\u00e5 en samlet pakke, som indeholder det basale til, at du kan komme i gang som biavler.<\/p>\n<p><a href=\"http:\/\/www.biavl.dk\/blivbiavler\/hvad-faar-du\/startpakken\/\">L\u00e6s mere om Startpakken.<\/a><\/p>\n<p><strong>Bliv medlem af Danmarks Biavlerforening<\/strong><\/p>\n<p>Som biavler kan du blive en del af et f\u00e6llesskab med 6000 andre biavlere i Danmarks Biavlerforening. Alle er medlem gennem en af foreningens 83 lokalforeninger, hvor du kan deltage i lokale aktiviteter. Som medlem f\u00e5r du hver m\u00e5ned medlemsbladet Tidsskrift for Biavl, og du er omfattet af foreningens ansvarsforsikringer, samt en lang r\u00e6kke andre fordele.<\/p>\n<p><a href=\"https:\/\/www.biavl.dk\/medlemmer\/bliv-medlem\/\">L\u00e6s mere om medlemskabet af Danmarks Biavlerforening.<\/a><\/p>\n<p>Meld dig ind i Danmarks\u00a0Biavlerforening via\u00a0<a href=\"http:\/\/webshop.winkas.net\/side.asp?shopid=7077&amp;side=5\" target=\"_blank\" rel=\"noopener\">Bishoppen<\/a>.<\/p>\n<p><a href=\"http:\/\/www.biavl.dk\/blivbiavler\/lokale-foreninger\/\">Find din lokale forening her<\/a>\u00a0&#8211; eller\u00a0<a href=\"http:\/\/www.biavl.dk\/blivbiavler\/kontakt\/\">kontakt Danmarks Biavlerforening<\/a>\u00a0for yderligere informationer eller medlemskab.\u00a0Vi r\u00e5dgiver gerne om hvilken lokalforening der ligger n\u00e6rmest dig.<\/p>\n<p><strong>Biavl for begyndere<\/strong><br \/>\nHer finder du Danmarks Biavlerforenings h\u00e6fte Biavl for begyndere. H\u00e6ftet er tilt\u00e6nkt interesserede, som gerne vil have et indblik i biavlen.<\/p>\n<p><img loading=\"lazy\" decoding=\"async\" width=\"213\" height=\"300\" class=\"alignnone size-medium wp-image-560645\" src=\"http:\/\/www.biavl.dk\/blivbiavler\/wp-content\/uploads\/2016\/03\/BiavlForBegyndere_Forside-213x300.jpg\" alt=\"\" srcset=\"https:\/\/www.biavl.dk\/blivbiavler\/wp-content\/uploads\/2016\/03\/BiavlForBegyndere_Forside-213x300.jpg 213w, https:\/\/www.biavl.dk\/blivbiavler\/wp-content\/uploads\/2016\/03\/BiavlForBegyndere_Forside.jpg 670w\" sizes=\"auto, (max-width: 213px) 100vw, 213px\" \/><\/p>\n<p><a href=\"http:\/\/www.biavl.dk\/blivbiavler\/wp-content\/uploads\/2024\/04\/Biavl-for-begyndere-2024.pdf\" target=\"_blank\" rel=\"noopener\">Download Biavl for begyndere gratis.<\/a><\/p>\n","protected":false},"excerpt":{"rendered":"<p>Som biavler kommer du helt t\u00e6t p\u00e5 naturen, og du bliver gang p\u00e5 gang fascineret af de oplevelser som bierne giver dig. Samtidig f\u00e5r du mulighed for at producere din egen honning og bidrage til best\u00f8vningen af afgr\u00f8der og vilde planter i naturen. Begynderkurser Du kan l\u00e6se dig til meget, men du bliver f\u00f8rst en <&hellip;><\/p>\n","protected":false},"author":1,"featured_media":0,"parent":0,"menu_order":8,"comment_status":"closed","ping_status":"closed","template":"","meta":{"_acf_changed":false,"footnotes":""},"class_list":["post-59","page","type-page","status-publish","hentry"],"acf":[],"aioseo_notices":[],"_links":{"self":[{"href":"https:\/\/www.biavl.dk\/blivbiavler\/wp-json\/wp\/v2\/pages\/59","targetHints":{"allow":["GET"]}}],"collection":[{"href":"https:\/\/www.biavl.dk\/blivbiavler\/wp-json\/wp\/v2\/pages"}],"about":[{"href":"https:\/\/www.biavl.dk\/blivbiavler\/wp-json\/wp\/v2\/types\/page"}],"author":[{"embeddable":true,"href":"https:\/\/www.biavl.dk\/blivbiavler\/wp-json\/wp\/v2\/users\/1"}],"replies":[{"embeddable":true,"href":"https:\/\/www.biavl.dk\/blivbiavler\/wp-json\/wp\/v2\/comments?post=59"}],"version-history":[{"count":33,"href":"https:\/\/www.biavl.dk\/blivbiavler\/wp-json\/wp\/v2\/pages\/59\/revisions"}],"predecessor-version":[{"id":4843202,"href":"https:\/\/www.biavl.dk\/blivbiavler\/wp-json\/wp\/v2\/pages\/59\/revisions\/4843202"}],"wp:attachment":[{"href":"https:\/\/www.biavl.dk\/blivbiavler\/wp-json\/wp\/v2\/media?parent=59"}],"curies":[{"name":"wp","href":"https:\/\/api.w.org\/{rel}","templated":true}]}}