{"id":61,"date":"2016-03-14T10:23:47","date_gmt":"2016-03-14T10:23:47","guid":{"rendered":"http:\/\/vonbulow.org\/bliv-biavler\/?page_id=61"},"modified":"2024-12-02T12:09:41","modified_gmt":"2024-12-02T12:09:41","slug":"lokale-foreninger","status":"publish","type":"page","link":"https:\/\/www.biavl.dk\/blivbiavler\/lokale-foreninger\/","title":{"rendered":"LOKALFORENINGER"},"content":{"rendered":"<p>Lokalforeningerne st\u00e5r klar til at hj\u00e6lpe dig i gang, s\u00e5 du kan undg\u00e5 de v\u00e6rste problemer, som enhver begynder risikerer at f\u00e5. Som medlem kan du:<\/p>\n<p>\u2022 Deltage i begynderkursus<\/p>\n<p>\u2022 L\u00e6re det praktiske i en skolebig\u00e5rd<\/p>\n<p>\u2022 M\u00f8de andre biavlere<\/p>\n<p>\u2022 F\u00e5 hj\u00e6lp til at anskaffe bier<\/p>\n<p>\u2022 F\u00e5 r\u00e5d om indretning af din egen big\u00e5rd<\/p>\n<p>\u2022 M\u00f8de andre nybegyndere<\/p>\n<p><a href=\"https:\/\/www.biavl.dk\/medlemmer\/medlemmer\/lokale-foreninger\/\" target=\"_blank\" rel=\"noopener\">Se alle foreninger<\/a><\/p>\n","protected":false},"excerpt":{"rendered":"<p>Lokalforeningerne st\u00e5r klar til at hj\u00e6lpe dig i gang, s\u00e5 du kan undg\u00e5 de v\u00e6rste problemer, som enhver begynder risikerer at f\u00e5. Som medlem kan du: \u2022 Deltage i begynderkursus \u2022 L\u00e6re det praktiske i en skolebig\u00e5rd \u2022 M\u00f8de andre biavlere \u2022 F\u00e5 hj\u00e6lp til at anskaffe bier \u2022 F\u00e5 r\u00e5d om indretning af din <&hellip;><\/p>\n","protected":false},"author":1,"featured_media":0,"parent":0,"menu_order":9,"comment_status":"closed","ping_status":"closed","template":"","meta":{"_acf_changed":false,"footnotes":""},"class_list":["post-61","page","type-page","status-publish","hentry"],"acf":[],"aioseo_notices":[],"_links":{"self":[{"href":"https:\/\/www.biavl.dk\/blivbiavler\/wp-json\/wp\/v2\/pages\/61","targetHints":{"allow":["GET"]}}],"collection":[{"href":"https:\/\/www.biavl.dk\/blivbiavler\/wp-json\/wp\/v2\/pages"}],"about":[{"href":"https:\/\/www.biavl.dk\/blivbiavler\/wp-json\/wp\/v2\/types\/page"}],"author":[{"embeddable":true,"href":"https:\/\/www.biavl.dk\/blivbiavler\/wp-json\/wp\/v2\/users\/1"}],"replies":[{"embeddable":true,"href":"https:\/\/www.biavl.dk\/blivbiavler\/wp-json\/wp\/v2\/comments?post=61"}],"version-history":[{"count":4,"href":"https:\/\/www.biavl.dk\/blivbiavler\/wp-json\/wp\/v2\/pages\/61\/revisions"}],"predecessor-version":[{"id":4811599,"href":"https:\/\/www.biavl.dk\/blivbiavler\/wp-json\/wp\/v2\/pages\/61\/revisions\/4811599"}],"wp:attachment":[{"href":"https:\/\/www.biavl.dk\/blivbiavler\/wp-json\/wp\/v2\/media?parent=61"}],"curies":[{"name":"wp","href":"https:\/\/api.w.org\/{rel}","templated":true}]}}