{"id":92,"date":"2016-03-14T12:30:36","date_gmt":"2016-03-14T12:30:36","guid":{"rendered":"http:\/\/vonbulow.org\/bliv-biavler\/?page_id=92"},"modified":"2025-02-11T11:00:23","modified_gmt":"2025-02-11T11:00:23","slug":"raadgivning-og-faglighed","status":"publish","type":"page","link":"https:\/\/www.biavl.dk\/blivbiavler\/medlemsfordele\/raadgivning-og-faglighed\/","title":{"rendered":"R\u00c5DGIVNING OG FAGLIGHED"},"content":{"rendered":"<p>Som vidensorganisation for Danmarks biavlere spiller det faglige arbejde en stor rolle. Danmarks Biavlerforeningens<br \/>\nkonsulenter gennemf\u00f8rer projekter, der har til form\u00e5l at videreudvikle forskning til praktisk viden for biavlere. Projekterne omfatter ogs\u00e5 overv\u00e5gningsaktiviteter, der indsamler viden om biernes sundhed, og produktudviklingsprojekter, som afd\u00e6kker nye produktionsmetoder. Vigtigt for foreningens projekter er, at de gennemf\u00f8res i samarbejde med biavlerne og genererer viden til alle landets biavlere.<\/p>\n<p>Som medlem af Danmarks Biavlerforening, kan du blandt andet f\u00e5 udbytte af foreningens faglige viden p\u00e5 f\u00f8lgende m\u00e5de:<\/p>\n<ul>\n<li>Gratis telefonr\u00e5dgivning fra foreningens konsulenter<\/li>\n<li>Mulighed for at deltage i foreningens projekter<\/li>\n<li>Deltage i faglige foredrag rundt i landet<\/li>\n<li>L\u00e6s de faglige artikler i foreningens medier<\/li>\n<\/ul>\n","protected":false},"excerpt":{"rendered":"<p>Som vidensorganisation for Danmarks biavlere spiller det faglige arbejde en stor rolle. Danmarks Biavlerforeningens konsulenter gennemf\u00f8rer projekter, der har til form\u00e5l at videreudvikle forskning til praktisk viden for biavlere. Projekterne omfatter ogs\u00e5 overv\u00e5gningsaktiviteter, der indsamler viden om biernes sundhed, og produktudviklingsprojekter, som afd\u00e6kker nye produktionsmetoder. Vigtigt for foreningens projekter er, at de gennemf\u00f8res i samarbejde <&hellip;><\/p>\n","protected":false},"author":1,"featured_media":0,"parent":55,"menu_order":2,"comment_status":"closed","ping_status":"closed","template":"page_vis_under.php","meta":{"_acf_changed":false,"footnotes":""},"class_list":["post-92","page","type-page","status-publish","hentry"],"acf":[],"aioseo_notices":[],"_links":{"self":[{"href":"https:\/\/www.biavl.dk\/blivbiavler\/wp-json\/wp\/v2\/pages\/92","targetHints":{"allow":["GET"]}}],"collection":[{"href":"https:\/\/www.biavl.dk\/blivbiavler\/wp-json\/wp\/v2\/pages"}],"about":[{"href":"https:\/\/www.biavl.dk\/blivbiavler\/wp-json\/wp\/v2\/types\/page"}],"author":[{"embeddable":true,"href":"https:\/\/www.biavl.dk\/blivbiavler\/wp-json\/wp\/v2\/users\/1"}],"replies":[{"embeddable":true,"href":"https:\/\/www.biavl.dk\/blivbiavler\/wp-json\/wp\/v2\/comments?post=92"}],"version-history":[{"count":6,"href":"https:\/\/www.biavl.dk\/blivbiavler\/wp-json\/wp\/v2\/pages\/92\/revisions"}],"predecessor-version":[{"id":4821138,"href":"https:\/\/www.biavl.dk\/blivbiavler\/wp-json\/wp\/v2\/pages\/92\/revisions\/4821138"}],"up":[{"embeddable":true,"href":"https:\/\/www.biavl.dk\/blivbiavler\/wp-json\/wp\/v2\/pages\/55"}],"wp:attachment":[{"href":"https:\/\/www.biavl.dk\/blivbiavler\/wp-json\/wp\/v2\/media?parent=92"}],"curies":[{"name":"wp","href":"https:\/\/api.w.org\/{rel}","templated":true}]}}