{"id":95,"date":"2016-03-14T12:30:47","date_gmt":"2016-03-14T12:30:47","guid":{"rendered":"http:\/\/vonbulow.org\/bliv-biavler\/?page_id=95"},"modified":"2025-02-11T11:02:46","modified_gmt":"2025-02-11T11:02:46","slug":"digitale-muligheder","status":"publish","type":"page","link":"https:\/\/www.biavl.dk\/blivbiavler\/medlemsfordele\/digitale-muligheder\/","title":{"rendered":"DIGITALE MULIGHEDER"},"content":{"rendered":"<p>Nyheder og omtale af en lang r\u00e6kke emner finder du ogs\u00e5 p\u00e5 hjemmesiden <a href=\"http:\/\/www.biavl.dk\" target=\"_blank\" rel=\"noopener\">www.biavl.dk<\/a>. Som medlem kan\u00a0du logge ind, og f\u00e5 adgang til s\u00e6rlige dele af hjemmesiden, ligesom du kan dr\u00f8fte forskellige biavlsrelaterede emner p\u00e5 <a href=\"http:\/\/www.biavlerforum.dk\" target=\"_blank\" rel=\"noopener\">www.biavlerforum.dk<\/a>.<\/p>\n<p>Et digitalt stadekortsprogram, og forskellige digitale varslingssystemer, giver dig som medlem de nyeste digitale muligheder. Endelig udsendes med j\u00e6vnlige mellemrum nyhedsbrevet BIAVLER\u2022NYT, der indeholder anbefalinger til din biavl og aktuelle nyheder.<\/p>\n<p>Du kan som medlem holde dig digitalt opdateret p\u00e5 f\u00f8lgende m\u00e5der:<\/p>\n<ul>\n<li>Nyhedsbrevet BIAVLER\u2022NYT, der sendes til din mailbox<\/li>\n<li>Finde information og viden p\u00e5 www.biavl.dk<\/li>\n<li>Deltage i den faglige debat p\u00e5 www.biavlerforum.dk<\/li>\n<li>Bruge de nyeste digitale muligheder og varslingssystemer p\u00e5 <a href=\"http:\/\/www.stadev\u00e6gt.dk\" target=\"_blank\" rel=\"noopener\">www.stadev\u00e6gt.dk<\/a>, <a href=\"http:\/\/www.varroa.dk\" target=\"_blank\" rel=\"noopener\">www.varroa.dk<\/a>, <a href=\"http:\/\/www.stadekort.dk\" target=\"_blank\" rel=\"noopener\">www.stadekort.dk<\/a><\/li>\n<\/ul>\n","protected":false},"excerpt":{"rendered":"<p>Nyheder og omtale af en lang r\u00e6kke emner finder du ogs\u00e5 p\u00e5 hjemmesiden www.biavl.dk. Som medlem kan\u00a0du logge ind, og f\u00e5 adgang til s\u00e6rlige dele af hjemmesiden, ligesom du kan dr\u00f8fte forskellige biavlsrelaterede emner p\u00e5 www.biavlerforum.dk. Et digitalt stadekortsprogram, og forskellige digitale varslingssystemer, giver dig som medlem de nyeste digitale muligheder. Endelig udsendes med j\u00e6vnlige <&hellip;><\/p>\n","protected":false},"author":1,"featured_media":0,"parent":55,"menu_order":6,"comment_status":"closed","ping_status":"closed","template":"page_vis_under.php","meta":{"_acf_changed":false,"footnotes":""},"class_list":["post-95","page","type-page","status-publish","hentry"],"acf":[],"aioseo_notices":[],"_links":{"self":[{"href":"https:\/\/www.biavl.dk\/blivbiavler\/wp-json\/wp\/v2\/pages\/95","targetHints":{"allow":["GET"]}}],"collection":[{"href":"https:\/\/www.biavl.dk\/blivbiavler\/wp-json\/wp\/v2\/pages"}],"about":[{"href":"https:\/\/www.biavl.dk\/blivbiavler\/wp-json\/wp\/v2\/types\/page"}],"author":[{"embeddable":true,"href":"https:\/\/www.biavl.dk\/blivbiavler\/wp-json\/wp\/v2\/users\/1"}],"replies":[{"embeddable":true,"href":"https:\/\/www.biavl.dk\/blivbiavler\/wp-json\/wp\/v2\/comments?post=95"}],"version-history":[{"count":8,"href":"https:\/\/www.biavl.dk\/blivbiavler\/wp-json\/wp\/v2\/pages\/95\/revisions"}],"predecessor-version":[{"id":4821142,"href":"https:\/\/www.biavl.dk\/blivbiavler\/wp-json\/wp\/v2\/pages\/95\/revisions\/4821142"}],"up":[{"embeddable":true,"href":"https:\/\/www.biavl.dk\/blivbiavler\/wp-json\/wp\/v2\/pages\/55"}],"wp:attachment":[{"href":"https:\/\/www.biavl.dk\/blivbiavler\/wp-json\/wp\/v2\/media?parent=95"}],"curies":[{"name":"wp","href":"https:\/\/api.w.org\/{rel}","templated":true}]}}