{"id":101341,"date":"2019-05-13T05:41:33","date_gmt":"2019-05-13T05:41:33","guid":{"rendered":"https:\/\/www.biavl.dk\/medlemmer\/?page_id=101341"},"modified":"2024-02-28T12:58:26","modified_gmt":"2024-02-28T12:58:26","slug":"cookies","status":"publish","type":"page","link":"https:\/\/www.biavl.dk\/medlemmer\/cookies\/","title":{"rendered":"Cookies"},"content":{"rendered":"<p>&nbsp;<\/p>\n<p>Hvad er en cookie, hvad betyder cookies for dig, og hvilke muligheder har du for at h\u00e5ndtere dem? L\u00e6s her om cookies generelt, og hvilke cookies vi bruger p\u00e5 biavl.dk\/medlemmer.<\/p>\n<p><b>Hvad er cookies?<br \/>\n<\/b>En cookie er en datafil, som hjemmesider gemmer p\u00e5 din computer for, at de kan genkende computeren n\u00e6ste gang, du bes\u00f8ger siden. Cookies sendes frem og tilbage mellem din browser og en webserver og indeholder information om for eksempel:<\/p>\n<ul>\n<li>brugerindstillinger<\/li>\n<li>hvordan hjemmesiden benyttes<\/li>\n<li>indhold af indk\u00f8bskurv<\/li>\n<\/ul>\n<p>En cookie er en passiv fil og kan ikke sprede computervirus eller andre skadelige programmer. Oftest hj\u00e6lper de med at analysere, hvordan hjemmesiden benyttes, for at webredaktionen kan forbedre brugeroplevelsen. I flere tilf\u00e6lde kan cookies v\u00e6re n\u00f8dvendige for at levere en service.<\/p>\n<p><b>Typer af cookies<br \/>\n<\/b>Cookies slettes som oftest automatisk fra browseren, n\u00e5r den lukkes (s\u00e5kaldte session-cookies). Cookies kan dog ogs\u00e5 indstilles med et udl\u00f8bstidspunkt, s\u00e5 data eksisterer i en kortere eller l\u00e6ngere periode (persistent cookies). Persistent cookies gemmes typisk p\u00e5 harddisken.<\/p>\n<p>Desuden skelner man normalt mellem f\u00f8rstepartscookies og tredjepartscookies. F\u00f8rstepartscookies afs\u00e6ttes af den side, som brugeren bes\u00f8ger. Tredjepartscookies afs\u00e6ttes af en tredjepart, som har elementer indlejret p\u00e5 den side, som brugeren bes\u00f8ger.<\/p>\n<p><b>Cookies p\u00e5 biavl.dk\/medlemmer<br \/>\n<\/b>P\u00e5 biavl.dk\/medlemmer bruger vi prim\u00e6rt cookies til webanalyse med henblik p\u00e5 at optimere brugernes oplevelse af hjemmesiden.<\/p>\n<p><b>Cookies fra webanalysev\u00e6rkt\u00f8jet Google Analytics<br \/>\n<\/b>P\u00e5 biavl.dk\/medlemmer bruger vi Google Analytics for at analysere, hvordan brugerne anvender hjemmesiden. De oplysninger, som cookien indsamler om din brug (trafikdata, herunder din IP-adresse), sendes til og gemmes p\u00e5 Googles servere i USA.<\/p>\n<p>Google bruger oplysningerne til at evaluere din brug af hjemmesiden, udarbejde rapporter om aktiviteten p\u00e5 hjemmesiden og yde andre tjenester i tilknytning til aktiviteten p\u00e5 hjemmesiden og brugen af internettet. Google kan ogs\u00e5 videregive oplysningerne til tredjemand, hvis loven kr\u00e6ver det, eller hvis tredjemand behandler oplysningerne p\u00e5 Googles vegne.<\/p>\n<p>Google Analytics s\u00e6tter to typer cookies:<\/p>\n<ul>\n<li>En persistent cookie, der viser, om brugeren er tilbagevendende, hvor brugeren kommer fra, hvilken s\u00f8gemaskine, der er brugt, keywords osv.<\/li>\n<li>Sessionscookies, som bruges til at vise, hvorn\u00e5r og hvor l\u00e6nge en bruger er p\u00e5 sitet. Sessionscookies udl\u00f8ber efter hver session, det vil sige, n\u00e5r du lukker din fane eller browser<\/li>\n<\/ul>\n<p>Google sammenk\u00f8rer ikke din IP-adresse med andre oplysninger, som Google ligger inde med.<\/p>\n<p><a href=\"http:\/\/code.google.com\/intl\/da\/apis\/analytics\/docs\/concepts\/gaConceptsCookies.html#HowGAUsesCookies\" target=\"_blank\" rel=\"noopener noreferrer\">L\u00e6s mere om Google Analytics cookies: &#8220;How Google Analytics uses Cookies&#8221;<\/a><\/p>\n<p>&nbsp;<\/p>\n<p><b>S\u00e5dan afviser du brugen af cookies<br \/>\n<\/b>Du kan afvise lagring af cookies p\u00e5 din computer ved at v\u00e6lge de relevante indstillinger i din browser. V\u00e6r dog opm\u00e6rksom p\u00e5, at uden cookies kan du m\u00e5ske ikke bruge alle hjemmesidens funktioner. Eftersom en cookie befinder sig hos dig som klient, er det altid muligt for dig at se, \u00e6ndre eller slette disse cookies. Vi h\u00e5ber, at du vil tillade de cookies, vi s\u00e6tter, da de hj\u00e6lper os med at forbedre hjemmesiden.<\/p>\n<p>\u00d8nsker du ikke at modtage cookies fra biavl.dk\/medlemmer, kan du i de fleste nyere browsere v\u00e6lge avancerede cookieindstillinger under internetindstillinger og tilf\u00f8je dette dom\u00e6ne til listen over websites, du vil blokere cookies fra.<\/p>\n<p>Her kan du ogs\u00e5 slette individuelle cookies eller alle de cookies, som din browser har gemt.<\/p>\n<p>Hvis du s\u00e6tter din browser op til at n\u00e6gte cookies, skal du v\u00e6re opm\u00e6rksom p\u00e5, at der kan v\u00e6re funktionalitet p\u00e5 forskellige hjemmesider, der ikke virker.<\/p>\n<p><b>Afvisning af cookies fra Google Analytics<br \/>\n<\/b>Hvis du ikke \u00f8nsker, at dit bes\u00f8g skal registreres af Google Analytics, kan du benytte dig af Googles Opt-Out Browser Add-on. V\u00e6r opm\u00e6rksom p\u00e5, at dine bes\u00f8g p\u00e5 andre sider, der anvender Google Analytics, heller ikke vil blive registreret, hvis du installerer dette browser plugin.<\/p>\n<p><a href=\"http:\/\/tools.google.com\/dlpage\/gaoptout\" target=\"_blank\" rel=\"noopener noreferrer\">Google Analytics opt-out Browser Add-on<\/a><\/p>\n<p>&nbsp;<\/p>\n<p><b>Se desuden disse vejledninger til de mest almindelige browsere:<br \/>\n<\/b><\/p>\n<ul>\n<li><a href=\"http:\/\/windows.microsoft.com\/da-DK\/windows-vista\/Delete-your-Internet-cookies\" target=\"_blank\" rel=\"noopener noreferrer\">Vejledning i at slette cookies i Microsoft Internet Explorer<\/a><\/li>\n<li><a href=\"http:\/\/support.mozilla.org\/da\/kb\/Deleting%20cookies\" target=\"_blank\" rel=\"noopener noreferrer\">Vejledning i at slette cookies i Mozilla Firefox<\/a><\/li>\n<li><a href=\"http:\/\/support.google.com\/chrome\/bin\/answer.py?hl=da&amp;answer=95647\" target=\"_blank\" rel=\"noopener noreferrer\">Vejledning i at slette cookies i Google Chrome<\/a><\/li>\n<li><a href=\"http:\/\/www.opera.com\/browser\/tutorials\/security\/cookies\/\" target=\"_blank\" rel=\"noopener noreferrer\">Vejledning i at slette cookies i Opera<\/a><\/li>\n<li><a href=\"http:\/\/www.macromedia.com\/support\/documentation\/en\/flashplayer\/help\/settings_manager07.html\" target=\"_blank\" rel=\"noopener noreferrer\">Vejledning i at slette flash cookies (alle browsere)<\/a><\/li>\n<\/ul>\n","protected":false},"excerpt":{"rendered":"<p>&nbsp; Hvad er en cookie, hvad betyder cookies for dig, og hvilke muligheder har du for at h\u00e5ndtere dem? L\u00e6s her om cookies generelt, og hvilke cookies vi bruger p\u00e5 biavl.dk\/medlemmer. Hvad er cookies? En cookie er en datafil, som hjemmesider gemmer p\u00e5 din computer for, at de kan genkende computeren n\u00e6ste gang, du bes\u00f8ger [&hellip;]<\/p>\n","protected":false},"author":1,"featured_media":0,"parent":0,"menu_order":4,"comment_status":"closed","ping_status":"closed","template":"","meta":{"_acf_changed":false,"footnotes":""},"class_list":["post-101341","page","type-page","status-publish","hentry"],"acf":[],"aioseo_notices":[],"_links":{"self":[{"href":"https:\/\/www.biavl.dk\/medlemmer\/wp-json\/wp\/v2\/pages\/101341","targetHints":{"allow":["GET"]}}],"collection":[{"href":"https:\/\/www.biavl.dk\/medlemmer\/wp-json\/wp\/v2\/pages"}],"about":[{"href":"https:\/\/www.biavl.dk\/medlemmer\/wp-json\/wp\/v2\/types\/page"}],"author":[{"embeddable":true,"href":"https:\/\/www.biavl.dk\/medlemmer\/wp-json\/wp\/v2\/users\/1"}],"replies":[{"embeddable":true,"href":"https:\/\/www.biavl.dk\/medlemmer\/wp-json\/wp\/v2\/comments?post=101341"}],"version-history":[{"count":3,"href":"https:\/\/www.biavl.dk\/medlemmer\/wp-json\/wp\/v2\/pages\/101341\/revisions"}],"predecessor-version":[{"id":172116,"href":"https:\/\/www.biavl.dk\/medlemmer\/wp-json\/wp\/v2\/pages\/101341\/revisions\/172116"}],"wp:attachment":[{"href":"https:\/\/www.biavl.dk\/medlemmer\/wp-json\/wp\/v2\/media?parent=101341"}],"curies":[{"name":"wp","href":"https:\/\/api.w.org\/{rel}","templated":true}]}}