{"id":112470,"date":"2019-09-17T11:08:24","date_gmt":"2019-09-17T11:08:24","guid":{"rendered":"https:\/\/www.biavl.dk\/medlemmer\/?page_id=112470"},"modified":"2022-01-12T15:31:21","modified_gmt":"2022-01-12T15:31:21","slug":"forsikringer","status":"publish","type":"page","link":"https:\/\/www.biavl.dk\/medlemmer\/videnbank\/forsikringer\/","title":{"rendered":"FORSIKRINGER"},"content":{"rendered":"<p>Som medlem af Danmarks Biavlerforening kan du hos Gartnernes Forsikring k\u00f8be en biavlsforsikring, som er s\u00e6rligt skr\u00e6ddersyet til biavlere. Denne forsikring d\u00e6kker dine s\u00e6rlige behov og udfordringer som biavler. <a href=\"https:\/\/www.garfors.dk\/erhverv\/forsikringer\/biavlsforsikring\" target=\"_blank\" rel=\"noopener\">Du kan l\u00e6se mere om biavlsforsikringen her.<\/a><\/p>\n<p>Lokalforeninger og medlemmer af Danmarks Biavlerforening er gennem medlemskabet d\u00e6kket af en r\u00e6kke kollektive forsikringer hos Gartnernes Forsikring. Du kan l\u00e6se om de kollektive forsikringer herunder.<\/p>\n","protected":false},"excerpt":{"rendered":"<p>Som medlem af Danmarks Biavlerforening kan du hos Gartnernes Forsikring k\u00f8be en biavlsforsikring, som er s\u00e6rligt skr\u00e6ddersyet til biavlere. Denne forsikring d\u00e6kker dine s\u00e6rlige behov og udfordringer som biavler. Du kan l\u00e6se mere om biavlsforsikringen her. Lokalforeninger og medlemmer af Danmarks Biavlerforening er gennem medlemskabet d\u00e6kket af en r\u00e6kke kollektive forsikringer hos Gartnernes Forsikring. Du [&hellip;]<\/p>\n","protected":false},"author":4,"featured_media":0,"parent":43,"menu_order":17,"comment_status":"closed","ping_status":"closed","template":"page-liste-med-pic.php","meta":{"_acf_changed":false,"footnotes":""},"class_list":["post-112470","page","type-page","status-publish","hentry"],"acf":[],"aioseo_notices":[],"_links":{"self":[{"href":"https:\/\/www.biavl.dk\/medlemmer\/wp-json\/wp\/v2\/pages\/112470","targetHints":{"allow":["GET"]}}],"collection":[{"href":"https:\/\/www.biavl.dk\/medlemmer\/wp-json\/wp\/v2\/pages"}],"about":[{"href":"https:\/\/www.biavl.dk\/medlemmer\/wp-json\/wp\/v2\/types\/page"}],"author":[{"embeddable":true,"href":"https:\/\/www.biavl.dk\/medlemmer\/wp-json\/wp\/v2\/users\/4"}],"replies":[{"embeddable":true,"href":"https:\/\/www.biavl.dk\/medlemmer\/wp-json\/wp\/v2\/comments?post=112470"}],"version-history":[{"count":8,"href":"https:\/\/www.biavl.dk\/medlemmer\/wp-json\/wp\/v2\/pages\/112470\/revisions"}],"predecessor-version":[{"id":188594,"href":"https:\/\/www.biavl.dk\/medlemmer\/wp-json\/wp\/v2\/pages\/112470\/revisions\/188594"}],"up":[{"embeddable":true,"href":"https:\/\/www.biavl.dk\/medlemmer\/wp-json\/wp\/v2\/pages\/43"}],"wp:attachment":[{"href":"https:\/\/www.biavl.dk\/medlemmer\/wp-json\/wp\/v2\/media?parent=112470"}],"curies":[{"name":"wp","href":"https:\/\/api.w.org\/{rel}","templated":true}]}}