{"id":112484,"date":"2025-06-17T11:31:16","date_gmt":"2025-06-17T11:31:16","guid":{"rendered":"https:\/\/www.biavl.dk\/medlemmer\/?page_id=112484"},"modified":"2025-06-17T14:19:57","modified_gmt":"2025-06-17T14:19:57","slug":"forsikringscertifikat-kollektiv-loesoere-og-biavlsforsikring","status":"publish","type":"page","link":"https:\/\/www.biavl.dk\/medlemmer\/videnbank\/forsikringer\/forsikringscertifikat-kollektiv-loesoere-og-biavlsforsikring\/","title":{"rendered":"Forsikringscertifikat &#8211; Kollektiv l\u00f8s\u00f8re- og biavlsforsikring"},"content":{"rendered":"<p>Alle lokalforeninger under Danmarks Biavlerforening er omfattet af en l\u00f8s\u00f8re- og biavlsforsikring.<\/p>\n<p>Forsikringen omfatter l\u00f8s\u00f8re tilh\u00f8rende lokalforeninger, inklusive op til 10 bistader med bifamilie og den i bistaderne v\u00e6rende produktion samt det n\u00f8dvendige udstyr. L\u00f8s\u00f8reforsikringen d\u00e6kker mod brand-, tyveri- og vandskade. Biavlsforsikringen d\u00e6kker mod brand-, tyveri- og h\u00e6rv\u00e6rksskader, skade forvoldt af dyr, v\u00e6ltede tr\u00e6er og nedfaldne grene, skade sket under transport og spr\u00f8jteskade p\u00e5 de forsikrede bistader.<\/p>\n<p><a href=\"https:\/\/www.biavl.dk\/medlemmer\/wp-content\/uploads\/2025\/06\/Kollektiv-Loesoere-og-biavlsforsikring.pdf\" target=\"_blank\" rel=\"noopener\">Forsikringscertifikatet kan downloades her.<\/a><\/p>\n","protected":false},"excerpt":{"rendered":"<p>Alle lokalforeninger under Danmarks Biavlerforening er omfattet af en l\u00f8s\u00f8re- og biavlsforsikring. Forsikringen omfatter l\u00f8s\u00f8re tilh\u00f8rende lokalforeninger, inklusive op til 10 bistader med bifamilie og den i bistaderne v\u00e6rende produktion samt det n\u00f8dvendige udstyr. L\u00f8s\u00f8reforsikringen d\u00e6kker mod brand-, tyveri- og vandskade. Biavlsforsikringen d\u00e6kker mod brand-, tyveri- og h\u00e6rv\u00e6rksskader, skade forvoldt af dyr, v\u00e6ltede tr\u00e6er og [&hellip;]<\/p>\n","protected":false},"author":4,"featured_media":0,"parent":112470,"menu_order":2,"comment_status":"closed","ping_status":"closed","template":"","meta":{"_acf_changed":false,"footnotes":""},"class_list":["post-112484","page","type-page","status-publish","hentry"],"acf":[],"aioseo_notices":[],"_links":{"self":[{"href":"https:\/\/www.biavl.dk\/medlemmer\/wp-json\/wp\/v2\/pages\/112484","targetHints":{"allow":["GET"]}}],"collection":[{"href":"https:\/\/www.biavl.dk\/medlemmer\/wp-json\/wp\/v2\/pages"}],"about":[{"href":"https:\/\/www.biavl.dk\/medlemmer\/wp-json\/wp\/v2\/types\/page"}],"author":[{"embeddable":true,"href":"https:\/\/www.biavl.dk\/medlemmer\/wp-json\/wp\/v2\/users\/4"}],"replies":[{"embeddable":true,"href":"https:\/\/www.biavl.dk\/medlemmer\/wp-json\/wp\/v2\/comments?post=112484"}],"version-history":[{"count":9,"href":"https:\/\/www.biavl.dk\/medlemmer\/wp-json\/wp\/v2\/pages\/112484\/revisions"}],"predecessor-version":[{"id":308529,"href":"https:\/\/www.biavl.dk\/medlemmer\/wp-json\/wp\/v2\/pages\/112484\/revisions\/308529"}],"up":[{"embeddable":true,"href":"https:\/\/www.biavl.dk\/medlemmer\/wp-json\/wp\/v2\/pages\/112470"}],"wp:attachment":[{"href":"https:\/\/www.biavl.dk\/medlemmer\/wp-json\/wp\/v2\/media?parent=112484"}],"curies":[{"name":"wp","href":"https:\/\/api.w.org\/{rel}","templated":true}]}}