{"id":112496,"date":"2025-06-17T11:56:32","date_gmt":"2025-06-17T11:56:32","guid":{"rendered":"https:\/\/www.biavl.dk\/medlemmer\/?page_id=112496"},"modified":"2025-06-17T14:22:36","modified_gmt":"2025-06-17T14:22:36","slug":"forsikringscertifikat-kollektiv-erhvervsansvarsforsikring","status":"publish","type":"page","link":"https:\/\/www.biavl.dk\/medlemmer\/videnbank\/forsikringer\/forsikringscertifikat-kollektiv-erhvervsansvarsforsikring\/","title":{"rendered":"Forsikringscertifikat &#8211; Kollektiv erhvervsansvarsforsikring"},"content":{"rendered":"<p>Samtlige medlemmer og lokalforeninger under Danmarks Biavlerforening er d\u00e6kket af en erhvervsansvarsforsikring.<\/p>\n<p>Forsikringen d\u00e6kker det civilretlige erstatningsansvar, som biavler eller lokalforening kan p\u00e5drage sig overfor tredjemand for skader forvoldt i forbindelse med biavlen eller aktiviteter relateret til biavl ved tilf\u00e6lde af personskade eller tingskade. Dette g\u00e6lder eksempelvis ogs\u00e5, hvis du bliver p\u00e5lagt et erstatningsansvar for en skade, som dine bier forvolder.<\/p>\n<p><a href=\"https:\/\/www.biavl.dk\/medlemmer\/wp-content\/uploads\/2025\/06\/kollektiv-erhvervsansvar.pdf\" target=\"_blank\" rel=\"noopener\">Forsikringscertifikatet kan downloades her.<\/a><\/p>\n","protected":false},"excerpt":{"rendered":"<p>Samtlige medlemmer og lokalforeninger under Danmarks Biavlerforening er d\u00e6kket af en erhvervsansvarsforsikring. Forsikringen d\u00e6kker det civilretlige erstatningsansvar, som biavler eller lokalforening kan p\u00e5drage sig overfor tredjemand for skader forvoldt i forbindelse med biavlen eller aktiviteter relateret til biavl ved tilf\u00e6lde af personskade eller tingskade. Dette g\u00e6lder eksempelvis ogs\u00e5, hvis du bliver p\u00e5lagt et erstatningsansvar for [&hellip;]<\/p>\n","protected":false},"author":4,"featured_media":0,"parent":112470,"menu_order":4,"comment_status":"closed","ping_status":"closed","template":"","meta":{"_acf_changed":false,"footnotes":""},"class_list":["post-112496","page","type-page","status-publish","hentry"],"acf":[],"aioseo_notices":[],"_links":{"self":[{"href":"https:\/\/www.biavl.dk\/medlemmer\/wp-json\/wp\/v2\/pages\/112496","targetHints":{"allow":["GET"]}}],"collection":[{"href":"https:\/\/www.biavl.dk\/medlemmer\/wp-json\/wp\/v2\/pages"}],"about":[{"href":"https:\/\/www.biavl.dk\/medlemmer\/wp-json\/wp\/v2\/types\/page"}],"author":[{"embeddable":true,"href":"https:\/\/www.biavl.dk\/medlemmer\/wp-json\/wp\/v2\/users\/4"}],"replies":[{"embeddable":true,"href":"https:\/\/www.biavl.dk\/medlemmer\/wp-json\/wp\/v2\/comments?post=112496"}],"version-history":[{"count":9,"href":"https:\/\/www.biavl.dk\/medlemmer\/wp-json\/wp\/v2\/pages\/112496\/revisions"}],"predecessor-version":[{"id":308531,"href":"https:\/\/www.biavl.dk\/medlemmer\/wp-json\/wp\/v2\/pages\/112496\/revisions\/308531"}],"up":[{"embeddable":true,"href":"https:\/\/www.biavl.dk\/medlemmer\/wp-json\/wp\/v2\/pages\/112470"}],"wp:attachment":[{"href":"https:\/\/www.biavl.dk\/medlemmer\/wp-json\/wp\/v2\/media?parent=112496"}],"curies":[{"name":"wp","href":"https:\/\/api.w.org\/{rel}","templated":true}]}}