{"id":112500,"date":"2025-06-17T12:23:27","date_gmt":"2025-06-17T12:23:27","guid":{"rendered":"https:\/\/www.biavl.dk\/medlemmer\/?page_id=112500"},"modified":"2025-06-17T14:25:17","modified_gmt":"2025-06-17T14:25:17","slug":"forsikringscertifikat-kollektiv-erhvervsansvarsforsikring-2","status":"publish","type":"page","link":"https:\/\/www.biavl.dk\/medlemmer\/videnbank\/forsikringer\/forsikringscertifikat-kollektiv-erhvervsansvarsforsikring-2\/","title":{"rendered":"Forsikringscertifikat &#8211; Kollektiv arbejdsskadeforsikring"},"content":{"rendered":"<p>Ansatte og medhj\u00e6lpere i lokalforeninger under Danmarks Biavlerforening \u2013 herunder sv\u00e6rmhentere \u2013 er d\u00e6kket af en kollektiv arbejdsskadeforsikring.<\/p>\n<p>If\u00f8lge arbejdsskadesikringsloven har en arbejdsgiver (g\u00e6lder ogs\u00e5 en forening) pligt til at tegne forsikring for ansatte, der udf\u00f8rer arbejde for arbejdsgiveren \u2013 uanset arbejdets varighed, og uanset om arbejdet er afl\u00f8nnet eller frivilligt. En forening skal s\u00e5ledes arbejdsskadesikre de personer, der udf\u00f8rer opgaver, der har karakter af arbejde i lovens forstand \u2013 og uanset om opgaven udf\u00f8res af et medlem eller et ikke-medlem.<\/p>\n<p>St\u00f8rsteparten af medlemmernes indsats i en lokal biavlerforening m\u00e5 betegnes som fritidsbesk\u00e6ftigelse, og er dermed ikke omfattet af arbejdsskadesikringsloven. Kommer man til skade i sin fritid er man kun forsikringsd\u00e6kket, hvis man selv har tegnet en fritids- eller heltidsulykkesforsikring. Men afgr\u00e6nsningen mellem arbejde og fritid er h\u00e5rfin, og afg\u00f8res i hvert enkelt tilf\u00e6lde af Arbejdsskadestyrelsen. Hvis opgaven ligger inden for foreningens form\u00e5l og inden for, hvad der er naturligt, og med rimelighed kan forventes af et medlem, betragtes det normalt som fritid. Hvis opgaven derimod ligger uden for foreningens form\u00e5l eller g\u00e5r ud over, hvad der er naturligt, og med rimelighed kan forventes af et medlem, betragtes det normalt som arbejde i lovens forstand.<\/p>\n<p>Forsikringen d\u00e6kker den godtg\u00f8relse og erstatning, som en tilskadekommen vil v\u00e6re berettiget til efter arbejdsskadesikringsloven. Der kan blandt andet blive tale om godtg\u00f8relse for varigt m\u00e9n, erstatning for tab af erhvervsevne og refusion af udgifter til behandling, medicin og hj\u00e6lpemidler.<\/p>\n<p><a href=\"https:\/\/www.biavl.dk\/medlemmer\/wp-content\/uploads\/2025\/06\/Kollektiv-Arbejdsskadeforsikring.pdf\" target=\"_blank\" rel=\"noopener\">Forsikringscertifikatet kan downloades her.<\/a><\/p>\n","protected":false},"excerpt":{"rendered":"<p>Ansatte og medhj\u00e6lpere i lokalforeninger under Danmarks Biavlerforening \u2013 herunder sv\u00e6rmhentere \u2013 er d\u00e6kket af en kollektiv arbejdsskadeforsikring. If\u00f8lge arbejdsskadesikringsloven har en arbejdsgiver (g\u00e6lder ogs\u00e5 en forening) pligt til at tegne forsikring for ansatte, der udf\u00f8rer arbejde for arbejdsgiveren \u2013 uanset arbejdets varighed, og uanset om arbejdet er afl\u00f8nnet eller frivilligt. En forening skal s\u00e5ledes [&hellip;]<\/p>\n","protected":false},"author":4,"featured_media":0,"parent":112470,"menu_order":5,"comment_status":"closed","ping_status":"closed","template":"","meta":{"_acf_changed":false,"footnotes":""},"class_list":["post-112500","page","type-page","status-publish","hentry"],"acf":[],"aioseo_notices":[],"_links":{"self":[{"href":"https:\/\/www.biavl.dk\/medlemmer\/wp-json\/wp\/v2\/pages\/112500","targetHints":{"allow":["GET"]}}],"collection":[{"href":"https:\/\/www.biavl.dk\/medlemmer\/wp-json\/wp\/v2\/pages"}],"about":[{"href":"https:\/\/www.biavl.dk\/medlemmer\/wp-json\/wp\/v2\/types\/page"}],"author":[{"embeddable":true,"href":"https:\/\/www.biavl.dk\/medlemmer\/wp-json\/wp\/v2\/users\/4"}],"replies":[{"embeddable":true,"href":"https:\/\/www.biavl.dk\/medlemmer\/wp-json\/wp\/v2\/comments?post=112500"}],"version-history":[{"count":9,"href":"https:\/\/www.biavl.dk\/medlemmer\/wp-json\/wp\/v2\/pages\/112500\/revisions"}],"predecessor-version":[{"id":308532,"href":"https:\/\/www.biavl.dk\/medlemmer\/wp-json\/wp\/v2\/pages\/112500\/revisions\/308532"}],"up":[{"embeddable":true,"href":"https:\/\/www.biavl.dk\/medlemmer\/wp-json\/wp\/v2\/pages\/112470"}],"wp:attachment":[{"href":"https:\/\/www.biavl.dk\/medlemmer\/wp-json\/wp\/v2\/media?parent=112500"}],"curies":[{"name":"wp","href":"https:\/\/api.w.org\/{rel}","templated":true}]}}