{"id":113757,"date":"2019-10-01T11:31:20","date_gmt":"2019-10-01T11:31:20","guid":{"rendered":"https:\/\/www.biavl.dk\/medlemmer\/?page_id=113757"},"modified":"2020-12-22T12:06:52","modified_gmt":"2020-12-22T12:06:52","slug":"temahaefte-om-bisygdomme","status":"publish","type":"page","link":"https:\/\/www.biavl.dk\/medlemmer\/videnbank\/biygdom\/temahaefte-om-bisygdomme\/","title":{"rendered":"BISYGDOMME"},"content":{"rendered":"<p>Hvorn\u00e5r er en bifamilie syg? Vi ved, at sygdomskim er latent tilstede i mange bifamilier. Det kan f.eks. v\u00e6re nosema, bipestsporer, virus og kalkyngel. At sygdomskimene er tilstede er ikke ensbetydende med, at bifamilien er syg. Bifamilien har sit naturlige forsvarssystem. Enkelte bier kan v\u00e6re d\u00f8deligt syge, uden at bifamilien bliver ber\u00f8rt af det. Men kommer bifamilien ud af sin naturlige balance, sv\u00e6kkes modstandskraften, og risikoen for at se synlige tegn p\u00e5 sygdom \u00f8ges.<\/p>\n<p>I temah\u00e6ftet gennemg\u00e5s kriterierne for og kendetegnene p\u00e5 en sund big\u00e5rd samt en sund bifamilie. Dern\u00e6st gennemg\u00e5s de enkelte sygdomme og skadevoldere, og til sidst hvilke virkemidler, biavleren har for at mindske risikoen for sygdomme i bifamilien.<\/p>\n<p>&nbsp;<\/p>\n<p><a href=\"https:\/\/www.biavl.dk\/medlemmer\/wp-content\/uploads\/2019\/08\/Bisygdomme_INDSTIK-TfB7_2019.pdf\" target=\"_blank\" rel=\"noopener noreferrer\">Hent temah\u00e6ftet <strong>Sygdomme og skadevoldere i praktisk biavl<\/strong> her.<\/a><\/p>\n<p>&nbsp;<\/p>\n","protected":false},"excerpt":{"rendered":"<p>Hvorn\u00e5r er en bifamilie syg? Vi ved, at sygdomskim er latent tilstede i mange bifamilier. Det kan f.eks. v\u00e6re nosema, bipestsporer, virus og kalkyngel. At sygdomskimene er tilstede er ikke ensbetydende med, at bifamilien er syg. Bifamilien har sit naturlige forsvarssystem. Enkelte bier kan v\u00e6re d\u00f8deligt syge, uden at bifamilien bliver ber\u00f8rt af det. Men [&hellip;]<\/p>\n","protected":false},"author":4,"featured_media":0,"parent":112680,"menu_order":5,"comment_status":"closed","ping_status":"closed","template":"","meta":{"_acf_changed":false,"footnotes":""},"class_list":["post-113757","page","type-page","status-publish","hentry"],"acf":[],"aioseo_notices":[],"_links":{"self":[{"href":"https:\/\/www.biavl.dk\/medlemmer\/wp-json\/wp\/v2\/pages\/113757","targetHints":{"allow":["GET"]}}],"collection":[{"href":"https:\/\/www.biavl.dk\/medlemmer\/wp-json\/wp\/v2\/pages"}],"about":[{"href":"https:\/\/www.biavl.dk\/medlemmer\/wp-json\/wp\/v2\/types\/page"}],"author":[{"embeddable":true,"href":"https:\/\/www.biavl.dk\/medlemmer\/wp-json\/wp\/v2\/users\/4"}],"replies":[{"embeddable":true,"href":"https:\/\/www.biavl.dk\/medlemmer\/wp-json\/wp\/v2\/comments?post=113757"}],"version-history":[{"count":5,"href":"https:\/\/www.biavl.dk\/medlemmer\/wp-json\/wp\/v2\/pages\/113757\/revisions"}],"predecessor-version":[{"id":153554,"href":"https:\/\/www.biavl.dk\/medlemmer\/wp-json\/wp\/v2\/pages\/113757\/revisions\/153554"}],"up":[{"embeddable":true,"href":"https:\/\/www.biavl.dk\/medlemmer\/wp-json\/wp\/v2\/pages\/112680"}],"wp:attachment":[{"href":"https:\/\/www.biavl.dk\/medlemmer\/wp-json\/wp\/v2\/media?parent=113757"}],"curies":[{"name":"wp","href":"https:\/\/api.w.org\/{rel}","templated":true}]}}