{"id":116379,"date":"2019-10-31T13:22:57","date_gmt":"2019-10-31T13:22:57","guid":{"rendered":"https:\/\/www.biavl.dk\/medlemmer\/?page_id=116379"},"modified":"2024-04-09T05:46:08","modified_gmt":"2024-04-09T05:46:08","slug":"biavl-for-begyndere","status":"publish","type":"page","link":"https:\/\/www.biavl.dk\/medlemmer\/videnbank\/generelt-om-biavl\/biavl-for-begyndere\/","title":{"rendered":"BIAVL FOR BEGYNDERE"},"content":{"rendered":"<p>\u00d8nsker du at blive biavler, men er i tvivl om, hvordan du starter op, kan du her l\u00e6se Danmarks Biavlerforenings h\u00e6fte Biavl for begyndere.<\/p>\n<p>H\u00e6ftet er tilt\u00e6nkt interesserede, som gerne vil have et indblik i biavlen, og kan v\u00e6re en god st\u00f8tte til den nye biavler.<\/p>\n<p>Du kan l\u00e6se mere om at blive biavler hos Danmarks Biavlerforening p\u00e5 <a href=\"http:\/\/www.blivbiavler.dk\">www.blivbiavler.dk<\/a><\/p>\n","protected":false},"excerpt":{"rendered":"<p>\u00d8nsker du at blive biavler, men er i tvivl om, hvordan du starter op, kan du her l\u00e6se Danmarks Biavlerforenings h\u00e6fte Biavl for begyndere. H\u00e6ftet er tilt\u00e6nkt interesserede, som gerne vil have et indblik i biavlen, og kan v\u00e6re en god st\u00f8tte til den nye biavler. Du kan l\u00e6se mere om at blive biavler hos [&hellip;]<\/p>\n","protected":false},"author":4,"featured_media":0,"parent":5104,"menu_order":0,"comment_status":"closed","ping_status":"closed","template":"","meta":{"_acf_changed":false,"footnotes":""},"class_list":["post-116379","page","type-page","status-publish","hentry"],"acf":[],"aioseo_notices":[],"_links":{"self":[{"href":"https:\/\/www.biavl.dk\/medlemmer\/wp-json\/wp\/v2\/pages\/116379","targetHints":{"allow":["GET"]}}],"collection":[{"href":"https:\/\/www.biavl.dk\/medlemmer\/wp-json\/wp\/v2\/pages"}],"about":[{"href":"https:\/\/www.biavl.dk\/medlemmer\/wp-json\/wp\/v2\/types\/page"}],"author":[{"embeddable":true,"href":"https:\/\/www.biavl.dk\/medlemmer\/wp-json\/wp\/v2\/users\/4"}],"replies":[{"embeddable":true,"href":"https:\/\/www.biavl.dk\/medlemmer\/wp-json\/wp\/v2\/comments?post=116379"}],"version-history":[{"count":6,"href":"https:\/\/www.biavl.dk\/medlemmer\/wp-json\/wp\/v2\/pages\/116379\/revisions"}],"predecessor-version":[{"id":264633,"href":"https:\/\/www.biavl.dk\/medlemmer\/wp-json\/wp\/v2\/pages\/116379\/revisions\/264633"}],"up":[{"embeddable":true,"href":"https:\/\/www.biavl.dk\/medlemmer\/wp-json\/wp\/v2\/pages\/5104"}],"wp:attachment":[{"href":"https:\/\/www.biavl.dk\/medlemmer\/wp-json\/wp\/v2\/media?parent=116379"}],"curies":[{"name":"wp","href":"https:\/\/api.w.org\/{rel}","templated":true}]}}