{"id":123128,"date":"2020-01-16T09:00:52","date_gmt":"2020-01-16T09:00:52","guid":{"rendered":"https:\/\/www.biavl.dk\/medlemmer\/?page_id=123128"},"modified":"2020-01-16T09:23:16","modified_gmt":"2020-01-16T09:23:16","slug":"salg-og-flytning-af-bier","status":"publish","type":"page","link":"https:\/\/www.biavl.dk\/medlemmer\/videnbank\/salg-og-flytning-af-bier\/","title":{"rendered":"SALG OG FLYTNING AF BIER"},"content":{"rendered":"<p>For at begr\u00e6nse spredning af sygdomme og skadeg\u00f8rere hos honningbier, g\u00e6lder der en r\u00e6kke regler for flytning, salg og overdragelse af bier.<\/p>\n<p>De p\u00e5g\u00e6ldende regler afh\u00e6nger af, om der er tale om aktivitet indenfor landets gr\u00e6nser eller om flytning over landegr\u00e6nser.<\/p>\n","protected":false},"excerpt":{"rendered":"<p>For at begr\u00e6nse spredning af sygdomme og skadeg\u00f8rere hos honningbier, g\u00e6lder der en r\u00e6kke regler for flytning, salg og overdragelse af bier. De p\u00e5g\u00e6ldende regler afh\u00e6nger af, om der er tale om aktivitet indenfor landets gr\u00e6nser eller om flytning over landegr\u00e6nser.<\/p>\n","protected":false},"author":4,"featured_media":0,"parent":43,"menu_order":6,"comment_status":"closed","ping_status":"closed","template":"page-liste-med-pic.php","meta":{"_acf_changed":false,"footnotes":""},"class_list":["post-123128","page","type-page","status-publish","hentry"],"acf":[],"aioseo_notices":[],"_links":{"self":[{"href":"https:\/\/www.biavl.dk\/medlemmer\/wp-json\/wp\/v2\/pages\/123128","targetHints":{"allow":["GET"]}}],"collection":[{"href":"https:\/\/www.biavl.dk\/medlemmer\/wp-json\/wp\/v2\/pages"}],"about":[{"href":"https:\/\/www.biavl.dk\/medlemmer\/wp-json\/wp\/v2\/types\/page"}],"author":[{"embeddable":true,"href":"https:\/\/www.biavl.dk\/medlemmer\/wp-json\/wp\/v2\/users\/4"}],"replies":[{"embeddable":true,"href":"https:\/\/www.biavl.dk\/medlemmer\/wp-json\/wp\/v2\/comments?post=123128"}],"version-history":[{"count":4,"href":"https:\/\/www.biavl.dk\/medlemmer\/wp-json\/wp\/v2\/pages\/123128\/revisions"}],"predecessor-version":[{"id":123145,"href":"https:\/\/www.biavl.dk\/medlemmer\/wp-json\/wp\/v2\/pages\/123128\/revisions\/123145"}],"up":[{"embeddable":true,"href":"https:\/\/www.biavl.dk\/medlemmer\/wp-json\/wp\/v2\/pages\/43"}],"wp:attachment":[{"href":"https:\/\/www.biavl.dk\/medlemmer\/wp-json\/wp\/v2\/media?parent=123128"}],"curies":[{"name":"wp","href":"https:\/\/api.w.org\/{rel}","templated":true}]}}