{"id":131460,"date":"2020-04-20T11:12:10","date_gmt":"2020-04-20T11:12:10","guid":{"rendered":"https:\/\/www.biavl.dk\/medlemmer\/?page_id=131460"},"modified":"2022-01-25T13:15:09","modified_gmt":"2022-01-25T13:15:09","slug":"forebyg-sproejteskader","status":"publish","type":"page","link":"https:\/\/www.biavl.dk\/medlemmer\/videnbank\/biygdom\/forebyg-sproejteskader\/","title":{"rendered":"Forebyg spr\u00f8jteskader"},"content":{"rendered":"<p>Bierne er n\u00f8dvendige for tilstr\u00e6kkelig fr\u00f8- og frugts\u00e6tning i en lang r\u00e6kke af landbrugets afgr\u00f8der og naturens planter. Det betyder ogs\u00e5, at en tilstr\u00e6kkelig bestand af bier kan v\u00e6re med til at \u00f8ge udbyttet p\u00e5 dine landbrugsarealer. Derfor er det ogs\u00e5 af st\u00f8rste vigtighed, at man er yderst p\u00e5passelig ved anvendelse af pesticider i de tilf\u00e6lde, hvor de kan have skadelige effekter p\u00e5 bier.<\/p>\n<p>&nbsp;<\/p>\n<p>Desv\u00e6rre har det b\u00e5de i Danmark og i andre lande vist sig, at pesticider kan forekomme i honning. Desv\u00e6rre ogs\u00e5 i m\u00e6ngder, der kan medf\u00f8re at biavleren ikke m\u00e5 s\u00e6lge sin honning. Dette kan f\u00e5 store \u00f8konomiske konsekvenser for s\u00e5vel biavleren, som for den der har for\u00e5rsaget skaden. Derfor er det af stor vigtighed at tage de forholdsregler, der sikrer at honningproduktionen ikke forurenes af pesticider, s\u00e5ledes at biavleren stadig kan s\u00e6lge honningen som et rent naturprodukt.<\/p>\n<p>&nbsp;<\/p>\n<p>I h\u00e6ftet \u201dBier og spr\u00f8jteskader \u2013 pas p\u00e5 bierne, honningen og best\u00f8vningen\u201d kan du l\u00e6se om, hvorfor det er vigtigt at tage forholdsregler for s\u00e5vel honningbierne som de mange arter af humlebier og enlige bier, samt hvilke forholdsregler man kan tage. Du kan l\u00e6se h\u00e6ftet som bladre-pdf eller downloade h\u00e6ftet nedenfor.<\/p>\n<p>&nbsp;<\/p>\n<p>N\u00e5r uheldet er ude, s\u00e5 er det rart at vide, hvordan man skal forholde sig. Du kan l\u00e6se om h\u00e5ndtering af biforgiftning <a href=\"https:\/\/www.biavl.dk\/medlemmer\/videnbank\/biygdom\/bier-og-sproejteskader\/\">her<\/a><\/p>\n","protected":false},"excerpt":{"rendered":"<p>Bierne er n\u00f8dvendige for tilstr\u00e6kkelig fr\u00f8- og frugts\u00e6tning i en lang r\u00e6kke af landbrugets afgr\u00f8der og naturens planter. Det betyder ogs\u00e5, at en tilstr\u00e6kkelig bestand af bier kan v\u00e6re med til at \u00f8ge udbyttet p\u00e5 dine landbrugsarealer. Derfor er det ogs\u00e5 af st\u00f8rste vigtighed, at man er yderst p\u00e5passelig ved anvendelse af pesticider i de [&hellip;]<\/p>\n","protected":false},"author":3,"featured_media":0,"parent":112680,"menu_order":1,"comment_status":"closed","ping_status":"closed","template":"","meta":{"_acf_changed":false,"footnotes":""},"class_list":["post-131460","page","type-page","status-publish","hentry"],"acf":[],"aioseo_notices":[],"_links":{"self":[{"href":"https:\/\/www.biavl.dk\/medlemmer\/wp-json\/wp\/v2\/pages\/131460","targetHints":{"allow":["GET"]}}],"collection":[{"href":"https:\/\/www.biavl.dk\/medlemmer\/wp-json\/wp\/v2\/pages"}],"about":[{"href":"https:\/\/www.biavl.dk\/medlemmer\/wp-json\/wp\/v2\/types\/page"}],"author":[{"embeddable":true,"href":"https:\/\/www.biavl.dk\/medlemmer\/wp-json\/wp\/v2\/users\/3"}],"replies":[{"embeddable":true,"href":"https:\/\/www.biavl.dk\/medlemmer\/wp-json\/wp\/v2\/comments?post=131460"}],"version-history":[{"count":13,"href":"https:\/\/www.biavl.dk\/medlemmer\/wp-json\/wp\/v2\/pages\/131460\/revisions"}],"predecessor-version":[{"id":189802,"href":"https:\/\/www.biavl.dk\/medlemmer\/wp-json\/wp\/v2\/pages\/131460\/revisions\/189802"}],"up":[{"embeddable":true,"href":"https:\/\/www.biavl.dk\/medlemmer\/wp-json\/wp\/v2\/pages\/112680"}],"wp:attachment":[{"href":"https:\/\/www.biavl.dk\/medlemmer\/wp-json\/wp\/v2\/media?parent=131460"}],"curies":[{"name":"wp","href":"https:\/\/api.w.org\/{rel}","templated":true}]}}