{"id":132685,"date":"2020-05-04T11:36:32","date_gmt":"2020-05-04T11:36:32","guid":{"rendered":"https:\/\/www.biavl.dk\/medlemmer\/?page_id=132685"},"modified":"2020-05-04T11:40:09","modified_gmt":"2020-05-04T11:40:09","slug":"regnskabogbogfoering","status":"publish","type":"page","link":"https:\/\/www.biavl.dk\/medlemmer\/videnbank\/oekonomi\/regnskabogbogfoering\/","title":{"rendered":"REGNSKAB OG BOGF\u00d8RING"},"content":{"rendered":"<p>Du skal som virksomhed have styr p\u00e5 \u00f8konomien, bogf\u00f8ringen og regnskabet. P\u00e5 SKATs hjemmeside finder du en god oversigt over, hvad du skal have styr p\u00e5, og hvordan du kan g\u00f8re det. L\u00e6s mere <a href=\"https:\/\/skat.dk\/skat.aspx?oid=2234859\" target=\"_blank\" rel=\"noopener noreferrer\">her<\/a>.<\/p>\n","protected":false},"excerpt":{"rendered":"<p>Du skal som virksomhed have styr p\u00e5 \u00f8konomien, bogf\u00f8ringen og regnskabet. P\u00e5 SKATs hjemmeside finder du en god oversigt over, hvad du skal have styr p\u00e5, og hvordan du kan g\u00f8re det. L\u00e6s mere her.<\/p>\n","protected":false},"author":4,"featured_media":0,"parent":132676,"menu_order":3,"comment_status":"closed","ping_status":"closed","template":"","meta":{"_acf_changed":false,"footnotes":""},"class_list":["post-132685","page","type-page","status-publish","hentry"],"acf":[],"aioseo_notices":[],"_links":{"self":[{"href":"https:\/\/www.biavl.dk\/medlemmer\/wp-json\/wp\/v2\/pages\/132685","targetHints":{"allow":["GET"]}}],"collection":[{"href":"https:\/\/www.biavl.dk\/medlemmer\/wp-json\/wp\/v2\/pages"}],"about":[{"href":"https:\/\/www.biavl.dk\/medlemmer\/wp-json\/wp\/v2\/types\/page"}],"author":[{"embeddable":true,"href":"https:\/\/www.biavl.dk\/medlemmer\/wp-json\/wp\/v2\/users\/4"}],"replies":[{"embeddable":true,"href":"https:\/\/www.biavl.dk\/medlemmer\/wp-json\/wp\/v2\/comments?post=132685"}],"version-history":[{"count":4,"href":"https:\/\/www.biavl.dk\/medlemmer\/wp-json\/wp\/v2\/pages\/132685\/revisions"}],"predecessor-version":[{"id":132689,"href":"https:\/\/www.biavl.dk\/medlemmer\/wp-json\/wp\/v2\/pages\/132685\/revisions\/132689"}],"up":[{"embeddable":true,"href":"https:\/\/www.biavl.dk\/medlemmer\/wp-json\/wp\/v2\/pages\/132676"}],"wp:attachment":[{"href":"https:\/\/www.biavl.dk\/medlemmer\/wp-json\/wp\/v2\/media?parent=132685"}],"curies":[{"name":"wp","href":"https:\/\/api.w.org\/{rel}","templated":true}]}}