{"id":134338,"date":"2020-05-23T08:50:48","date_gmt":"2020-05-23T08:50:48","guid":{"rendered":"https:\/\/www.biavl.dk\/medlemmer\/?page_id=134338"},"modified":"2021-03-04T17:57:57","modified_gmt":"2021-03-04T17:57:57","slug":"testresultat","status":"publish","type":"page","link":"https:\/\/www.biavl.dk\/medlemmer\/videnbank\/dronningeavl\/testresultat\/","title":{"rendered":"\u00c5rets Test af Brugsdronninger"},"content":{"rendered":"<p>&#8220;Test af brugsdronninger&#8221; er en vigtig test for dig, der vil k\u00f8be dronninger. Forbrugertesten gennemf\u00f8res af dygtige testv\u00e6rter i Danmarks Biavlerforening. Ca. 80 % af de dronninger der udbydes til salg i Danmark, kommer fra dronningeavlere der deltager i vores test. Testen er din garanti for, at du indk\u00f8ber gode kvalitetsdronninger. De dronningeavlere der deltager i testen, udviser gennemsigtighed i deres avlsarbejde. Vi anbefaler, at du k\u00f8ber dine dronninger hos dronningeavlere der deltager i testen.<\/p>\n<p>Klik p\u00e5 download for at downloade rapporten om Test af brugsdronninger.<\/p>\n","protected":false},"excerpt":{"rendered":"<p>&#8220;Test af brugsdronninger&#8221; er en vigtig test for dig, der vil k\u00f8be dronninger. Forbrugertesten gennemf\u00f8res af dygtige testv\u00e6rter i Danmarks Biavlerforening. Ca. 80 % af de dronninger der udbydes til salg i Danmark, kommer fra dronningeavlere der deltager i vores test. Testen er din garanti for, at du indk\u00f8ber gode kvalitetsdronninger. De dronningeavlere der deltager [&hellip;]<\/p>\n","protected":false},"author":6,"featured_media":0,"parent":5040,"menu_order":0,"comment_status":"closed","ping_status":"closed","template":"","meta":{"_acf_changed":false,"footnotes":""},"class_list":["post-134338","page","type-page","status-publish","hentry"],"acf":[],"aioseo_notices":[],"_links":{"self":[{"href":"https:\/\/www.biavl.dk\/medlemmer\/wp-json\/wp\/v2\/pages\/134338","targetHints":{"allow":["GET"]}}],"collection":[{"href":"https:\/\/www.biavl.dk\/medlemmer\/wp-json\/wp\/v2\/pages"}],"about":[{"href":"https:\/\/www.biavl.dk\/medlemmer\/wp-json\/wp\/v2\/types\/page"}],"author":[{"embeddable":true,"href":"https:\/\/www.biavl.dk\/medlemmer\/wp-json\/wp\/v2\/users\/6"}],"replies":[{"embeddable":true,"href":"https:\/\/www.biavl.dk\/medlemmer\/wp-json\/wp\/v2\/comments?post=134338"}],"version-history":[{"count":8,"href":"https:\/\/www.biavl.dk\/medlemmer\/wp-json\/wp\/v2\/pages\/134338\/revisions"}],"predecessor-version":[{"id":160016,"href":"https:\/\/www.biavl.dk\/medlemmer\/wp-json\/wp\/v2\/pages\/134338\/revisions\/160016"}],"up":[{"embeddable":true,"href":"https:\/\/www.biavl.dk\/medlemmer\/wp-json\/wp\/v2\/pages\/5040"}],"wp:attachment":[{"href":"https:\/\/www.biavl.dk\/medlemmer\/wp-json\/wp\/v2\/media?parent=134338"}],"curies":[{"name":"wp","href":"https:\/\/api.w.org\/{rel}","templated":true}]}}