{"id":138989,"date":"2020-03-15T11:48:08","date_gmt":"2020-03-15T11:48:08","guid":{"rendered":"https:\/\/www.biavl.dk\/medlemmer\/?page_id=138989"},"modified":"2020-07-15T12:09:30","modified_gmt":"2020-07-15T12:09:30","slug":"bier-og-sproejteskader","status":"publish","type":"page","link":"https:\/\/www.biavl.dk\/medlemmer\/videnbank\/biygdom\/bier-og-sproejteskader\/","title":{"rendered":"H\u00e5ndtering af biforgiftning"},"content":{"rendered":"<p>I dag er vi heldigvis sluppet af med de v\u00e6rste plantebeskyttelsesmidler, som tidligere var skyld i store tab af bifamilier. Disse midler var s\u00e5 skrappe, at bierne d\u00f8de ganske kort tid efter at de var kommet i kontakt med dem. Tit d\u00f8de de forgiftede bier p\u00e5 vejen hjem til bistadet. Lykkedes det for de forgiftede bier at n\u00e5 helt hjem til bistadet, s\u00e5 blev biavleren m\u00f8dt med synet af flere h\u00e5ndfulde d\u00f8de bier uden for bistadets indgang. V\u00e6r opm\u00e6rksom p\u00e5, at visse biforgiftningssymptomer kan have andre \u00e5rsager end biforgiftning for\u00e5rsaget af en planteavler. Der kan f.eks. v\u00e6re tale om gift fra naturligt forekommende planter, sult eller visse virussygdomme.<\/p>\n<p>Selv om der ikke er tale om akut forgiftning, s\u00e5 kan forskellige pesticider indsamlet i ikke-d\u00f8delige koncentrationer godt f\u00e5 negative konsekvenser for bierne. Disse s\u00e5kaldte subletale effekter hos bier omfatter bl.a. negativ indvirkning p\u00e5 biernes indl\u00e6rings- og orienteringsevner, \u00e6ndret tr\u00e6kadf\u00e6rd og den enkelte bis udvikling.<\/p>\n<p>&nbsp;<\/p>\n<p>&nbsp;<\/p>\n<p><strong>Erstatningspligtig<\/strong><\/p>\n<p>Den, der for\u00e5rsager biforgiftning kan g\u00f8res erstatningspligtig overfor biavlere, fr\u00f8avlere og andre som er blevet p\u00e5f\u00f8rt tab ved biforgiftningen. For at sikre en fornuftig sagsbehandling findes der et voldgiftssystem med repr\u00e6sentanter for b\u00e5de biavlen og jordbruget.<\/p>\n<p>&nbsp;<\/p>\n<p>&nbsp;<\/p>\n<p><strong>N\u00e5r dine bier er blevet forgiftet<\/strong><\/p>\n<p>Hvis du opdager, at dine bier er blevet udsat for en forgiftning, skal du:<\/p>\n<ul>\n<li><strong>Straks<\/strong> kontakte enten den lokale bikyndige voldgiftsmand eller den lokale planteavlskyndige voldgiftsmand (se kontaktoplysninger sidst i faktaarket).<\/li>\n<li><strong>Straks<\/strong> overd\u00e6kke de d\u00f8de bier med sort plastik, da det s\u00e6nker hastigheden af insektgiftens nedbrydning.<\/li>\n<li><strong>Bem\u00e6rk:<\/strong> Du m\u00e5 ikke selv udtage pr\u00f8ver af d\u00f8de bier o.lign. Udtager du alligevel pr\u00f8ver, betragtes de ikke som bevismateriale.<\/li>\n<li>Unders\u00f8g de marker, som ligger inden for biernes flyveradius for friske k\u00f8respor\/spr\u00f8jtespor.<\/li>\n<li>Kontakt biavlerne i omr\u00e5det og orienter om forgiftningen. Forh\u00f8r dig om andre biavlere i omr\u00e5det har observeret skader.<\/li>\n<\/ul>\n<p>&nbsp;<\/p>\n<p>&nbsp;<\/p>\n<p><strong>Voldgiftsmandens opgaver<\/strong><\/p>\n<ul>\n<li>N\u00e5r den lokale bikyndige voldgiftsmand modtager skadeanmeldelse fra en biavler, skal han\/hun straks underrette voldgiftsformanden om anmeldelsen.<\/li>\n<li>Den bikyndige voldgiftsmand kontakter dern\u00e6st en planteavlskyndig voldgiftsmand, og sammen vurderer de omfanget og \u00e5rsagen til skaden.<\/li>\n<li>I f\u00e6llesskab udtager voldgiftsm\u00e6ndene bi- og plantepr\u00f8ver. B\u00e5de den skadelidte og s\u00e5 vidt muligt ogs\u00e5 den, der antages at have forvoldt skaden indkaldes til vurderingsforretningen.<\/li>\n<\/ul>\n<p>&nbsp;<\/p>\n<p>&nbsp;<\/p>\n<p>&nbsp;<\/p>\n<p><strong>Voldgiftsm\u00e6ndenes udtagning af pr\u00f8ver<\/strong><\/p>\n<ul>\n<li>I f\u00e6llesskab udtager den bikyndige og den planteavlskyndige voldgiftsm\u00e6nd 2 s\u00e6t af alle pr\u00f8ver.\n<ul>\n<li>Det ene s\u00e6t <em>sendes straks<\/em> til analyse hos Offentlig bisygdomsbek\u00e6mpelse, Aarhus Universitet. Husk at vedl\u00e6g f\u00f8lgebrev, som oplyser, at pr\u00f8verne skal testes i forbindelse med en biforgiftningssag.<\/li>\n<li>Det andet s\u00e6t nedfryses.<\/li>\n<\/ul>\n<\/li>\n<\/ul>\n<p>Den ene voldgiftsmand s\u00f8rger for indsendelse af pr\u00f8verne, mens den anden opbevarer det andet s\u00e6t pr\u00f8ver p\u00e5 frost.<\/p>\n<ul>\n<li>Pr\u00f8verne tages hurtigst muligt og senest 24 timer efter anmeldelsen. Er det ikke muligt at indsende pr\u00f8verne straks efter indsamling, skal de opbevares k\u00f8ligt (evt. nedfryses).<\/li>\n<li><strong>Bipr\u00f8ver:<\/strong> Der indsamles enkeltvis 100-200 d\u00f8de bier (gerne med pollenbukser p\u00e5). Bierne skal indsamles enkeltvis og m\u00e5 ikke skrabes op. De indsamlede bier kommes direkte i en \u00e6ske (f.eks. forsendelses\u00e6ske eller en stor t\u00e6ndstik\u00e6ske).<\/li>\n<li><strong>Plantepr\u00f8ver:<\/strong> Fra hver mark man mist\u00e6nker for ulovligt spr\u00f8jtet, udtages 25 plantepr\u00f8ver langs en diagonal i marken. Plantepr\u00f8verne kan best\u00e5 af blad eller blomsterstand. Plantematerialet fra hver mark kommes i en separat plasticpose med oplysning om ejer eller bruger af den p\u00e5g\u00e6ldende mark.<\/li>\n<\/ul>\n<p>&nbsp;<\/p>\n<p>&nbsp;<\/p>\n<p><strong>Voldgiftsmandens rettigheder<\/strong><\/p>\n<ul>\n<li>I forbindelse med behandlingen af en forgiftningssag har voldgiftsm\u00e6ndene adgang til dyrkningsarealer og til udbygninger og tilsvarende lokaler, hvor der opbevares bek\u00e6mpelsesmidler.<\/li>\n<li>Voldgiftsm\u00e6ndene har ret til vederlagsfrit at udtage pr\u00f8ver af planter og kemikalier.<\/li>\n<li>Voldgiftsm\u00e6ndene har ret til at kontrollere spr\u00f8jteredskaber og spr\u00f8jtejournaler.<\/li>\n<\/ul>\n<p>&nbsp;<\/p>\n<p>&nbsp;<\/p>\n<p><strong>Yderligere oplysninger<\/strong><\/p>\n<p>Landbrugsstyrelsen har udgivet et <a href=\"https:\/\/lbst.dk\/landbrug\/genetiske-ressourcer\/biavl\/vilkaar-og-regler-for-biavl\/#c11678\" target=\"_blank\" rel=\"noopener noreferrer\">faktaark<\/a> om lovgivningen i forbindelse med forgiftning af honningbier.<\/p>\n<p>Du finder voldgiftsm\u00e6ndene <a href=\"https:\/\/lbst.dk\/landbrug\/genetiske-ressourcer\/biavl\/vilkaar-og-regler-for-biavl\/#c11678\" target=\"_blank\" rel=\"noopener noreferrer\">her<\/a><\/p>\n<p>I temah\u00e6ftet Bier og spr\u00f8jteskader kan du bl.a. l\u00e6se om, hvordan spr\u00f8jteskader kan forebygges. Du finder h\u00e6ftet <a href=\"https:\/\/www.biavl.dk\/medlemmer\/videnbank\/biygdom\/forebyg-sproejteskader\/\">her<\/a>.<\/p>\n","protected":false},"excerpt":{"rendered":"<p>I dag er vi heldigvis sluppet af med de v\u00e6rste plantebeskyttelsesmidler, som tidligere var skyld i store tab af bifamilier. Disse midler var s\u00e5 skrappe, at bierne d\u00f8de ganske kort tid efter at de var kommet i kontakt med dem. Tit d\u00f8de de forgiftede bier p\u00e5 vejen hjem til bistadet. Lykkedes det for de forgiftede [&hellip;]<\/p>\n","protected":false},"author":3,"featured_media":0,"parent":112680,"menu_order":2,"comment_status":"closed","ping_status":"closed","template":"","meta":{"_acf_changed":false,"footnotes":""},"class_list":["post-138989","page","type-page","status-publish","hentry"],"acf":[],"aioseo_notices":[],"_links":{"self":[{"href":"https:\/\/www.biavl.dk\/medlemmer\/wp-json\/wp\/v2\/pages\/138989","targetHints":{"allow":["GET"]}}],"collection":[{"href":"https:\/\/www.biavl.dk\/medlemmer\/wp-json\/wp\/v2\/pages"}],"about":[{"href":"https:\/\/www.biavl.dk\/medlemmer\/wp-json\/wp\/v2\/types\/page"}],"author":[{"embeddable":true,"href":"https:\/\/www.biavl.dk\/medlemmer\/wp-json\/wp\/v2\/users\/3"}],"replies":[{"embeddable":true,"href":"https:\/\/www.biavl.dk\/medlemmer\/wp-json\/wp\/v2\/comments?post=138989"}],"version-history":[{"count":6,"href":"https:\/\/www.biavl.dk\/medlemmer\/wp-json\/wp\/v2\/pages\/138989\/revisions"}],"predecessor-version":[{"id":139001,"href":"https:\/\/www.biavl.dk\/medlemmer\/wp-json\/wp\/v2\/pages\/138989\/revisions\/139001"}],"up":[{"embeddable":true,"href":"https:\/\/www.biavl.dk\/medlemmer\/wp-json\/wp\/v2\/pages\/112680"}],"wp:attachment":[{"href":"https:\/\/www.biavl.dk\/medlemmer\/wp-json\/wp\/v2\/media?parent=138989"}],"curies":[{"name":"wp","href":"https:\/\/api.w.org\/{rel}","templated":true}]}}