{"id":143041,"date":"2020-08-28T12:13:06","date_gmt":"2020-08-28T12:13:06","guid":{"rendered":"https:\/\/www.biavl.dk\/medlemmer\/?page_id=143041"},"modified":"2024-03-26T06:31:41","modified_gmt":"2024-03-26T06:31:41","slug":"middelfart-2020","status":"publish","type":"page","link":"https:\/\/www.biavl.dk\/medlemmer\/medlemmer\/generalforsamling\/middelfart-2020\/","title":{"rendered":"MIDDELFART 2020"},"content":{"rendered":"<p>P\u00e5 grund af situationen omkring Covid-19 blev Danmarks Biavlerforenings generalforsamling, der oprindelig skulle v\u00e6re afviklet i for\u00e5ret, udsat til L\u00f8rdag den 19. september i HUSET, Middelfart.<\/p>\n<p>Du kan her downloade materialet, som blev behandlet p\u00e5 m\u00f8det:<\/p>\n<p>\u00b7 \u00a0 \u00a0 \u00a0 \u00a0 <a href=\"https:\/\/www.biavl.dk\/medlemmer\/wp-content\/uploads\/2020\/08\/Velkomst.pdf\" target=\"_blank\" rel=\"noopener noreferrer\">Velkomst<\/a><\/p>\n<p>\u00b7\u00a0\u00a0\u00a0\u00a0\u00a0\u00a0\u00a0\u00a0 <a href=\"https:\/\/www.biavl.dk\/medlemmer\/wp-content\/uploads\/2020\/08\/DagsordenGeneralforsamling2020.pdf\" target=\"_blank\" rel=\"noopener noreferrer\">Dagsorden<\/a><\/p>\n<p>\u00b7\u00a0\u00a0\u00a0\u00a0\u00a0\u00a0\u00a0\u00a0 <a href=\"https:\/\/www.biavl.dk\/medlemmer\/wp-content\/uploads\/2020\/08\/Beretning2020.pdf\" target=\"_blank\" rel=\"noopener noreferrer\">Bestyrelsens skriftlige beretning<\/a><\/p>\n<p>\u00b7\u00a0\u00a0\u00a0\u00a0\u00a0\u00a0\u00a0\u00a0 <a href=\"https:\/\/www.biavl.dk\/medlemmer\/wp-content\/uploads\/2020\/08\/Aarsrapport2019.pdf\" target=\"_blank\" rel=\"noopener noreferrer\">\u00c5rsrapport 2019<\/a><\/p>\n<p>\u00b7\u00a0\u00a0\u00a0\u00a0\u00a0\u00a0\u00a0\u00a0 <a href=\"https:\/\/www.biavl.dk\/medlemmer\/wp-content\/uploads\/2020\/08\/ForslagStrategi.pdf\" target=\"_blank\" rel=\"noopener noreferrer\">Strategi 2020<\/a><\/p>\n<p>\u00b7\u00a0\u00a0\u00a0\u00a0\u00a0\u00a0\u00a0\u00a0 <a href=\"https:\/\/www.biavl.dk\/medlemmer\/wp-content\/uploads\/2020\/08\/Indkomne-forslag-fra-lokalforeninger.pdf\" target=\"_blank\" rel=\"noopener noreferrer\">Indkomne forslag fra lokalforeninger<\/a><\/p>\n<p>\u00b7\u00a0\u00a0\u00a0\u00a0\u00a0\u00a0\u00a0\u00a0 <a href=\"https:\/\/www.biavl.dk\/medlemmer\/wp-content\/uploads\/2020\/08\/ForslagVedtaegtsaendringer.pdf\" target=\"_blank\" rel=\"noopener noreferrer\">Forslag til vedt\u00e6gts\u00e6ndringer<\/a><\/p>\n<p>\u00b7\u00a0\u00a0\u00a0\u00a0\u00a0\u00a0\u00a0\u00a0 <a href=\"https:\/\/www.biavl.dk\/medlemmer\/wp-content\/uploads\/2020\/08\/ForslagBudget2021.pdf\" target=\"_blank\" rel=\"noopener noreferrer\">Forslag til budget 2021<\/a><\/p>\n<p>\u00b7\u00a0\u00a0\u00a0\u00a0\u00a0\u00a0\u00a0\u00a0 <a href=\"https:\/\/www.biavl.dk\/medlemmer\/wp-content\/uploads\/2020\/08\/Forslag-til-kontingent-2021.pdf\" target=\"_blank\" rel=\"noopener noreferrer\">Forslag til kontingent 2021<\/a><\/p>\n<p>L\u00e6s referatet af generalforsamlingen <a href=\"https:\/\/www.biavl.dk\/medlemmer\/wp-content\/uploads\/2020\/11\/BeslutningsreferatGeneralforsamling2020.pdf\" target=\"_blank\" rel=\"noopener noreferrer\">her<\/a>.<\/p>\n<p>For yderligere information om generalforsamlingen henvises til <a href=\"http:\/\/www.biavl.dk\/om-bdf\/vedtaegter\/\">Danmarks Biavlerforenings vedt\u00e6gter \u00a7 5<\/a>.<\/p>\n<p>&nbsp;<\/p>\n","protected":false},"excerpt":{"rendered":"<p>P\u00e5 grund af situationen omkring Covid-19 blev Danmarks Biavlerforenings generalforsamling, der oprindelig skulle v\u00e6re afviklet i for\u00e5ret, udsat til L\u00f8rdag den 19. september i HUSET, Middelfart. Du kan her downloade materialet, som blev behandlet p\u00e5 m\u00f8det: \u00b7 \u00a0 \u00a0 \u00a0 \u00a0 Velkomst \u00b7\u00a0\u00a0\u00a0\u00a0\u00a0\u00a0\u00a0\u00a0 Dagsorden \u00b7\u00a0\u00a0\u00a0\u00a0\u00a0\u00a0\u00a0\u00a0 Bestyrelsens skriftlige beretning \u00b7\u00a0\u00a0\u00a0\u00a0\u00a0\u00a0\u00a0\u00a0 \u00c5rsrapport 2019 \u00b7\u00a0\u00a0\u00a0\u00a0\u00a0\u00a0\u00a0\u00a0 Strategi 2020 \u00b7\u00a0\u00a0\u00a0\u00a0\u00a0\u00a0\u00a0\u00a0 [&hellip;]<\/p>\n","protected":false},"author":4,"featured_media":0,"parent":2787,"menu_order":6,"comment_status":"closed","ping_status":"closed","template":"","meta":{"_acf_changed":false,"footnotes":""},"class_list":["post-143041","page","type-page","status-publish","hentry"],"acf":[],"aioseo_notices":[],"_links":{"self":[{"href":"https:\/\/www.biavl.dk\/medlemmer\/wp-json\/wp\/v2\/pages\/143041","targetHints":{"allow":["GET"]}}],"collection":[{"href":"https:\/\/www.biavl.dk\/medlemmer\/wp-json\/wp\/v2\/pages"}],"about":[{"href":"https:\/\/www.biavl.dk\/medlemmer\/wp-json\/wp\/v2\/types\/page"}],"author":[{"embeddable":true,"href":"https:\/\/www.biavl.dk\/medlemmer\/wp-json\/wp\/v2\/users\/4"}],"replies":[{"embeddable":true,"href":"https:\/\/www.biavl.dk\/medlemmer\/wp-json\/wp\/v2\/comments?post=143041"}],"version-history":[{"count":6,"href":"https:\/\/www.biavl.dk\/medlemmer\/wp-json\/wp\/v2\/pages\/143041\/revisions"}],"predecessor-version":[{"id":150162,"href":"https:\/\/www.biavl.dk\/medlemmer\/wp-json\/wp\/v2\/pages\/143041\/revisions\/150162"}],"up":[{"embeddable":true,"href":"https:\/\/www.biavl.dk\/medlemmer\/wp-json\/wp\/v2\/pages\/2787"}],"wp:attachment":[{"href":"https:\/\/www.biavl.dk\/medlemmer\/wp-json\/wp\/v2\/media?parent=143041"}],"curies":[{"name":"wp","href":"https:\/\/api.w.org\/{rel}","templated":true}]}}