{"id":147568,"date":"2020-10-15T12:46:47","date_gmt":"2020-10-15T12:46:47","guid":{"rendered":"https:\/\/www.biavl.dk\/medlemmer\/?page_id=147568"},"modified":"2020-10-15T12:58:08","modified_gmt":"2020-10-15T12:58:08","slug":"valnoeddemarcipan-med-honning","status":"publish","type":"page","link":"https:\/\/www.biavl.dk\/medlemmer\/videnbank\/opskrifter\/kager-og-konfekt\/valnoeddemarcipan-med-honning\/","title":{"rendered":"VALN\u00d8DDEMARCIPAN MED HONNING"},"content":{"rendered":"<p>Valn\u00f8dder og mandler males til mel i en mandelkv\u00e6rn, eller blendes til fint mel.<\/p>\n<p>Honning tils\u00e6ttes og der \u00e6ltes til massen samler sig (det tager et stykke tid).<\/p>\n<p>Massen gemmes i k\u00f8leskabet til n\u00e6ste dag, hvor den formes til marcipankugler, eller marcipanbr\u00f8d, og derefter overtr\u00e6kkes med chokolade.<\/p>\n<p>&nbsp;<\/p>\n<p>Opskrift: Anette Storgaard (indsendt til opskriftskonkurrencen 2020)<\/p>\n","protected":false},"excerpt":{"rendered":"<p>Valn\u00f8dder og mandler males til mel i en mandelkv\u00e6rn, eller blendes til fint mel. Honning tils\u00e6ttes og der \u00e6ltes til massen samler sig (det tager et stykke tid). Massen gemmes i k\u00f8leskabet til n\u00e6ste dag, hvor den formes til marcipankugler, eller marcipanbr\u00f8d, og derefter overtr\u00e6kkes med chokolade. &nbsp; Opskrift: Anette Storgaard (indsendt til opskriftskonkurrencen 2020)<\/p>\n","protected":false},"author":3,"featured_media":0,"parent":54,"menu_order":0,"comment_status":"closed","ping_status":"closed","template":"page-opskriften.php","meta":{"_acf_changed":false,"footnotes":""},"class_list":["post-147568","page","type-page","status-publish","hentry"],"acf":[],"aioseo_notices":[],"_links":{"self":[{"href":"https:\/\/www.biavl.dk\/medlemmer\/wp-json\/wp\/v2\/pages\/147568","targetHints":{"allow":["GET"]}}],"collection":[{"href":"https:\/\/www.biavl.dk\/medlemmer\/wp-json\/wp\/v2\/pages"}],"about":[{"href":"https:\/\/www.biavl.dk\/medlemmer\/wp-json\/wp\/v2\/types\/page"}],"author":[{"embeddable":true,"href":"https:\/\/www.biavl.dk\/medlemmer\/wp-json\/wp\/v2\/users\/3"}],"replies":[{"embeddable":true,"href":"https:\/\/www.biavl.dk\/medlemmer\/wp-json\/wp\/v2\/comments?post=147568"}],"version-history":[{"count":10,"href":"https:\/\/www.biavl.dk\/medlemmer\/wp-json\/wp\/v2\/pages\/147568\/revisions"}],"predecessor-version":[{"id":147583,"href":"https:\/\/www.biavl.dk\/medlemmer\/wp-json\/wp\/v2\/pages\/147568\/revisions\/147583"}],"up":[{"embeddable":true,"href":"https:\/\/www.biavl.dk\/medlemmer\/wp-json\/wp\/v2\/pages\/54"}],"wp:attachment":[{"href":"https:\/\/www.biavl.dk\/medlemmer\/wp-json\/wp\/v2\/media?parent=147568"}],"curies":[{"name":"wp","href":"https:\/\/api.w.org\/{rel}","templated":true}]}}