{"id":147723,"date":"2020-10-16T07:47:07","date_gmt":"2020-10-16T07:47:07","guid":{"rendered":"https:\/\/www.biavl.dk\/medlemmer\/?page_id=147723"},"modified":"2020-10-16T07:47:07","modified_gmt":"2020-10-16T07:47:07","slug":"valnoedder-i-honning-cognac","status":"publish","type":"page","link":"https:\/\/www.biavl.dk\/medlemmer\/videnbank\/opskrifter\/desserter\/valnoedder-i-honning-cognac\/","title":{"rendered":"VALN\u00d8DDER I HONNING &#038; COGNAC"},"content":{"rendered":"<p>S\u00e6t valn\u00f8dderne i bl\u00f8d i kogt vand, i 5 minutter.<\/p>\n<p>Giv honning og vand et opkog. Fl\u00e6k vaniliestangen, og kog med i 5 minutter, ved lav varme.<\/p>\n<p>Et drys kanel, efter smag kan tils\u00e6ttes.<\/p>\n<p>Skyl n\u00f8dderne med kogende vand. Det fjerner de sidste urenheder, samt evt. bitterstoffer.<\/p>\n<p>Tils\u00e6t n\u00f8dderne til honningen, og kog med i yderligere 5 minutter f\u00f8r cognacen tils\u00e6ttes. H\u00e6ldes p\u00e5 glas.<\/p>\n<p>Kan nydes til bl.a. ost, is, kage, yoghurt&#8230;<\/p>\n<p>&nbsp;<\/p>\n<p>Opskrift: Mikkel J\u00f8rgensen (indsendt til opskriftskonkurrencen 2020).<\/p>\n","protected":false},"excerpt":{"rendered":"<p>S\u00e6t valn\u00f8dderne i bl\u00f8d i kogt vand, i 5 minutter. Giv honning og vand et opkog. Fl\u00e6k vaniliestangen, og kog med i 5 minutter, ved lav varme. Et drys kanel, efter smag kan tils\u00e6ttes. Skyl n\u00f8dderne med kogende vand. Det fjerner de sidste urenheder, samt evt. bitterstoffer. Tils\u00e6t n\u00f8dderne til honningen, og kog med i [&hellip;]<\/p>\n","protected":false},"author":3,"featured_media":0,"parent":52,"menu_order":0,"comment_status":"closed","ping_status":"closed","template":"page-opskriften.php","meta":{"_acf_changed":false,"footnotes":""},"class_list":["post-147723","page","type-page","status-publish","hentry"],"acf":[],"aioseo_notices":[],"_links":{"self":[{"href":"https:\/\/www.biavl.dk\/medlemmer\/wp-json\/wp\/v2\/pages\/147723","targetHints":{"allow":["GET"]}}],"collection":[{"href":"https:\/\/www.biavl.dk\/medlemmer\/wp-json\/wp\/v2\/pages"}],"about":[{"href":"https:\/\/www.biavl.dk\/medlemmer\/wp-json\/wp\/v2\/types\/page"}],"author":[{"embeddable":true,"href":"https:\/\/www.biavl.dk\/medlemmer\/wp-json\/wp\/v2\/users\/3"}],"replies":[{"embeddable":true,"href":"https:\/\/www.biavl.dk\/medlemmer\/wp-json\/wp\/v2\/comments?post=147723"}],"version-history":[{"count":7,"href":"https:\/\/www.biavl.dk\/medlemmer\/wp-json\/wp\/v2\/pages\/147723\/revisions"}],"predecessor-version":[{"id":147735,"href":"https:\/\/www.biavl.dk\/medlemmer\/wp-json\/wp\/v2\/pages\/147723\/revisions\/147735"}],"up":[{"embeddable":true,"href":"https:\/\/www.biavl.dk\/medlemmer\/wp-json\/wp\/v2\/pages\/52"}],"wp:attachment":[{"href":"https:\/\/www.biavl.dk\/medlemmer\/wp-json\/wp\/v2\/media?parent=147723"}],"curies":[{"name":"wp","href":"https:\/\/api.w.org\/{rel}","templated":true}]}}