{"id":159,"date":"2016-02-22T13:21:28","date_gmt":"2016-02-22T13:21:28","guid":{"rendered":"http:\/\/vonbulow.org\/medlemmer\/?page_id=159"},"modified":"2016-06-22T14:09:52","modified_gmt":"2016-06-22T14:09:52","slug":"spinatsalat-med-honning-og-mandler","status":"publish","type":"page","link":"https:\/\/www.biavl.dk\/medlemmer\/videnbank\/opskrifter\/forretter\/spinatsalat-med-honning-og-mandler\/","title":{"rendered":"SPINATSALAT MED HONNING OG MANDLER"},"content":{"rendered":"<ol>\n<li>Anret spinaten p\u00e5 et stort fad.<\/li>\n<li>Drys l\u00f8g og mandler henover.<\/li>\n<li><del><\/del>Pisk honning, eddike, sennep, olivenolie, salt og peber sammen i en sk\u00e5l og h\u00e6ld dressingen over bladene.<\/li>\n<\/ol>\n<p>Du kan ogs\u00e5 bruge valn\u00f8dder eller pinjekerner.<\/p>\n","protected":false},"excerpt":{"rendered":"<p>Anret spinaten p\u00e5 et stort fad. Drys l\u00f8g og mandler henover. Pisk honning, eddike, sennep, olivenolie, salt og peber sammen i en sk\u00e5l og h\u00e6ld dressingen over bladene. Du kan ogs\u00e5 bruge valn\u00f8dder eller pinjekerner.<\/p>\n","protected":false},"author":1,"featured_media":0,"parent":48,"menu_order":3,"comment_status":"closed","ping_status":"closed","template":"page-opskriften.php","meta":{"_acf_changed":false,"footnotes":""},"class_list":["post-159","page","type-page","status-publish","hentry"],"acf":[],"aioseo_notices":[],"_links":{"self":[{"href":"https:\/\/www.biavl.dk\/medlemmer\/wp-json\/wp\/v2\/pages\/159","targetHints":{"allow":["GET"]}}],"collection":[{"href":"https:\/\/www.biavl.dk\/medlemmer\/wp-json\/wp\/v2\/pages"}],"about":[{"href":"https:\/\/www.biavl.dk\/medlemmer\/wp-json\/wp\/v2\/types\/page"}],"author":[{"embeddable":true,"href":"https:\/\/www.biavl.dk\/medlemmer\/wp-json\/wp\/v2\/users\/1"}],"replies":[{"embeddable":true,"href":"https:\/\/www.biavl.dk\/medlemmer\/wp-json\/wp\/v2\/comments?post=159"}],"version-history":[{"count":1,"href":"https:\/\/www.biavl.dk\/medlemmer\/wp-json\/wp\/v2\/pages\/159\/revisions"}],"predecessor-version":[{"id":8791,"href":"https:\/\/www.biavl.dk\/medlemmer\/wp-json\/wp\/v2\/pages\/159\/revisions\/8791"}],"up":[{"embeddable":true,"href":"https:\/\/www.biavl.dk\/medlemmer\/wp-json\/wp\/v2\/pages\/48"}],"wp:attachment":[{"href":"https:\/\/www.biavl.dk\/medlemmer\/wp-json\/wp\/v2\/media?parent=159"}],"curies":[{"name":"wp","href":"https:\/\/api.w.org\/{rel}","templated":true}]}}