{"id":160122,"date":"2021-03-06T05:42:49","date_gmt":"2021-03-06T05:42:49","guid":{"rendered":"https:\/\/www.biavl.dk\/medlemmer\/?page_id=160122"},"modified":"2024-03-26T06:43:59","modified_gmt":"2024-03-26T06:43:59","slug":"praemier-til-loerdagens-quiz","status":"publish","type":"page","link":"https:\/\/www.biavl.dk\/medlemmer\/praemier-til-loerdagens-quiz\/","title":{"rendered":"Pr\u00e6mier til l\u00f8rdagens quiz"},"content":{"rendered":"<p>Oversigt over pr\u00e6mier til Biavlskonferencen<\/p>\n<p><strong>BeeSnapp\u00a0<\/strong><br \/>\n<a href=\"https:\/\/www.beesnapp.dk\/product\/10-birammer\/\" target=\"_blank\" rel=\"noopener\">4 kasser med 10 rammer i hver. Man m\u00e5 selv v\u00e6lge om det skal v\u00e6re 12&#215;10 eller\u00a0Langstroth<\/a><\/p>\n<p><strong>Bihuset\u00a0<\/strong><br \/>\n<a href=\"https:\/\/www.bihuset.dk\/tappernoje-komplet-stade-tilbud-12-x-10\" target=\"_blank\" rel=\"noopener\">1 stk. komplet Tappern\u00f8je Stade<\/a><\/p>\n<p>2 stk. <a href=\"https:\/\/www.bihuset.dk\/gron-ventilations-heldragt-fra-nordic-beekeeping\" target=\"_blank\" rel=\"noopener\">Nordic Beekeeping Ventilations dragt<\/a><\/p>\n<p>5 par <a href=\"https:\/\/www.bihuset.dk\/ventilationshandsker\" target=\"_blank\" rel=\"noopener\">Nordic Beekeeping Ventilations Handsker<\/a><\/p>\n<p><strong>Bishop.dk\u00a0<\/strong><br \/>\n1 stk. <a href=\"https:\/\/bishop.dk\/tilbehor\/62-ilodningsapparat-til-voks-pris-koebenhavn-sjaelland-kbh.html\" target=\"_blank\" rel=\"noopener\">Ilodning apparat &#8211; Fremstillet i Tyskland &#8211; CE godkendt<\/a><\/p>\n<p>2 stk. <a href=\"https:\/\/bishop.dk\/blomster-froblandinger\/181-bi-og-insektvenlige-blomster-13-slags.html\" target=\"_blank\" rel=\"noopener\">BI- OG INSEKTVENLIGE BLOMSTER 1 KG FR\u00d8, 13 SLAGS &#8211; IKKE BEJDSEDE\u202ffra Hunsballe Fr\u00f8 (DSV) &#8211; nok til 600 m2 <\/a><\/p>\n<p>1 stk. <a href=\"https:\/\/bishop.dk\/froblandinger\/135-blodklover-ikke-bejdset-2-kg.html\" target=\"_blank\" rel=\"noopener\">BLODKL\u00d8VER &#8211; IKKE BEJDSEDE &#8211; 2 KG -\u202ffra Hunsballe Fr\u00f8 (DSV) &#8211; nok til 800 m2<\/a><\/p>\n<p>1 stk. <a href=\"https:\/\/bishop.dk\/froblandinger\/85-insektvold-pris-koebenhavn-sjaelland-kbh.html\" target=\"_blank\" rel=\"noopener\">INSEKTVOLD, 1 KG. &#8211; CA. 1000 M2 &#8211; IKKE BEJDSEDE fra Hunsballe Fr\u00f8 (DSV)\u202f &#8211; nok til 1000 m2<\/a><\/p>\n<p><strong>Swienty\u00a0<\/strong><br \/>\n1 stk. <a href=\"https:\/\/www.swienty.com\/pi\/Swienty-Jakke-m-hat-og-sl%C3%B8r-S-sand_4002494_164645.aspx\" target=\"_blank\" rel=\"noopener\">Swienty jakke med hat og sl\u00f8r<\/a><\/p>\n<p>1 stk. <a href=\"https:\/\/www.swienty.com\/pi\/Swienty-Breeze---Large---Sand_7227911_237917.aspx\" target=\"_blank\" rel=\"noopener\">Swienty Breeze dragt med unik hat og sl\u00f8r<\/a><\/p>\n<p>1 par <a href=\"https:\/\/www.swienty.com\/pi\/Swienty-Supreme-l%C3%A6derhandske-str-9_10232705_164650.aspx\" target=\"_blank\" rel=\"noopener\">Swienty Supreme handsker<\/a><\/p>\n<p>1 stk. Swienty premium v\u00e6rkt\u00f8jss\u00e6t, best\u00e5ende af <a href=\"https:\/\/www.swienty.com\/pi\/Swienty-Premium-Tavletang_5137238_164636.aspx\" target=\"_blank\" rel=\"noopener\">tavletang<\/a>, <a href=\"https:\/\/www.swienty.com\/pi\/Swienty-Supergaffel_4002680_164684.aspx\" target=\"_blank\" rel=\"noopener\">supergaffel<\/a>, <a href=\"https:\/\/www.swienty.com\/pi\/Swienty-Premium-Stadekniv_6160121_164636.aspx\" target=\"_blank\" rel=\"noopener\">stadekniv<\/a> og <a href=\"https:\/\/www.swienty.com\/pi\/Swienty-Premium-Tr%C3%A5dstrammer_8304578_164640.aspx\" target=\"_blank\" rel=\"noopener\">tr\u00e5dstrammer<\/a><\/p>\n<p><strong>Klausholm Biavl\u00a0<\/strong><br \/>\n50 stk. <a href=\"https:\/\/www.klausholm-biavl.dk\/p\/a12x10-rammer\/\" target=\"_blank\" rel=\"noopener\">KB rammer i 12&#215;10<\/a><\/p>\n<p><strong>Dronninger fra dronningeavlere\u00a0<\/strong><br \/>\n<a href=\"https:\/\/min-honning.dk\/\" target=\"_blank\" rel=\"noopener\">Jakob Germundsson<\/a>:\u00a0 1 parret og 2 uparrede<br \/>\n<a href=\"http:\/\/www.himmerlandske-bier.dk\" target=\"_blank\" rel=\"noopener\">Ivan Nielsen<\/a>: 1 parret og 2 uparrede<br \/>\nWilly Svendsen: 1 parret og 2 uparrede<br \/>\n<a href=\"http:\/\/www.fredeligebier.dk\" target=\"_blank\" rel=\"noopener\">Anders Peter Bl\u00e6sild<\/a>: 1 parret og 2 uparrede<br \/>\n<a href=\"http:\/\/www.honningpigen.dk\" target=\"_blank\" rel=\"noopener\">Honningpigen<\/a>: 1 parret og 2 uparrede<br \/>\nBo Knudsen: 1 parret og 2 uparrede<br \/>\n<a href=\"https:\/\/www.facebook.com\/HfHonning\" target=\"_blank\" rel=\"noopener\">HF Honning<\/a>: 1 parret og 2 uparrede<br \/>\nSvend Sejr: 1 parret og 2 uparrede<br \/>\nGert Grundvad Skovgaard: 1 parret og 2 uparrede<br \/>\n<a href=\"http:\/\/www.stougaard-biavl.dk\" target=\"_blank\" rel=\"noopener\">Peter Stougaard<\/a>: 2 parrede og 4 uparrede<\/p>\n","protected":false},"excerpt":{"rendered":"<p>Oversigt over pr\u00e6mier til Biavlskonferencen BeeSnapp\u00a0 4 kasser med 10 rammer i hver. Man m\u00e5 selv v\u00e6lge om det skal v\u00e6re 12&#215;10 eller\u00a0Langstroth Bihuset\u00a0 1 stk. komplet Tappern\u00f8je Stade 2 stk. Nordic Beekeeping Ventilations dragt 5 par Nordic Beekeeping Ventilations Handsker Bishop.dk\u00a0 1 stk. Ilodning apparat &#8211; Fremstillet i Tyskland &#8211; CE godkendt 2 stk. [&hellip;]<\/p>\n","protected":false},"author":3,"featured_media":0,"parent":0,"menu_order":14,"comment_status":"closed","ping_status":"closed","template":"","meta":{"_acf_changed":false,"footnotes":""},"class_list":["post-160122","page","type-page","status-publish","hentry"],"acf":[],"aioseo_notices":[],"_links":{"self":[{"href":"https:\/\/www.biavl.dk\/medlemmer\/wp-json\/wp\/v2\/pages\/160122","targetHints":{"allow":["GET"]}}],"collection":[{"href":"https:\/\/www.biavl.dk\/medlemmer\/wp-json\/wp\/v2\/pages"}],"about":[{"href":"https:\/\/www.biavl.dk\/medlemmer\/wp-json\/wp\/v2\/types\/page"}],"author":[{"embeddable":true,"href":"https:\/\/www.biavl.dk\/medlemmer\/wp-json\/wp\/v2\/users\/3"}],"replies":[{"embeddable":true,"href":"https:\/\/www.biavl.dk\/medlemmer\/wp-json\/wp\/v2\/comments?post=160122"}],"version-history":[{"count":7,"href":"https:\/\/www.biavl.dk\/medlemmer\/wp-json\/wp\/v2\/pages\/160122\/revisions"}],"predecessor-version":[{"id":160129,"href":"https:\/\/www.biavl.dk\/medlemmer\/wp-json\/wp\/v2\/pages\/160122\/revisions\/160129"}],"wp:attachment":[{"href":"https:\/\/www.biavl.dk\/medlemmer\/wp-json\/wp\/v2\/media?parent=160122"}],"curies":[{"name":"wp","href":"https:\/\/api.w.org\/{rel}","templated":true}]}}