{"id":160360,"date":"2021-03-07T11:58:08","date_gmt":"2021-03-07T11:58:08","guid":{"rendered":"https:\/\/www.biavl.dk\/medlemmer\/?page_id=160360"},"modified":"2024-03-26T06:43:59","modified_gmt":"2024-03-26T06:43:59","slug":"har-du-vundet","status":"publish","type":"page","link":"https:\/\/www.biavl.dk\/medlemmer\/har-du-vundet\/","title":{"rendered":"Har du vundet?"},"content":{"rendered":"<p>I forbindelse med Biavlskonferencens quiz er der udloddet en lang r\u00e6kke flotte pr\u00e6mier fra materielforhandlere og dronningeavlere. Nedenfor kan du se, om du er blandt de heldige vindere.<\/p>\n<p>Vinderne f\u00e5r direkte besked.<\/p>\n<p>&nbsp;<\/p>\n<p><strong>Pr\u00e6mier fra Bihuset:<\/strong><\/p>\n<p>1 stk. komplet Tappern\u00f8je Stade: Carsten Madsen, Silkeborg<\/p>\n<p>1 stk. Nordic Beekeeping ventilationsdragt: Per Bengtson, Galten<\/p>\n<p>1 stk. Nordic Beekeeping ventilationsdragt: Erik Hansen, Ballum<\/p>\n<p>1 stk. Nordic Beekeeping ventilationshandske: Susanne D\u00f6rfler, Skiptvet, Norge<\/p>\n<p>1 stk. Nordic Beekeeping ventilationshandske: Henrik Birk, Them<\/p>\n<p>1 stk. Nordic Beekeeping ventilationshandske: Per Jensen, Randers NV<\/p>\n<p>1 stk. Nordic Beekeeping ventilationshandske: Bitte Skriver, Roskilde<\/p>\n<p>1 stk. Nordic Beekeeping ventilationshandske: Per S\u00f8rensen, Sk\u00e6rb\u00e6k<\/p>\n<p>&nbsp;<\/p>\n<p><strong>Pr\u00e6mier fra Swienty:<\/strong><\/p>\n<p>1 Swienty jakke med hat og sl\u00f8r: John Kristensen, N\u00f8rre Alslev<\/p>\n<p>1 stk. Swienty Breeze dragt med unik hat og sl\u00f8r: Helle Hostrup, Aalborg<\/p>\n<p>1 par Swienty Supreme handsker: Jesper Gottlieb, V\u00e6rl\u00f8se<\/p>\n<p>1 stk. Swienty premium v\u00e6rkt\u00f8jss\u00e6t, best\u00e5ende af tavletang, supergaffel, stadekniv og tr\u00e5dstrammer: Henrik Birk, Them<\/p>\n<p>&nbsp;<\/p>\n<p><strong>Pr\u00e6mier fra Beesnap:<\/strong><br \/>\n4 kasser med 10 BeeSnapp rammer: Jacob Niels Bjerrum, Aarhus V<\/p>\n<p>&nbsp;<\/p>\n<p><strong>Pr\u00e6mier fra Klausholm biavl:<\/strong><\/p>\n<p>50 stk. KB rammer i 12&#215;10: Gitte Haug, Fredericia<\/p>\n<p>&nbsp;<\/p>\n<p><strong>Pr\u00e6mier fra Bishop.dk:<\/strong><\/p>\n<p>1 stk. Ilodnings apparat: Kamma Rasmussen, Kalundborg<\/p>\n<p>2 stk. Bi- og insektvenlige blomster 1 kg: Luise Bertelsen, Ringsted<\/p>\n<p>1 stk. Blodkl\u00f8ver, ikke bejdsede, 2 kg: Birgitta H\u00f6glund Nielsen, Valby<\/p>\n<p>1 stk. Insektvold, 1 kg: Irmgard Kolb, Padborg<\/p>\n<p>&nbsp;<\/p>\n<p>&nbsp;<\/p>\n<p>Vindere af dronninger fra dronningeavlere<\/p>\n<p>&nbsp;<\/p>\n<p><strong>Dronningeavler Jakob Germundsson<\/strong><\/p>\n<p>1 parret dronning: Eric Andersen, Hvidovre<\/p>\n<p>1 uparret dronning: Vera Keim, Gudhjem<\/p>\n<p>1 uparret dronning: Tove B\u00f8ttcher, Aabenraa<\/p>\n<p>&nbsp;<\/p>\n<p><strong>Dronningeavler Ivan Nielsen<\/strong><\/p>\n<p>1 parret dronning: Finn Larsen, Billum<\/p>\n<p>1 uparret dronning: Eigil Wiwe, Lynge<\/p>\n<p>1 uparret dronning: Ask Laurberg, Stenl\u00f8se<\/p>\n<p>&nbsp;<\/p>\n<p><strong>Dronningeavler Willy Svendsen<\/strong><\/p>\n<p>1 parret dronning: Ellen M\u00f8ller, Ryomgaard<\/p>\n<p>1 uparret dronning: Ejnar Zacho Rath, Kerteminde<\/p>\n<p>1 uparret dronning: Rikke Gormsen, Kgs. Lyngby<\/p>\n<p>&nbsp;<\/p>\n<p><strong>Dronningeavler Anders Peter Bl\u00e6sild<\/strong><\/p>\n<p>1 parret dronning: Charlotte Broch Nielsen, Aalborg<\/p>\n<p>1 uparret dronning: Torben Pedersen, Svendborg<\/p>\n<p>1 uparret dronning: Evelyn Krogh-Pedersen, Kolding<\/p>\n<p>&nbsp;<\/p>\n<p><strong>Dronningeavler Honningpigen<\/strong><\/p>\n<p>1 parret dronning: Karen Wichmann, Vejen<\/p>\n<p>1 uparret dronning: Knud Erik Vindum, Randers<\/p>\n<p>1 uparret dronning: Eva Levinsen, Kalundborg<\/p>\n<p>&nbsp;<\/p>\n<p><strong>Dronningeavler Bo Knudsen<\/strong><\/p>\n<p>1 parret dronning: Benny Pieszak, Nyborg<\/p>\n<p>1 uparret dronning: Svenne Gaba, Lang\u00e5<\/p>\n<p>1 uparret dronning: Lars Green, Hvals\u00f8<\/p>\n<p>&nbsp;<\/p>\n<p><strong>Dronningeavler HF Honning<\/strong><\/p>\n<p>1 parret dronning: Anette Benzon, Hasle<\/p>\n<p>1 uparret dronning: Fam. Steenstrup, Eskilstrup<\/p>\n<p>1 uparret dronning: Eva Cathrine Fischer, Odense C<\/p>\n<p>&nbsp;<\/p>\n<p><strong>Dronningeavler Svend Sejr<\/strong><\/p>\n<p>1 parret dronning: Esben Bork Lagoni, Ribe<\/p>\n<p>1 uparret dronning: Benjamin Bach, Hedensted<\/p>\n<p>1 uparret dronning: Willy Svendsen, Frederikshavn<\/p>\n<p>&nbsp;<\/p>\n<p><strong>Dronningeavler Gert Grundvad Skovgaard<\/strong><\/p>\n<p>1 parret dronning: Line \u00d8skov-Knudsen, Kolding<\/p>\n<p>1 uparret dronning: M\u00fcggler Mortensen, Billund<\/p>\n<p>1 uparret dronning: Peter Weiglin, Herning<\/p>\n<p>&nbsp;<\/p>\n<p><strong>Dronningeavler Peter Stougaard<\/strong><\/p>\n<p>1 parret dronning: Steen Lindb\u00e6k, Kolding<\/p>\n<p>1 uparret dronning: Preben Hirsborg, Kastrup<\/p>\n<p>1 uparret dronning: Lise-Lotte Mortensen, Billund<\/p>\n<p>1 uparret dronning: Tyge Busk, Br\u00f8rup<\/p>\n<p>1 uparret dronning: Sonja Jacobi, Holte<\/p>\n<p>&nbsp;<\/p>\n","protected":false},"excerpt":{"rendered":"<p>I forbindelse med Biavlskonferencens quiz er der udloddet en lang r\u00e6kke flotte pr\u00e6mier fra materielforhandlere og dronningeavlere. Nedenfor kan du se, om du er blandt de heldige vindere. Vinderne f\u00e5r direkte besked. &nbsp; Pr\u00e6mier fra Bihuset: 1 stk. komplet Tappern\u00f8je Stade: Carsten Madsen, Silkeborg 1 stk. Nordic Beekeeping ventilationsdragt: Per Bengtson, Galten 1 stk. Nordic [&hellip;]<\/p>\n","protected":false},"author":3,"featured_media":0,"parent":0,"menu_order":10,"comment_status":"closed","ping_status":"closed","template":"","meta":{"_acf_changed":false,"footnotes":""},"class_list":["post-160360","page","type-page","status-publish","hentry"],"acf":[],"aioseo_notices":[],"_links":{"self":[{"href":"https:\/\/www.biavl.dk\/medlemmer\/wp-json\/wp\/v2\/pages\/160360","targetHints":{"allow":["GET"]}}],"collection":[{"href":"https:\/\/www.biavl.dk\/medlemmer\/wp-json\/wp\/v2\/pages"}],"about":[{"href":"https:\/\/www.biavl.dk\/medlemmer\/wp-json\/wp\/v2\/types\/page"}],"author":[{"embeddable":true,"href":"https:\/\/www.biavl.dk\/medlemmer\/wp-json\/wp\/v2\/users\/3"}],"replies":[{"embeddable":true,"href":"https:\/\/www.biavl.dk\/medlemmer\/wp-json\/wp\/v2\/comments?post=160360"}],"version-history":[{"count":3,"href":"https:\/\/www.biavl.dk\/medlemmer\/wp-json\/wp\/v2\/pages\/160360\/revisions"}],"predecessor-version":[{"id":161107,"href":"https:\/\/www.biavl.dk\/medlemmer\/wp-json\/wp\/v2\/pages\/160360\/revisions\/161107"}],"wp:attachment":[{"href":"https:\/\/www.biavl.dk\/medlemmer\/wp-json\/wp\/v2\/media?parent=160360"}],"curies":[{"name":"wp","href":"https:\/\/api.w.org\/{rel}","templated":true}]}}