{"id":1635,"date":"2016-03-21T14:11:27","date_gmt":"2016-03-21T14:11:27","guid":{"rendered":"http:\/\/vonbulow.org\/medlemmer\/?page_id=1635"},"modified":"2023-11-04T12:31:01","modified_gmt":"2023-11-04T12:31:01","slug":"b-f-vendsyssel","status":"publish","type":"page","link":"https:\/\/www.biavl.dk\/medlemmer\/lokale-foreninger\/b-f-vendsyssel\/","title":{"rendered":"B.F. Vendsyssel"},"content":{"rendered":"<p>Vi er en forening i det midtvendsysselske, n\u00e6rmere betegnet omkring Br\u00f8nderslev. Vores forening blev stiftet i 1979. Vi har ca. 50 medlemmer. Vi m\u00f8des hver onsdag aften sommeren igennem i vort klubhus p\u00e5\u00a0Stadevej 48\u00a0i Br\u00f8nderslev. Vi tilser vores bier og f\u00e5r os en god snak, idet det sociale prioriteres h\u00f8jt. Vi opretter begynderkurser og pr\u00f8ver at tage godt vare p\u00e5 de nye medlemmer.<\/p>\n<p>Vinteren over arrangeres der foredrag og hyggeaftener.<\/p>\n","protected":false},"excerpt":{"rendered":"<p>Vi er en forening i det midtvendsysselske, n\u00e6rmere betegnet omkring Br\u00f8nderslev. Vores forening blev stiftet i 1979. Vi har ca. 50 medlemmer. Vi m\u00f8des hver onsdag aften sommeren igennem i vort klubhus p\u00e5\u00a0Stadevej 48\u00a0i Br\u00f8nderslev. Vi tilser vores bier og f\u00e5r os en god snak, idet det sociale prioriteres h\u00f8jt. Vi opretter begynderkurser og pr\u00f8ver [&hellip;]<\/p>\n","protected":false},"author":1,"featured_media":0,"parent":738,"menu_order":7,"comment_status":"closed","ping_status":"closed","template":"page_visforening.php","meta":{"_acf_changed":false,"footnotes":""},"class_list":["post-1635","page","type-page","status-publish","hentry"],"acf":[],"aioseo_notices":[],"_links":{"self":[{"href":"https:\/\/www.biavl.dk\/medlemmer\/wp-json\/wp\/v2\/pages\/1635","targetHints":{"allow":["GET"]}}],"collection":[{"href":"https:\/\/www.biavl.dk\/medlemmer\/wp-json\/wp\/v2\/pages"}],"about":[{"href":"https:\/\/www.biavl.dk\/medlemmer\/wp-json\/wp\/v2\/types\/page"}],"author":[{"embeddable":true,"href":"https:\/\/www.biavl.dk\/medlemmer\/wp-json\/wp\/v2\/users\/1"}],"replies":[{"embeddable":true,"href":"https:\/\/www.biavl.dk\/medlemmer\/wp-json\/wp\/v2\/comments?post=1635"}],"version-history":[{"count":4,"href":"https:\/\/www.biavl.dk\/medlemmer\/wp-json\/wp\/v2\/pages\/1635\/revisions"}],"predecessor-version":[{"id":250033,"href":"https:\/\/www.biavl.dk\/medlemmer\/wp-json\/wp\/v2\/pages\/1635\/revisions\/250033"}],"up":[{"embeddable":true,"href":"https:\/\/www.biavl.dk\/medlemmer\/wp-json\/wp\/v2\/pages\/738"}],"wp:attachment":[{"href":"https:\/\/www.biavl.dk\/medlemmer\/wp-json\/wp\/v2\/media?parent=1635"}],"curies":[{"name":"wp","href":"https:\/\/api.w.org\/{rel}","templated":true}]}}