{"id":181809,"date":"2021-10-28T07:37:19","date_gmt":"2021-10-28T07:37:19","guid":{"rendered":"https:\/\/www.biavl.dk\/medlemmer\/?page_id=181809"},"modified":"2025-11-11T09:07:44","modified_gmt":"2025-11-11T09:07:44","slug":"videregaaende-uddannelse-i-biavl","status":"publish","type":"page","link":"https:\/\/www.biavl.dk\/medlemmer\/medlemmer\/videregaaende-uddannelse-i-biavl\/","title":{"rendered":"VIDEREG\u00c5ENDE UDDANNELSE I BIAVL"},"content":{"rendered":"<h2><strong>&#8211; hvis du vil videre med din biavl<\/strong><\/h2>\n<p>Overvejer du at udvikle din biavl, eller har du et \u00f8nske om at f\u00e5 endnu mere viden om biavl, s\u00e5 er kurset &#8220;Videreg\u00e5ende uddannelse i biavl&#8221; m\u00e5ske lige det, der opfylder dit behov.<\/p>\n<p><strong>M\u00e5lgruppe:<br \/>\n<\/strong>Kurset henvender sig s\u00e6rligt til dig, der har nogle \u00e5rs erfaring, og er kommet godt i gang med din biavl, men nu har lyst til mere.<\/p>\n<p><strong>Om kurserne:<\/strong><br \/>\nVidereg\u00e5ende uddannelse i biavl best\u00e5r som udgangspunkt af to moduler (nogle \u00e5r tre), men du beh\u00f8ver kun tilmelde dig kun et enkelt modul ad gangen. Kurset giver dig et v\u00e6rdifuldt netv\u00e6rk og mellem modulerne kan du holde tankerne i gang med en hjemmeopgave.<\/p>\n<p>P\u00e5 alle moduler sikrer Danmarks Biavlerforenings konsulenter en god proces. Kursets indhold er en blanding af teori og opl\u00e6g fra erfarne biavlere, der fort\u00e6ller om deres praktiske erfaringer med emnerne.<\/p>\n<p><strong>Modul 1:\u00a0<\/strong><br \/>\nP\u00e5 f\u00f8rste modul af kurset f\u00e5r du udvidet din grundviden om biavl, s\u00e5 du f\u00f8ler dig bedre rustet til at videreudvikle din biavl. Samtidig bliver du inspireret, og h\u00f8rer hvordan andre biavlere driver deres biavl. Med dette som baggrund g\u00e5r du fra kurset med en hjemmeopgave: \u201dHvor vil du hen med din biavl?\u201d. Opgaven skal hj\u00e6lpe dig til at gennemt\u00e6nke forskellige udviklingsmuligheder.<br \/>\nModul 1 er tidligere blevet gennemf\u00f8rt over to weekender, men er nu \u00e6ndret til tre hele dage, da dette vurderes at v\u00e6re mere hensigtsm\u00e6ssig for deltagerne.<\/p>\n<p><strong>Modul 2:<\/strong><br \/>\nFor at deltage p\u00e5 modul 2, s\u00e5 skal du forinden have gennemf\u00f8rt modul 1. P\u00e5 kursets andet modul g\u00e5r vi mere i dybden med de enkelte emner, som du m\u00f8der, n\u00e5r du eventuelt p\u00e5t\u00e6nker at udvide eller optimere din biavl. Dette g\u00e6lder b\u00e5de indenfor driften, bierne og biernes produkter.<\/p>\n<p><strong>Modul 3:<\/strong><br \/>\nModul tre udbydes efter behov, og har\u00a0fokus p\u00e5 enten dronningavl, honningbehandling eller best\u00f8vning.<\/p>\n<h2 style=\"text-align: left;\"><em><strong><br \/>\nKommende kurser:<\/strong><\/em><\/h2>\n<p style=\"text-align: left;\"><strong>Modul 1<\/strong><br \/>\nTid: 28. &#8211; 30. nov. 2025<br \/>\nSted: Dalum Landbrugsskole<\/p>\n<p>Program: Se hele programmet <a href=\"https:\/\/www.biavl.dk\/medlemmer\/wp-content\/uploads\/2025\/09\/Videregaaende-uddannelse-i-biavl-modul-1-2025_.pdf\" target=\"_blank\" rel=\"noopener\">her<\/a> (pdf).<\/p>\n<p>Tilmelding: Kurset er fyldt op. Kontakt sekretariatet p\u00e5 <a href=\"mailto:dansk@biavl.dk\">dansk@biavl.dk<\/a> hvis du vil skrives p\u00e5 venteliste.<\/p>\n<p>Pris med overnatning: 3200 kr. (D\u00e6kker undervisning, forplejning samt indkvartering p\u00e5 enkeltv\u00e6relse)<br \/>\nPris uden overnatning: Pris:\u00a02500 kr. (D\u00e6kker kun undervisning og forplejning. UDEN indkvartering)<\/p>\n<p>&nbsp;<\/p>\n<p>Kursets indhold:<\/p>\n<ul>\n<li>Biavlen i Danmark, samt lovgivning relateret til biavl<br \/>\n<em>Du opn\u00e5r en solid baggrundsviden om biavlen i Danmark. Der gives en grundig introduktion til g\u00e6ldende love og regler, og hvilken betydning de har i praksis.<\/em><\/li>\n<li>Biernes biologi, anatomi og levevis<br \/>\n<em>Du l\u00e6rer om biernes naturhistorie, bisamfundets levevis og bifamilien som organisme. Med stereolup f\u00e5r du mulighed for at studere biernes indre og ydre anatomi.<\/em><\/li>\n<li>Planl\u00e6gning og indretning af din biavl<br \/>\n<em>Du l\u00e6rer at v\u00e6lge materiel, indrette big\u00e5rde, samt planl\u00e6gge dit arbejde og \u00e5rets gang i big\u00e5rden. Dette med henblik p\u00e5, at du kan opn\u00e5 en bedre og mere rationel drift.<\/em><\/li>\n<li>Produktion af biavlsprodukter<br \/>\n<em>Du l\u00e6rer om indretning af slyngerum, s\u00e5 det dels tilgodeser de hygiejniske krav, der stilles til f\u00f8devareproduktion og dels, at det bliver rationelt at arbejde i.<\/em><\/li>\n<li>Biernes best\u00f8vning<br \/>\n<em>Biernes betydning for best\u00f8vningen, b\u00e5de for den vilde natur og i det opdyrkede land. Udf\u00f8relse af best\u00f8vningsopgaver i landbrug, gartneri og fr\u00f8avl.<\/em><\/li>\n<li>Introduktion til hjemmeopgave (Freml\u00e6gges p\u00e5 modul 2)<\/li>\n<\/ul>\n<p>I tilf\u00e6lde af sp\u00f8rgsm\u00e5l kontakt konsulent Ole Kilpinen p\u00e5 olek@biavl.dk eller tlf. 57 86 54 67<\/p>\n<p>&nbsp;<\/p>\n<p><strong>Modul 2<\/strong><br \/>\nTid: 30. jan. &#8211; 1. feb. 2026<br \/>\nSted: Dalum Landbrugsskole<\/p>\n<p>Program: Se hele programmet <a href=\"https:\/\/www.biavl.dk\/medlemmer\/wp-content\/uploads\/2025\/09\/Videregaaende-uddannelse-i-biavl-modul-2-2026_.pdf\" target=\"_blank\" rel=\"noopener\">her<\/a> (pdf).<\/p>\n<p>Tilmelding senest 11. januar p\u00e5 <a href=\"https:\/\/www.bishoppen.dk\/vare-kategori\/arrangementer\/\" target=\"_blank\" rel=\"noopener\">Bishoppen<\/a>.<\/p>\n<p>Pris med overnatning: 3200 kr. (D\u00e6kker undervisning, forplejning samt indkvartering p\u00e5 enkeltv\u00e6relse)<br \/>\nPris uden overnatning: Pris:\u00a02500 kr. (D\u00e6kker kun undervisning og forplejning. UDEN indkvartering)<\/p>\n<p>Kursets indhold:<\/p>\n<ul>\n<li>Honningkvalitet, smagsbed\u00f8mmelse og markedsf\u00f8ring.<br \/>\n<em>Du l\u00e6rer om honningbehandling og honningkvalitet &#8211; og om smagsbed\u00f8mmelse af honning. Du f\u00e5r en grundl\u00e6ggende viden om markedsf\u00f8ring, s\u00e5 du kan fremme afs\u00e6tningen af din honning og herved \u00f8ge din indtjening.<\/em><\/li>\n<li>Biernes f\u00f8degrundlag.<br \/>\n<em><em>Du l\u00e6rer om biernes ern\u00e6ring og betydningen af det f\u00f8degrundlag, der er tilg\u00e6ngelig for bierne, samt hvordan den kan optimeres.<\/em><\/em><\/li>\n<li>Biernes sundhed, smittespredning og varroabek\u00e6mpelse.<br \/>\n<em><em>Du f\u00e5r viden om bek\u00e6mpelse af varroa og om, hvordan du kan planl\u00e6gge din daglige drift p\u00e5 en m\u00e5de, s\u00e5 du kan mindske smittetrykket.<\/em><\/em><\/li>\n<li>\u00d8konomi<br \/>\n<em><em>Du l\u00e6rer om drifts\u00f8konomi og budgettering i biavl, og g\u00e6ldende lovgivning p\u00e5 omr\u00e5det.<\/em><\/em><\/li>\n<li>Produktion af dronninger og bifamilier.<br \/>\n<em><em>Du f\u00e5r viden om metoder til opformering af bifamilier, samt betydningen af dette for din biavl. Du l\u00e6rer om produktion af dronninger og dronningens betydning for bifamilien.<\/em><\/em><\/li>\n<li>Freml\u00e6ggelse af hjemmeopgave fra modul 1<\/li>\n<\/ul>\n<p>I tilf\u00e6lde af sp\u00f8rgsm\u00e5l kontakt konsulent Flemming Vejsn\u00e6s p\u00e5 fv@biavl.dk eller tlf. 55 86 654 73<\/p>\n<p>&nbsp;<\/p>\n<p><strong>Modul 3<\/strong><\/p>\n<p>Udbydes efter behov.<\/p>\n<p>&nbsp;<\/p>\n","protected":false},"excerpt":{"rendered":"<p>&#8211; hvis du vil videre med din biavl Overvejer du at udvikle din biavl, eller har du et \u00f8nske om at f\u00e5 endnu mere viden om biavl, s\u00e5 er kurset &#8220;Videreg\u00e5ende uddannelse i biavl&#8221; m\u00e5ske lige det, der opfylder dit behov. M\u00e5lgruppe: Kurset henvender sig s\u00e6rligt til dig, der har nogle \u00e5rs erfaring, og er [&hellip;]<\/p>\n","protected":false},"author":4,"featured_media":0,"parent":2767,"menu_order":7,"comment_status":"closed","ping_status":"closed","template":"","meta":{"_acf_changed":false,"footnotes":""},"class_list":["post-181809","page","type-page","status-publish","hentry"],"acf":[],"aioseo_notices":[],"_links":{"self":[{"href":"https:\/\/www.biavl.dk\/medlemmer\/wp-json\/wp\/v2\/pages\/181809","targetHints":{"allow":["GET"]}}],"collection":[{"href":"https:\/\/www.biavl.dk\/medlemmer\/wp-json\/wp\/v2\/pages"}],"about":[{"href":"https:\/\/www.biavl.dk\/medlemmer\/wp-json\/wp\/v2\/types\/page"}],"author":[{"embeddable":true,"href":"https:\/\/www.biavl.dk\/medlemmer\/wp-json\/wp\/v2\/users\/4"}],"replies":[{"embeddable":true,"href":"https:\/\/www.biavl.dk\/medlemmer\/wp-json\/wp\/v2\/comments?post=181809"}],"version-history":[{"count":92,"href":"https:\/\/www.biavl.dk\/medlemmer\/wp-json\/wp\/v2\/pages\/181809\/revisions"}],"predecessor-version":[{"id":321678,"href":"https:\/\/www.biavl.dk\/medlemmer\/wp-json\/wp\/v2\/pages\/181809\/revisions\/321678"}],"up":[{"embeddable":true,"href":"https:\/\/www.biavl.dk\/medlemmer\/wp-json\/wp\/v2\/pages\/2767"}],"wp:attachment":[{"href":"https:\/\/www.biavl.dk\/medlemmer\/wp-json\/wp\/v2\/media?parent=181809"}],"curies":[{"name":"wp","href":"https:\/\/api.w.org\/{rel}","templated":true}]}}