{"id":200,"date":"2016-02-22T14:42:14","date_gmt":"2016-02-22T14:42:14","guid":{"rendered":"http:\/\/vonbulow.org\/medlemmer\/?page_id=200"},"modified":"2018-11-22T20:10:50","modified_gmt":"2018-11-22T20:10:50","slug":"rabarbermuffins","status":"publish","type":"page","link":"https:\/\/www.biavl.dk\/medlemmer\/videnbank\/opskrifter\/kager-og-konfekt\/rabarbermuffins\/","title":{"rendered":"RABARBERMUFFINS"},"content":{"rendered":"<ul>\n<li>Forvarm ovnen til 180 C<\/li>\n<li>Fl\u00e6k kardemommekapslerne og rist fr\u00f8ene p\u00e5 en t\u00f8r pande til de dufter. Knus dem i en morter.<\/li>\n<li>Rens rabarberne og sk\u00e6r dem i skiver.<\/li>\n<li>Bland mel, kardemomme, bagepulver, natron og salt. Vend de hakkede n\u00f8dder og rabarberne i.<\/li>\n<li>I en anden sk\u00e5l r\u00f8res letpisket \u00e6g, yoghurt, olie, vanillekorn og honning sammen.<\/li>\n<li>R\u00f8r det &#8220;v\u00e5de&#8221; sammen med det &#8220;t\u00f8rre&#8221;. Dejen fordeles i smurte muffinforme. Drys med kanelsukker.<\/li>\n<li>Bag kagerne i ca. 25 minutter til de er gyldne og f\u00e6rdigbagte. Lad dem hvile, tag dem ud af formene og afk\u00f8l.<\/li>\n<li>Server evt. med vanilleis og flydende honning.<\/li>\n<\/ul>\n<p>Opskrift og foto: Overgaardgutfelt.dk<\/p>\n","protected":false},"excerpt":{"rendered":"<p>Forvarm ovnen til 180 C Fl\u00e6k kardemommekapslerne og rist fr\u00f8ene p\u00e5 en t\u00f8r pande til de dufter. Knus dem i en morter. Rens rabarberne og sk\u00e6r dem i skiver. Bland mel, kardemomme, bagepulver, natron og salt. Vend de hakkede n\u00f8dder og rabarberne i. I en anden sk\u00e5l r\u00f8res letpisket \u00e6g, yoghurt, olie, vanillekorn og honning [&hellip;]<\/p>\n","protected":false},"author":1,"featured_media":0,"parent":54,"menu_order":12,"comment_status":"closed","ping_status":"closed","template":"page-opskriften.php","meta":{"_acf_changed":false,"footnotes":""},"class_list":["post-200","page","type-page","status-publish","hentry"],"acf":[],"aioseo_notices":[],"_links":{"self":[{"href":"https:\/\/www.biavl.dk\/medlemmer\/wp-json\/wp\/v2\/pages\/200","targetHints":{"allow":["GET"]}}],"collection":[{"href":"https:\/\/www.biavl.dk\/medlemmer\/wp-json\/wp\/v2\/pages"}],"about":[{"href":"https:\/\/www.biavl.dk\/medlemmer\/wp-json\/wp\/v2\/types\/page"}],"author":[{"embeddable":true,"href":"https:\/\/www.biavl.dk\/medlemmer\/wp-json\/wp\/v2\/users\/1"}],"replies":[{"embeddable":true,"href":"https:\/\/www.biavl.dk\/medlemmer\/wp-json\/wp\/v2\/comments?post=200"}],"version-history":[{"count":1,"href":"https:\/\/www.biavl.dk\/medlemmer\/wp-json\/wp\/v2\/pages\/200\/revisions"}],"predecessor-version":[{"id":8813,"href":"https:\/\/www.biavl.dk\/medlemmer\/wp-json\/wp\/v2\/pages\/200\/revisions\/8813"}],"up":[{"embeddable":true,"href":"https:\/\/www.biavl.dk\/medlemmer\/wp-json\/wp\/v2\/pages\/54"}],"wp:attachment":[{"href":"https:\/\/www.biavl.dk\/medlemmer\/wp-json\/wp\/v2\/media?parent=200"}],"curies":[{"name":"wp","href":"https:\/\/api.w.org\/{rel}","templated":true}]}}