{"id":224792,"date":"2023-02-06T12:00:11","date_gmt":"2023-02-06T12:00:11","guid":{"rendered":"https:\/\/www.biavl.dk\/medlemmer\/?page_id=224792"},"modified":"2024-03-26T06:44:09","modified_gmt":"2024-03-26T06:44:09","slug":"udstilling","status":"publish","type":"page","link":"https:\/\/www.biavl.dk\/medlemmer\/medlemmer\/udstilling\/","title":{"rendered":"UDSTILLING"},"content":{"rendered":"<p>&nbsp;<\/p>\n<p>Danmarks Biavlerforening st\u00e5r bag dig og hj\u00e6lper dig med masser af forskellig materiale, som du kan bruge p\u00e5 din formidlingsstand.<br \/>\nDer er alt fra plakater og foldere til voksduge og bagv\u00e6gge.<\/p>\n<p>Her kan du k\u00f8be eller l\u00e5ne materiale, der kan hj\u00e6lpe dig og din forening igang med at formidle.<\/p>\n<p>Tag et kig og lad dig inspirere!<\/p>\n<p><a href=\"https:\/\/www.biavl.dk\/medlemmer\/wp-content\/uploads\/2023\/02\/230210_DK-Biavlerforening_Bog-om-formidlingsstand_A4_Ny-QR-1.pdf\" target=\"_blank\" rel=\"noopener\"><img loading=\"lazy\" decoding=\"async\" width=\"212\" height=\"300\" class=\"alignnone size-medium wp-image-252502\" src=\"https:\/\/www.biavl.dk\/medlemmer\/wp-content\/uploads\/2023\/12\/Formidlingsstande-212x300.jpg\" alt=\"\" srcset=\"https:\/\/www.biavl.dk\/medlemmer\/wp-content\/uploads\/2023\/12\/Formidlingsstande-212x300.jpg 212w, https:\/\/www.biavl.dk\/medlemmer\/wp-content\/uploads\/2023\/12\/Formidlingsstande.jpg 536w\" sizes=\"auto, (max-width: 212px) 100vw, 212px\" \/><\/a><\/p>\n<p>Du kan ogs\u00e5 <a href=\"https:\/\/www.biavl.dk\/medlemmer\/wp-content\/uploads\/2023\/02\/230210_DK-Biavlerforening_Bog-om-formidlingsstand_A4_Ny-QR-1.pdf\" target=\"_blank\" rel=\"noopener\">downloade vores h\u00e6fte<\/a> om, hvordan du kommer godt igang med at formidle dine budskaber. H\u00e6ftet hj\u00e6lper dig med at finde et st\u00e6rkt budskab og giver dig masser af inspiration til aktiviteter og indretning af en formidlingsstand.<\/p>\n<p>&nbsp;<\/p>\n","protected":false},"excerpt":{"rendered":"<p>&nbsp; Danmarks Biavlerforening st\u00e5r bag dig og hj\u00e6lper dig med masser af forskellig materiale, som du kan bruge p\u00e5 din formidlingsstand. Der er alt fra plakater og foldere til voksduge og bagv\u00e6gge. Her kan du k\u00f8be eller l\u00e5ne materiale, der kan hj\u00e6lpe dig og din forening igang med at formidle. Tag et kig og lad [&hellip;]<\/p>\n","protected":false},"author":1,"featured_media":0,"parent":2767,"menu_order":2,"comment_status":"closed","ping_status":"closed","template":"page-udstilling.php","meta":{"_acf_changed":false,"footnotes":""},"class_list":["post-224792","page","type-page","status-publish","hentry"],"acf":[],"aioseo_notices":[],"_links":{"self":[{"href":"https:\/\/www.biavl.dk\/medlemmer\/wp-json\/wp\/v2\/pages\/224792","targetHints":{"allow":["GET"]}}],"collection":[{"href":"https:\/\/www.biavl.dk\/medlemmer\/wp-json\/wp\/v2\/pages"}],"about":[{"href":"https:\/\/www.biavl.dk\/medlemmer\/wp-json\/wp\/v2\/types\/page"}],"author":[{"embeddable":true,"href":"https:\/\/www.biavl.dk\/medlemmer\/wp-json\/wp\/v2\/users\/1"}],"replies":[{"embeddable":true,"href":"https:\/\/www.biavl.dk\/medlemmer\/wp-json\/wp\/v2\/comments?post=224792"}],"version-history":[{"count":14,"href":"https:\/\/www.biavl.dk\/medlemmer\/wp-json\/wp\/v2\/pages\/224792\/revisions"}],"predecessor-version":[{"id":252503,"href":"https:\/\/www.biavl.dk\/medlemmer\/wp-json\/wp\/v2\/pages\/224792\/revisions\/252503"}],"up":[{"embeddable":true,"href":"https:\/\/www.biavl.dk\/medlemmer\/wp-json\/wp\/v2\/pages\/2767"}],"wp:attachment":[{"href":"https:\/\/www.biavl.dk\/medlemmer\/wp-json\/wp\/v2\/media?parent=224792"}],"curies":[{"name":"wp","href":"https:\/\/api.w.org\/{rel}","templated":true}]}}