{"id":242,"date":"2016-02-26T12:20:43","date_gmt":"2016-02-26T12:20:43","guid":{"rendered":"http:\/\/vonbulow.org\/medlemmer\/?page_id=242"},"modified":"2016-06-28T13:49:01","modified_gmt":"2016-06-28T13:49:01","slug":"bistik-biens-forsvar","status":"publish","type":"page","link":"https:\/\/www.biavl.dk\/medlemmer\/videnbank\/om-bier\/bistik-biens-forsvar\/","title":{"rendered":"BISTIK &#8211; BIENS FORSVAR"},"content":{"rendered":"<p>Bier kan stikke. Arbejderbierne har p\u00e5 bagkroppen en brod, som bierne bruger, n\u00e5r de skal forsvare boet. Brodden er forsynet med sm\u00e5 modhager. N\u00e5r en bi stikker et menneske, vil brodden blive siddende i huden, mens bien fors\u00f8ger at vriste sig fri. I og med at bien pr\u00f8ver at slippe v\u00e6k, bliver giftkirtlen revet ud af biens bagkrop. Giftkirtlen forts\u00e6tter med at pumpe gift i stiks\u00e5ret og samtidig udsender den nogle duftstoffer, som alarmerer andre bier. Hvis en anden bi opfanger duftstoffet, vil den ogs\u00e5 fors\u00f8ge at stikke. Hvis du bliver stukket af en bi, er det derfor vigtigt at du hurtigst muligt skraber brodden af huden. Du m\u00e5 ikke tage rundt om brodden, for s\u00e5 klemmer du al giften ud i din krop.<\/p>\n<p>Bliver du stukket og sidder der ikke en brod, s\u00e5 er det ikke en honningbi der har stukket dig, men sandsynligvis en hveps (gedehams). Bierne er som regel fredelige og det er kun hvis de f\u00f8ler sig truet eller man kommer til at klemme den, at den stikker.<\/p>\n","protected":false},"excerpt":{"rendered":"<p>Bier kan stikke. Arbejderbierne har p\u00e5 bagkroppen en brod, som bierne bruger, n\u00e5r de skal forsvare boet. Brodden er forsynet med sm\u00e5 modhager. N\u00e5r en bi stikker et menneske, vil brodden blive siddende i huden, mens bien fors\u00f8ger at vriste sig fri. I og med at bien pr\u00f8ver at slippe v\u00e6k, bliver giftkirtlen revet ud [&hellip;]<\/p>\n","protected":false},"author":1,"featured_media":0,"parent":230,"menu_order":1,"comment_status":"closed","ping_status":"closed","template":"","meta":{"_acf_changed":false,"footnotes":""},"class_list":["post-242","page","type-page","status-publish","hentry"],"acf":[],"aioseo_notices":[],"_links":{"self":[{"href":"https:\/\/www.biavl.dk\/medlemmer\/wp-json\/wp\/v2\/pages\/242","targetHints":{"allow":["GET"]}}],"collection":[{"href":"https:\/\/www.biavl.dk\/medlemmer\/wp-json\/wp\/v2\/pages"}],"about":[{"href":"https:\/\/www.biavl.dk\/medlemmer\/wp-json\/wp\/v2\/types\/page"}],"author":[{"embeddable":true,"href":"https:\/\/www.biavl.dk\/medlemmer\/wp-json\/wp\/v2\/users\/1"}],"replies":[{"embeddable":true,"href":"https:\/\/www.biavl.dk\/medlemmer\/wp-json\/wp\/v2\/comments?post=242"}],"version-history":[{"count":2,"href":"https:\/\/www.biavl.dk\/medlemmer\/wp-json\/wp\/v2\/pages\/242\/revisions"}],"predecessor-version":[{"id":9091,"href":"https:\/\/www.biavl.dk\/medlemmer\/wp-json\/wp\/v2\/pages\/242\/revisions\/9091"}],"up":[{"embeddable":true,"href":"https:\/\/www.biavl.dk\/medlemmer\/wp-json\/wp\/v2\/pages\/230"}],"wp:attachment":[{"href":"https:\/\/www.biavl.dk\/medlemmer\/wp-json\/wp\/v2\/media?parent=242"}],"curies":[{"name":"wp","href":"https:\/\/api.w.org\/{rel}","templated":true}]}}