{"id":249938,"date":"2023-11-03T22:14:29","date_gmt":"2023-11-03T22:14:29","guid":{"rendered":"https:\/\/www.biavl.dk\/medlemmer\/?page_id=249938"},"modified":"2024-02-28T12:58:26","modified_gmt":"2024-02-28T12:58:26","slug":"foreningsarbejde","status":"publish","type":"page","link":"https:\/\/www.biavl.dk\/medlemmer\/foreningsarbejde\/","title":{"rendered":"FORENINGSARBEJDE"},"content":{"rendered":"<p>Her findes information og inspiration til arbejdet i de lokale biavlerforeninger:<\/p>\n<ul>\n<li><a title=\"Foreningsv\u00e6rkt\u00f8jkassen\" href=\"https:\/\/www.biavl.dk\/medlemmer\/foreningsarbejde\/forside-minisites\/\">Foreningsv\u00e6rkt\u00f8jskassen<\/a><\/li>\n<li><a title=\"UDSTILLING\" href=\"https:\/\/www.biavl.dk\/medlemmer\/medlemmer\/udstilling\/\">Udstillingsmaterialer<\/a><\/li>\n<li><a title=\"LOKALE FORENINGER\" href=\"https:\/\/www.biavl.dk\/medlemmer\/medlemmer\/lokale-foreninger\/lokale-foreninger\/\">Lokalforeningsoversigt<\/a><\/li>\n<li><a href=\"https:\/\/www.biavl.dk\/medlemmer\/medlemmer\/generalforsamling\/\">Generalforsamlinger<\/a><\/li>\n<li><a title=\"GULDN\u00c5LEN\" href=\"https:\/\/www.biavl.dk\/medlemmer\/medlemmer\/guldnaalen\/\">Guldn\u00e5len<\/a><\/li>\n<\/ul>\n<p>&nbsp;<\/p>\n<p>&nbsp;<\/p>\n","protected":false},"excerpt":{"rendered":"<p>Her findes information og inspiration til arbejdet i de lokale biavlerforeninger: Foreningsv\u00e6rkt\u00f8jskassen Udstillingsmaterialer Lokalforeningsoversigt Generalforsamlinger Guldn\u00e5len &nbsp; &nbsp;<\/p>\n","protected":false},"author":4,"featured_media":0,"parent":0,"menu_order":8,"comment_status":"closed","ping_status":"closed","template":"page_forside_under.php","meta":{"_acf_changed":false,"footnotes":""},"class_list":["post-249938","page","type-page","status-publish","hentry"],"acf":[],"aioseo_notices":[],"_links":{"self":[{"href":"https:\/\/www.biavl.dk\/medlemmer\/wp-json\/wp\/v2\/pages\/249938","targetHints":{"allow":["GET"]}}],"collection":[{"href":"https:\/\/www.biavl.dk\/medlemmer\/wp-json\/wp\/v2\/pages"}],"about":[{"href":"https:\/\/www.biavl.dk\/medlemmer\/wp-json\/wp\/v2\/types\/page"}],"author":[{"embeddable":true,"href":"https:\/\/www.biavl.dk\/medlemmer\/wp-json\/wp\/v2\/users\/4"}],"replies":[{"embeddable":true,"href":"https:\/\/www.biavl.dk\/medlemmer\/wp-json\/wp\/v2\/comments?post=249938"}],"version-history":[{"count":8,"href":"https:\/\/www.biavl.dk\/medlemmer\/wp-json\/wp\/v2\/pages\/249938\/revisions"}],"predecessor-version":[{"id":252507,"href":"https:\/\/www.biavl.dk\/medlemmer\/wp-json\/wp\/v2\/pages\/249938\/revisions\/252507"}],"wp:attachment":[{"href":"https:\/\/www.biavl.dk\/medlemmer\/wp-json\/wp\/v2\/media?parent=249938"}],"curies":[{"name":"wp","href":"https:\/\/api.w.org\/{rel}","templated":true}]}}