{"id":259406,"date":"2024-02-15T11:26:09","date_gmt":"2024-02-15T11:26:09","guid":{"rendered":"https:\/\/www.biavl.dk\/medlemmer\/?page_id=259406"},"modified":"2024-02-16T15:00:15","modified_gmt":"2024-02-16T15:00:15","slug":"bivokslys","status":"publish","type":"page","link":"https:\/\/www.biavl.dk\/medlemmer\/videnbank\/bivokslys\/","title":{"rendered":"BIVOKSLYS"},"content":{"rendered":"<p>Vi biavlere kan hurtigt blive enige om, at bivokslys er de bedste lys, man kan f\u00e5. Vokslys af bivoks er unikke, fordi de giver et flot, klart og rent lys i forhold til andre vokslys, og dufter samtidig sk\u00f8nt. Men de er ikke n\u00f8dvendigvis s\u00e5 enkle at lave, hvis man skal have et godt resultat.<\/p>\n<p>I det f\u00f8lgende f\u00e5r du derfor tips og tricks til at lave det perfekte bivokslys.<\/p>\n","protected":false},"excerpt":{"rendered":"<p>Vi biavlere kan hurtigt blive enige om, at bivokslys er de bedste lys, man kan f\u00e5. Vokslys af bivoks er unikke, fordi de giver et flot, klart og rent lys i forhold til andre vokslys, og dufter samtidig sk\u00f8nt. Men de er ikke n\u00f8dvendigvis s\u00e5 enkle at lave, hvis man skal have et godt resultat. [&hellip;]<\/p>\n","protected":false},"author":4,"featured_media":0,"parent":43,"menu_order":12,"comment_status":"closed","ping_status":"closed","template":"page-liste-med-pic.php","meta":{"_acf_changed":false,"footnotes":""},"class_list":["post-259406","page","type-page","status-publish","hentry"],"acf":[],"aioseo_notices":[],"_links":{"self":[{"href":"https:\/\/www.biavl.dk\/medlemmer\/wp-json\/wp\/v2\/pages\/259406","targetHints":{"allow":["GET"]}}],"collection":[{"href":"https:\/\/www.biavl.dk\/medlemmer\/wp-json\/wp\/v2\/pages"}],"about":[{"href":"https:\/\/www.biavl.dk\/medlemmer\/wp-json\/wp\/v2\/types\/page"}],"author":[{"embeddable":true,"href":"https:\/\/www.biavl.dk\/medlemmer\/wp-json\/wp\/v2\/users\/4"}],"replies":[{"embeddable":true,"href":"https:\/\/www.biavl.dk\/medlemmer\/wp-json\/wp\/v2\/comments?post=259406"}],"version-history":[{"count":6,"href":"https:\/\/www.biavl.dk\/medlemmer\/wp-json\/wp\/v2\/pages\/259406\/revisions"}],"predecessor-version":[{"id":259539,"href":"https:\/\/www.biavl.dk\/medlemmer\/wp-json\/wp\/v2\/pages\/259406\/revisions\/259539"}],"up":[{"embeddable":true,"href":"https:\/\/www.biavl.dk\/medlemmer\/wp-json\/wp\/v2\/pages\/43"}],"wp:attachment":[{"href":"https:\/\/www.biavl.dk\/medlemmer\/wp-json\/wp\/v2\/media?parent=259406"}],"curies":[{"name":"wp","href":"https:\/\/api.w.org\/{rel}","templated":true}]}}