{"id":259412,"date":"2024-02-17T01:43:42","date_gmt":"2024-02-17T01:43:42","guid":{"rendered":"https:\/\/www.biavl.dk\/medlemmer\/?page_id=259412"},"modified":"2024-02-17T08:37:37","modified_gmt":"2024-02-17T08:37:37","slug":"saadan-laver-du-det-perfekte-bivokslys","status":"publish","type":"page","link":"https:\/\/www.biavl.dk\/medlemmer\/videnbank\/bivokslys\/saadan-laver-du-det-perfekte-bivokslys\/","title":{"rendered":"S\u00c5DAN LAVES DET PERFEKTE BIVOKSLYS"},"content":{"rendered":"<p><strong>TYPER AF VOKSLYS<\/strong><\/p>\n<p>Bivokslys kan laves p\u00e5 mange m\u00e5der. Nedenfor f\u00e5r du trin-for-trin guides til det rullede lys, det st\u00f8bte lys og det dyppede lys.<\/p>\n<p>Lys har forskellig diameter, afh\u00e6ngig af deres anvendelse. F.eks. kan man g\u00e5 ud fra f\u00f8lgende standarder:<\/p>\n<ul>\n<li>Almindelige stagelys m\u00e5ler 2,2 &#8211; 2,3 cm i diameter<\/li>\n<li>Juletr\u00e6slys m\u00e5ler 1,2 &#8211; 1,3 cm i diameter<\/li>\n<li>Lagkagelys m\u00e5ler typisk omkring 0,5 cm i diameter<\/li>\n<\/ul>\n<p><img loading=\"lazy\" decoding=\"async\" width=\"300\" height=\"287\" class=\"alignnone size-medium wp-image-259569\" src=\"https:\/\/www.biavl.dk\/medlemmer\/wp-content\/uploads\/2024\/02\/PhotoRoom_20240121_160209-300x287.jpeg\" alt=\"\" srcset=\"https:\/\/www.biavl.dk\/medlemmer\/wp-content\/uploads\/2024\/02\/PhotoRoom_20240121_160209-300x287.jpeg 300w, https:\/\/www.biavl.dk\/medlemmer\/wp-content\/uploads\/2024\/02\/PhotoRoom_20240121_160209-1024x978.jpeg 1024w, https:\/\/www.biavl.dk\/medlemmer\/wp-content\/uploads\/2024\/02\/PhotoRoom_20240121_160209-768x734.jpeg 768w, https:\/\/www.biavl.dk\/medlemmer\/wp-content\/uploads\/2024\/02\/PhotoRoom_20240121_160209.jpeg 1404w\" sizes=\"auto, (max-width: 300px) 100vw, 300px\" \/><\/p>\n<p><strong>BIVOKS<\/strong><\/p>\n<p>Bivokslys skal naturligvis laves af bivoks uden urenheder eller fremmedlegemer. Jo renere voks, des bedre bliver det f\u00e6rdige resultat.<\/p>\n<p>Du kan finde gode r\u00e5d til, hvordan du f\u00e5r den bedste og reneste <a href=\"https:\/\/www.biavl.dk\/medlemmer\/videnbank\/bivokslys\/bivoksens-kvalitet\/\">kvalitet bivoks<\/a> til dine lys. Du kan ogs\u00e5 finde <a href=\"https:\/\/www.biavl.dk\/medlemmer\/videnbank\/bivokslys\/fordele-ved-lys-af-bivoks\/\">fordelene ved at lave lys af bivoks<\/a> fremfor andre typer lys.<\/p>\n<p>&nbsp;<\/p>\n<p><strong>V\u00c6GEN\u00a0<\/strong><\/p>\n<p>I alle typer bivokslys skal der &#8211; ud over bivoksen &#8211; naturligvis bruges en v\u00e6ge. Det er klart et af de elementer, der volder flest udfordringer p\u00e5 vejen mod det perfekte bivokslys.<\/p>\n<p>Derfor kan du <a href=\"https:\/\/www.biavl.dk\/medlemmer\/videnbank\/bivokslys\/den-vanskelige-vaege\/\">her finde tips og tricks til<\/a>, hvordan du finder den helt rigtige v\u00e6ge til netop dit lys.<\/p>\n<p><img loading=\"lazy\" decoding=\"async\" width=\"300\" height=\"155\" class=\"alignnone size-medium wp-image-259571\" src=\"https:\/\/www.biavl.dk\/medlemmer\/wp-content\/uploads\/2024\/02\/Photoroom_20240216_200637-300x155.jpeg\" alt=\"\" srcset=\"https:\/\/www.biavl.dk\/medlemmer\/wp-content\/uploads\/2024\/02\/Photoroom_20240216_200637-300x155.jpeg 300w, https:\/\/www.biavl.dk\/medlemmer\/wp-content\/uploads\/2024\/02\/Photoroom_20240216_200637-1024x528.jpeg 1024w, https:\/\/www.biavl.dk\/medlemmer\/wp-content\/uploads\/2024\/02\/Photoroom_20240216_200637-768x396.jpeg 768w, https:\/\/www.biavl.dk\/medlemmer\/wp-content\/uploads\/2024\/02\/Photoroom_20240216_200637-1536x793.jpeg 1536w, https:\/\/www.biavl.dk\/medlemmer\/wp-content\/uploads\/2024\/02\/Photoroom_20240216_200637-2048x1057.jpeg 2048w\" sizes=\"auto, (max-width: 300px) 100vw, 300px\" \/><\/p>\n<p><strong>TRIN-FOR-TRIN: DET RULLEDE LYS<\/strong><\/p>\n<p>Det rullede lys er nok det mest popul\u00e6re og det, der kr\u00e6ver mindst udstyr for at komme i gang. Det er is\u00e6r popul\u00e6rt at lave med b\u00f8rn, der ofte synes, det er sjovt at f\u00e5 lov til at rulle et lys. At rulle lys kan give rigtig flotte lys, og det er kun fantasien, der s\u00e6tter gr\u00e6nse for st\u00f8rrelse, farve og form.<\/p>\n<p><strong>Det skal du bruge:<\/strong><\/p>\n<ul>\n<li>Bivoksplader<\/li>\n<li>V\u00e6ge<\/li>\n<li>Saks<\/li>\n<li>Evt.:\n<ul>\n<li>Hobbykniv<\/li>\n<li>Lineal<\/li>\n<li>Underlag, der t\u00e5ler at blive sk\u00e5ret i<\/li>\n<\/ul>\n<\/li>\n<\/ul>\n<p><strong>S\u00e5dan g\u00f8r du:<\/strong><\/p>\n<p>Til rullede lys kan det v\u00e6re en fordel f\u00f8rst at dyppe v\u00e6gerne i smeltet voks, inden lyset rulles. Herved kommer der bedre kontakt mellem v\u00e6gen og bivokspladen, hvilket giver en bedre forbr\u00e6nding.<\/p>\n<p>Det er en fordel, at bivokspladerne er lune, da de s\u00e5 er nemmere at arbejde med. Kold voks kn\u00e6kker nemt og giver ikke et p\u00e6nt resultat. Pak de plader, du skal bruge, ind i et viskestykke eller h\u00e5ndkl\u00e6de. L\u00e6g dem dern\u00e6st et lunt sted, f.eks. i solen, p\u00e5 en radiator, eller i ovnen ved 45-50 \u00baC. Pas p\u00e5, at temperaturen ikke bliver for h\u00f8j, da voksen derved smelter!<\/p>\n<p>N\u00e5r bivokspladerne er lune, tages en plade ud af gangen. Viskestykket pakkes godt sammen om resten af pladerne, s\u00e5 de holder sig lune imens.<\/p>\n<p>Det rullede lys kan enten laves af hele bivoksplader eller plader, der er sk\u00e5ret ud i strimler eller p\u00e5 skr\u00e5. Herved kan du f\u00e5 mange forskellige st\u00f8rrelser og former p\u00e5 de f\u00e6rdige lys.<\/p>\n<ul>\n<li>Hvis du ruller en hel bivoksplade, uden at sk\u00e6re den ud, f\u00e5r du et h\u00f8jt, tyndt lys.<\/li>\n<li>Du kan lave et tykkere lys ved at rulle endnu en bivoksplade p\u00e5, efter den f\u00f8rste plade.<\/li>\n<li>Hvis du sk\u00e6rer bivokspladen i smalle strimler p\u00e5 langs, inden du ruller lyset, f\u00e5r du et lavt lys.<\/li>\n<li>Endelig kan du sk\u00e6re bivokspladen p\u00e5 skr\u00e5, hvorved du f\u00e5r et h\u00f8jt, spidst lys.<\/li>\n<\/ul>\n<p>Det spidse lys er nok det mest almindelige, og det er det, der er beskrevet i det f\u00f8lgende:<\/p>\n<ol>\n<li>Sk\u00e6r bivokspladen ud p\u00e5 skr\u00e5\/diagonalt.<\/li>\n<li>Lav et lille buk p\u00e5 den kant, hvor v\u00e6gen skal v\u00e6re. Dette kan f.eks. g\u00f8res hen over kanten p\u00e5 et bord eller et sp\u00e6kbr\u00e6t.<\/li>\n<li>Klip v\u00e6gen til, s\u00e5 den er lidt l\u00e6ngere end lyset, og l\u00e6g den langs den bukkede kant p\u00e5 vokspladen.<\/li>\n<li>B\u00f8j vokspladen rundt om v\u00e6gen, og rul den stramt omkring v\u00e6gen. Det m\u00e5 ikke v\u00e6re s\u00e5 stramt, s\u00e5 vokspladen g\u00e5r i stykker, men dog stramt nok til, at der er god kontakt mellem de enkelte lag af voks hele vejen ud. Hvis du holder bivokslyset op mod lyset, n\u00e5r det er rullet f\u00e6rdigt, kan du se, om det er rullet stramt nok. Hvis der skinner lys igennem, er det ikke stramt nok. Det m\u00e5 derfor rulles ud igen og rulles strammere. Hvis voksen er blevet for kold, kan det varmes lidt op igen.<\/li>\n<li>Klip evt. overskydende v\u00e6ge v\u00e6k i begge ender af lyset, men lad 1-1,5 cm v\u00e6re tilbage i toppen af lyset.<\/li>\n<li>Lyset er nu klar til brug!<\/li>\n<\/ol>\n<p><img loading=\"lazy\" decoding=\"async\" width=\"300\" height=\"281\" class=\"alignnone size-medium wp-image-259575\" src=\"https:\/\/www.biavl.dk\/medlemmer\/wp-content\/uploads\/2024\/02\/Photoroom_20240216_201808-300x281.jpeg\" alt=\"\" srcset=\"https:\/\/www.biavl.dk\/medlemmer\/wp-content\/uploads\/2024\/02\/Photoroom_20240216_201808-300x281.jpeg 300w, https:\/\/www.biavl.dk\/medlemmer\/wp-content\/uploads\/2024\/02\/Photoroom_20240216_201808-1024x958.jpeg 1024w, https:\/\/www.biavl.dk\/medlemmer\/wp-content\/uploads\/2024\/02\/Photoroom_20240216_201808-768x719.jpeg 768w, https:\/\/www.biavl.dk\/medlemmer\/wp-content\/uploads\/2024\/02\/Photoroom_20240216_201808-1536x1438.jpeg 1536w, https:\/\/www.biavl.dk\/medlemmer\/wp-content\/uploads\/2024\/02\/Photoroom_20240216_201808-2048x1917.jpeg 2048w\" sizes=\"auto, (max-width: 300px) 100vw, 300px\" \/><\/p>\n<p><strong>TRIN-FOR-TRIN: DET ST\u00d8BTE LYS<\/strong><\/p>\n<p>St\u00f8bte lys er ogs\u00e5 popul\u00e6re, og ved bes\u00f8g hos materielforhandlerne kan man finde et utal af silikoneforme til voksst\u00f8bning. Formene findes med et v\u00e6ld af motiver, lige fra bikuber og dyr, over kristne figurer og juletr\u00e6er til kranier og geometriske figurer.<\/p>\n<p><img loading=\"lazy\" decoding=\"async\" width=\"268\" height=\"300\" class=\"alignnone size-medium wp-image-259576\" src=\"https:\/\/www.biavl.dk\/medlemmer\/wp-content\/uploads\/2024\/02\/F294248D-3E73-4391-9CF8-32A3B1141A1A-268x300.jpeg\" alt=\"\" srcset=\"https:\/\/www.biavl.dk\/medlemmer\/wp-content\/uploads\/2024\/02\/F294248D-3E73-4391-9CF8-32A3B1141A1A-268x300.jpeg 268w, https:\/\/www.biavl.dk\/medlemmer\/wp-content\/uploads\/2024\/02\/F294248D-3E73-4391-9CF8-32A3B1141A1A-916x1024.jpeg 916w, https:\/\/www.biavl.dk\/medlemmer\/wp-content\/uploads\/2024\/02\/F294248D-3E73-4391-9CF8-32A3B1141A1A-768x859.jpeg 768w, https:\/\/www.biavl.dk\/medlemmer\/wp-content\/uploads\/2024\/02\/F294248D-3E73-4391-9CF8-32A3B1141A1A-1374x1536.jpeg 1374w, https:\/\/www.biavl.dk\/medlemmer\/wp-content\/uploads\/2024\/02\/F294248D-3E73-4391-9CF8-32A3B1141A1A-1832x2048.jpeg 1832w, https:\/\/www.biavl.dk\/medlemmer\/wp-content\/uploads\/2024\/02\/F294248D-3E73-4391-9CF8-32A3B1141A1A.jpeg 1942w\" sizes=\"auto, (max-width: 268px) 100vw, 268px\" \/><\/p>\n<p><strong>Det skal du bruge:<\/strong><\/p>\n<ul>\n<li>Bivoks i plader, klumper eller granulat<\/li>\n<li>V\u00e6ge<\/li>\n<li>Saks<\/li>\n<li>Gryde til vandbad<\/li>\n<li>Ildfast sk\u00e5l eller glas<\/li>\n<li>En eller flere st\u00f8beforme til lys. Silikoneforme er de nemmeste at arbejde med<\/li>\n<li>Elastikker<\/li>\n<li>V\u00e6geholder eller tynde pinde<\/li>\n<li>Evt. termometer<\/li>\n<\/ul>\n<p><strong>S\u00e5dan g\u00f8r du:<\/strong><\/p>\n<ol>\n<li>Afm\u00e5l bivoksen og h\u00e6ld den i det ildfaste glas. Du skal bruge ca. 1\u00bd gange s\u00e5 meget voks, som der kan v\u00e6re i st\u00f8beformen.<\/li>\n<li>S\u00e6t det ildfaste glas i en gryde med vand, og varm vandet op. Vandet beh\u00f8ver ikke at koge, da bivoks smelter ved 63-65 \u00baC. Pas p\u00e5, at der ikke kommer vand i bivoksen!\n<ul>\n<li>Bivoksen m\u00e5 ikke blive varmere end max. 75 \u00baC. H\u00f8jere temperaturer kan give deforme vokslys, da voksen krymper under afk\u00f8lingen. Hold evt. \u00f8je med temperaturen med et termometer.<\/li>\n<\/ul>\n<\/li>\n<li>Mens voksen smelter, kan du forberede st\u00f8beformen og v\u00e6gen. Tr\u00e6k v\u00e6gen gennem hullet i bunden af formen, og l\u00e6g v\u00e6gen i midten af formen. Lad v\u00e6gen stikke et par cm ud fra bunden af formen (den ende, der til slut bliver toppen af lyset).<\/li>\n<li>Luk formen og s\u00f8rg for, at den er holdt t\u00e6t sammen med flere elastikker. Formen stilles op, og v\u00e6gen s\u00e6ttes i sp\u00e6nd\u00a0 vha. v\u00e6geholderen henover \u00e5bningen, s\u00e5 v\u00e6gen er placeret i midten af formen.\u00a0 Det er vigtigt at s\u00f8rge for, at v\u00e6gen er strammet godt op.<\/li>\n<li>Nu h\u00e6ldes den smeltede bivoks forsigtigt i formen. Formen skal helst kunne fyldes helt ad \u00e9n omgang, da det ellers giver synlige striber i lyset, hvis det er n\u00f8dvendigt at efterfylde formen med voks.<\/li>\n<li>Lad lyset k\u00f8le HELT af!<\/li>\n<li>Nu kan elastikker og v\u00e6geholder fjernes, den overskydende v\u00e6ge i bunden af lyset klippes v\u00e6k, og lyset tages forsigtigt ud af formen.<\/li>\n<li>Lyset er nu klar til brug!<\/li>\n<\/ol>\n<p>&nbsp;<\/p>\n<p><img loading=\"lazy\" decoding=\"async\" width=\"281\" height=\"300\" class=\"alignnone size-medium wp-image-259581\" src=\"https:\/\/www.biavl.dk\/medlemmer\/wp-content\/uploads\/2024\/02\/A5CA1B1C-B612-4043-91DF-A2874BA5AE97-1-281x300.jpeg\" alt=\"\" srcset=\"https:\/\/www.biavl.dk\/medlemmer\/wp-content\/uploads\/2024\/02\/A5CA1B1C-B612-4043-91DF-A2874BA5AE97-1-281x300.jpeg 281w, https:\/\/www.biavl.dk\/medlemmer\/wp-content\/uploads\/2024\/02\/A5CA1B1C-B612-4043-91DF-A2874BA5AE97-1-959x1024.jpeg 959w, https:\/\/www.biavl.dk\/medlemmer\/wp-content\/uploads\/2024\/02\/A5CA1B1C-B612-4043-91DF-A2874BA5AE97-1-768x820.jpeg 768w, https:\/\/www.biavl.dk\/medlemmer\/wp-content\/uploads\/2024\/02\/A5CA1B1C-B612-4043-91DF-A2874BA5AE97-1-1439x1536.jpeg 1439w, https:\/\/www.biavl.dk\/medlemmer\/wp-content\/uploads\/2024\/02\/A5CA1B1C-B612-4043-91DF-A2874BA5AE97-1.jpeg 1904w\" sizes=\"auto, (max-width: 281px) 100vw, 281px\" \/><\/p>\n<p>&nbsp;<\/p>\n<p>&nbsp;<\/p>\n<p>&nbsp;<\/p>\n<p><img loading=\"lazy\" decoding=\"async\" width=\"225\" height=\"300\" class=\"alignnone size-medium wp-image-259577\" src=\"https:\/\/www.biavl.dk\/medlemmer\/wp-content\/uploads\/2024\/02\/Photoroom_20240216_201540-225x300.jpeg\" alt=\"\" srcset=\"https:\/\/www.biavl.dk\/medlemmer\/wp-content\/uploads\/2024\/02\/Photoroom_20240216_201540-225x300.jpeg 225w, https:\/\/www.biavl.dk\/medlemmer\/wp-content\/uploads\/2024\/02\/Photoroom_20240216_201540-768x1024.jpeg 768w, https:\/\/www.biavl.dk\/medlemmer\/wp-content\/uploads\/2024\/02\/Photoroom_20240216_201540.jpeg 1066w\" sizes=\"auto, (max-width: 225px) 100vw, 225px\" \/><\/p>\n<p><strong>TRIN-FOR-TRIN: DET DYPPEDE LYS<\/strong><\/p>\n<p>Sidst, men ikke mindst, kan man lave dyppede bivokslys. Her dyppes en v\u00e6ge ned i flydende bivoks gentagne gange, mens voksen drypper af. Det giver fantastiske flotte lys, men kr\u00e6ver et noget st\u00f8rre ops\u00e6t og st\u00f8rre m\u00e6ngder af voks.<\/p>\n<p><strong>Det skal du bruge:<\/strong><\/p>\n<ul>\n<li>Bivoks i plader, klumper eller granulat<\/li>\n<li>V\u00e6ge<\/li>\n<li>Saks<\/li>\n<li>Gryde til vandbad<\/li>\n<li>Ildfast sk\u00e5l eller glas med en god h\u00f8jde, da det er afg\u00f8rende for, hvor h\u00f8jt et lys, du kan lave<\/li>\n<li>Pind el.lign. til at h\u00e6nge lysene p\u00e5, mens de k\u00f8ler<\/li>\n<\/ul>\n<p><strong>S\u00e5dan g\u00f8r du:<\/strong><\/p>\n<ol>\n<li>H\u00e6ld godt med bivoks i det ildfaste glas.<\/li>\n<li>S\u00e6t det ildfaste glas i en gryde med vand, og varm vandet op. Vandet beh\u00f8ver ikke at koge, da bivoks smelter ved 63-65 \u00baC. Pas p\u00e5, at der ikke kommer vand i bivoksen!\n<ul>\n<li>Bivoksen m\u00e5 ikke blive varmere end max. 75 \u00baC. H\u00f8jere temperaturer kan give misfarvninger i voksen. Hold evt. \u00f8je med temperaturen med et termometer.<\/li>\n<\/ul>\n<\/li>\n<li>Klip stykker af v\u00e6ge, s\u00e5 den er lang nok til at n\u00e5 bunden af glasset med bivoks. Du kan med fordel lade v\u00e6gen v\u00e6re dobbelt, s\u00e5 du kan lave 2 lys p\u00e5 \u00e9n gang.<\/li>\n<li>Hold p\u00e5 midten af v\u00e6gen, og dyp begge ender af v\u00e6ge ned i den smeltede bivoks. S\u00f8rg for, at der er lidt afstand mellem de to ender, s\u00e5 lysene ikke klistrer sammen.<\/li>\n<li>N\u00e5r v\u00e6gen er dyppet i bivoksen, skal lyset t\u00f8rre i et par sekunder.<\/li>\n<li>Derefter dyppes lyset i bivoksen igen, og dette forts\u00e6tter man med, til lyset har f\u00e5et den \u00f8nskede tykkelse.\n<ul>\n<li>Mens lyset stadig er tyndt, kan man formes v\u00e6gen og lyset lidt, hvis det er blevet b\u00f8jet undervejs.<\/li>\n<\/ul>\n<\/li>\n<li>N\u00e5r du er tilfreds med st\u00f8rrelsen p\u00e5 lyset, h\u00e6nges det til t\u00f8rre hen over en pind eller lignende, til det er afk\u00f8let.<\/li>\n<li>Lyset er nu klar til brug!<\/li>\n<\/ol>\n","protected":false},"excerpt":{"rendered":"<p>TYPER AF VOKSLYS Bivokslys kan laves p\u00e5 mange m\u00e5der. Nedenfor f\u00e5r du trin-for-trin guides til det rullede lys, det st\u00f8bte lys og det dyppede lys. Lys har forskellig diameter, afh\u00e6ngig af deres anvendelse. F.eks. kan man g\u00e5 ud fra f\u00f8lgende standarder: Almindelige stagelys m\u00e5ler 2,2 &#8211; 2,3 cm i diameter Juletr\u00e6slys m\u00e5ler 1,2 &#8211; 1,3 [&hellip;]<\/p>\n","protected":false},"author":4,"featured_media":0,"parent":259406,"menu_order":1,"comment_status":"closed","ping_status":"closed","template":"","meta":{"_acf_changed":false,"footnotes":""},"class_list":["post-259412","page","type-page","status-publish","hentry"],"acf":[],"aioseo_notices":[],"_links":{"self":[{"href":"https:\/\/www.biavl.dk\/medlemmer\/wp-json\/wp\/v2\/pages\/259412","targetHints":{"allow":["GET"]}}],"collection":[{"href":"https:\/\/www.biavl.dk\/medlemmer\/wp-json\/wp\/v2\/pages"}],"about":[{"href":"https:\/\/www.biavl.dk\/medlemmer\/wp-json\/wp\/v2\/types\/page"}],"author":[{"embeddable":true,"href":"https:\/\/www.biavl.dk\/medlemmer\/wp-json\/wp\/v2\/users\/4"}],"replies":[{"embeddable":true,"href":"https:\/\/www.biavl.dk\/medlemmer\/wp-json\/wp\/v2\/comments?post=259412"}],"version-history":[{"count":30,"href":"https:\/\/www.biavl.dk\/medlemmer\/wp-json\/wp\/v2\/pages\/259412\/revisions"}],"predecessor-version":[{"id":259585,"href":"https:\/\/www.biavl.dk\/medlemmer\/wp-json\/wp\/v2\/pages\/259412\/revisions\/259585"}],"up":[{"embeddable":true,"href":"https:\/\/www.biavl.dk\/medlemmer\/wp-json\/wp\/v2\/pages\/259406"}],"wp:attachment":[{"href":"https:\/\/www.biavl.dk\/medlemmer\/wp-json\/wp\/v2\/media?parent=259412"}],"curies":[{"name":"wp","href":"https:\/\/api.w.org\/{rel}","templated":true}]}}