{"id":259416,"date":"2024-02-15T11:44:21","date_gmt":"2024-02-15T11:44:21","guid":{"rendered":"https:\/\/www.biavl.dk\/medlemmer\/?page_id=259416"},"modified":"2024-02-16T21:44:21","modified_gmt":"2024-02-16T21:44:21","slug":"fordele-ved-lys-af-bivoks","status":"publish","type":"page","link":"https:\/\/www.biavl.dk\/medlemmer\/videnbank\/bivokslys\/fordele-ved-lys-af-bivoks\/","title":{"rendered":"FORDELE VED LYS AF BIVOKS"},"content":{"rendered":"<p>Bivoks afgiver en behagelig duft og giver et smukkere lys end f.eks. stearinlys eller soyalys. Bivoks er et rent naturprodukt og giver den reneste, klareste og l\u00e6ngste forbr\u00e6nding sammenlignet med andre typer lys.<\/p>\n<p>Bivokslys udsender lys i et spektrum, som er meget t\u00e6t p\u00e5 solens spektrum. Da bivoks har et relativt h\u00f8jere smeltepunkt (p\u00e5 65\u00ba) i forhold til andre typer vokslys, giver det et lys med den klareste og mest varmtonede flamme (soyalys har til sammenligning en meget mere k\u00f8lig, hvid flamme, n\u00e6rmest som et lysstofr\u00f8r). Derfor opfattes lyset fra bivokslys behageligt for vores \u00f8jne.<\/p>\n<p>Da bivoks har en meget h\u00f8j massefylde (dvs. v\u00e6gt i fht. volumen), br\u00e6nder det ogs\u00e5 i l\u00e6ngere tid end andre typer vokslys. Et bivokslys, der er i balance med den rigtige v\u00e6ge, vil v\u00e6re stort set drypfri.<\/p>\n<p>Bivokslysets behagelige dufte stammer fra bistadet i form af en lille smule propolis samt den nektar og pollen, der oprindeligt har v\u00e6ret opbevaret i cellerne. Der kan derfor v\u00e6re sm\u00e5 forskelle i duften fra bivoksen, afh\u00e6ngig af, hvilke blomster, bierne har best\u00f8vet.<\/p>\n","protected":false},"excerpt":{"rendered":"<p>Bivoks afgiver en behagelig duft og giver et smukkere lys end f.eks. stearinlys eller soyalys. Bivoks er et rent naturprodukt og giver den reneste, klareste og l\u00e6ngste forbr\u00e6nding sammenlignet med andre typer lys. Bivokslys udsender lys i et spektrum, som er meget t\u00e6t p\u00e5 solens spektrum. Da bivoks har et relativt h\u00f8jere smeltepunkt (p\u00e5 65\u00ba) [&hellip;]<\/p>\n","protected":false},"author":4,"featured_media":0,"parent":259406,"menu_order":10,"comment_status":"closed","ping_status":"closed","template":"","meta":{"_acf_changed":false,"footnotes":""},"class_list":["post-259416","page","type-page","status-publish","hentry"],"acf":[],"aioseo_notices":[],"_links":{"self":[{"href":"https:\/\/www.biavl.dk\/medlemmer\/wp-json\/wp\/v2\/pages\/259416","targetHints":{"allow":["GET"]}}],"collection":[{"href":"https:\/\/www.biavl.dk\/medlemmer\/wp-json\/wp\/v2\/pages"}],"about":[{"href":"https:\/\/www.biavl.dk\/medlemmer\/wp-json\/wp\/v2\/types\/page"}],"author":[{"embeddable":true,"href":"https:\/\/www.biavl.dk\/medlemmer\/wp-json\/wp\/v2\/users\/4"}],"replies":[{"embeddable":true,"href":"https:\/\/www.biavl.dk\/medlemmer\/wp-json\/wp\/v2\/comments?post=259416"}],"version-history":[{"count":6,"href":"https:\/\/www.biavl.dk\/medlemmer\/wp-json\/wp\/v2\/pages\/259416\/revisions"}],"predecessor-version":[{"id":259590,"href":"https:\/\/www.biavl.dk\/medlemmer\/wp-json\/wp\/v2\/pages\/259416\/revisions\/259590"}],"up":[{"embeddable":true,"href":"https:\/\/www.biavl.dk\/medlemmer\/wp-json\/wp\/v2\/pages\/259406"}],"wp:attachment":[{"href":"https:\/\/www.biavl.dk\/medlemmer\/wp-json\/wp\/v2\/media?parent=259416"}],"curies":[{"name":"wp","href":"https:\/\/api.w.org\/{rel}","templated":true}]}}