{"id":259541,"date":"2024-02-16T15:20:02","date_gmt":"2024-02-16T15:20:02","guid":{"rendered":"https:\/\/www.biavl.dk\/medlemmer\/?page_id=259541"},"modified":"2024-02-16T21:56:31","modified_gmt":"2024-02-16T21:56:31","slug":"bivoksens-kvalitet","status":"publish","type":"page","link":"https:\/\/www.biavl.dk\/medlemmer\/videnbank\/bivokslys\/bivoksens-kvalitet\/","title":{"rendered":"BIVOKSENS KVALITET"},"content":{"rendered":"<p>Til st\u00f8bning af bivokslys kan man bruge forskellige rester af voks fra f.eks. frask\u00e6ring, kn\u00e6kkede voksplader eller plader af &#8220;forkert&#8221; rammem\u00e5l. Man kan selvf\u00f8lgelig ogs\u00e5 bruge frask\u00e6ring fra dronetavlen eller skr\u00e6llevoks fra slyngningen.<\/p>\n<p>Det er dog i alle tilf\u00e6lde vigtigt at s\u00f8rge for, at voksen er s\u00e5 ren som muligt. Selv valsede voksplader kan indeholde sm\u00e5 partikler i voksen. Disse partikler kan stamme fra pollenrester eller sm\u00e5 vanddr\u00e5ber, og vil medf\u00f8re, at voksen ved afbr\u00e6nding knitrer og ikke br\u00e6nder perfekt.<\/p>\n<p>Inden man g\u00e5r i gang med at st\u00f8be bivokslys, kan det v\u00e6re n\u00f8dvendigt at si den smeltede voks igennem et stykke stof for at fjerne urenheder. Mens du smelter voksen, kan du pr\u00f8ve at kaste et blik ned i beholderen med voks. Her vil du tydeligt kunne se urenheder og partikler flyde rundt.<\/p>\n<div id=\"attachment_259554\" style=\"width: 610px\" class=\"wp-caption aligncenter\"><a href=\"https:\/\/www.biavl.dk\/medlemmer\/wp-content\/uploads\/2024\/02\/Vokslys2a-1.png\"><img loading=\"lazy\" decoding=\"async\" aria-describedby=\"caption-attachment-259554\" class=\"wp-image-259554\" src=\"https:\/\/www.biavl.dk\/medlemmer\/wp-content\/uploads\/2024\/02\/Vokslys2a-1-768x1024.png\" alt=\"\" width=\"600\" height=\"800\" srcset=\"https:\/\/www.biavl.dk\/medlemmer\/wp-content\/uploads\/2024\/02\/Vokslys2a-1-768x1024.png 768w, https:\/\/www.biavl.dk\/medlemmer\/wp-content\/uploads\/2024\/02\/Vokslys2a-1-225x300.png 225w, https:\/\/www.biavl.dk\/medlemmer\/wp-content\/uploads\/2024\/02\/Vokslys2a-1-1152x1536.png 1152w, https:\/\/www.biavl.dk\/medlemmer\/wp-content\/uploads\/2024\/02\/Vokslys2a-1.png 1435w\" sizes=\"auto, (max-width: 600px) 100vw, 600px\" \/><\/a><p id=\"caption-attachment-259554\" class=\"wp-caption-text\">Voks smeltet i en dobbeltbundet gryde. Man kan ogs\u00e5 sagtens bruge et ildfast glas i en gryde med vandbad. Selvom der her blev brugt gamle vokstavler, er der stadig urenheder p\u00e5 bunden.<\/p><\/div>\n<p>&nbsp;<\/p>\n<div id=\"attachment_259555\" style=\"width: 610px\" class=\"wp-caption aligncenter\"><a href=\"https:\/\/www.biavl.dk\/medlemmer\/wp-content\/uploads\/2024\/02\/Vokslys2b-scaled.jpg\"><img loading=\"lazy\" decoding=\"async\" aria-describedby=\"caption-attachment-259555\" class=\"wp-image-259555\" src=\"https:\/\/www.biavl.dk\/medlemmer\/wp-content\/uploads\/2024\/02\/Vokslys2b-768x1024.jpg\" alt=\"\" width=\"600\" height=\"800\" srcset=\"https:\/\/www.biavl.dk\/medlemmer\/wp-content\/uploads\/2024\/02\/Vokslys2b-768x1024.jpg 768w, https:\/\/www.biavl.dk\/medlemmer\/wp-content\/uploads\/2024\/02\/Vokslys2b-225x300.jpg 225w, https:\/\/www.biavl.dk\/medlemmer\/wp-content\/uploads\/2024\/02\/Vokslys2b-1152x1536.jpg 1152w, https:\/\/www.biavl.dk\/medlemmer\/wp-content\/uploads\/2024\/02\/Vokslys2b-1536x2048.jpg 1536w, https:\/\/www.biavl.dk\/medlemmer\/wp-content\/uploads\/2024\/02\/Vokslys2b-scaled.jpg 1920w\" sizes=\"auto, (max-width: 600px) 100vw, 600px\" \/><\/a><p id=\"caption-attachment-259555\" class=\"wp-caption-text\">Urenhederne ses tydeligt, n\u00e5r den smeltede voks h\u00e6ldes gennem et kl\u00e6de.<\/p><\/div>\n<p>&nbsp;<\/p>\n<p><strong>PAS GODT P\u00c5 DEN DANSKE BIVOKS<\/strong><\/p>\n<p>I Danmark er vi s\u00e5 heldige, at vi er selvforsynende med bivoks. Vi har en lukket dansk vokscyklus, som vi skal passe p\u00e5, da importeret voks kan skabe problemer for kvaliteten af dansk voks. Dette skyldes is\u00e6r brugen af bek\u00e6mpelsesmidler mod varroa, men ogs\u00e5 fra brugen af pesticider i landbrugsafgr\u00f8der.<\/p>\n<p>I de seneste \u00e5r har vi kunnet l\u00e6se om voksskandaler i udlandet, hvor man har oplevet voksforfalskninger i st\u00f8rre omfang. Ved forfalsket bivoks vil man opleve, at bierne har sv\u00e6rt ved at bygge p\u00e5 voksen. Det fik for nogle \u00e5r siden udlandet til at rette blikket mod dansk voks, som var forholdsvis billigt, da vi jo blot solgte til hinanden. Den udenlandske interesse bet\u00f8d, at dansk voks pludselig blev eksporteret ud af landet. Heldigvis fik en bevidst prisstigning p\u00e5 dansk voks denne interesse til at falde igen.<\/p>\n<p>Vi skal passe p\u00e5 den danske bivoks, men det er ikke det samme som at sige, at vi ikke skal lave vokslys. Pr\u00f8v at leg med produktionen af vokslys, om ikke andet, s\u00e5 til eget forbrug. Skal du lave en st\u00f8rre produktion, anbefales det bestemt at bruge udenlandsk bivoks af god kvalitet. Med ovenst\u00e5ende in mente, skal vi da ikke afholde os fra at lave vokslys, men husk at prisen skal afspejle den gode kvalitet af dansk bivoks. Bivokslys er et kvalitetsprodukt, og prisen skal passe hertil.<\/p>\n","protected":false},"excerpt":{"rendered":"<p>Til st\u00f8bning af bivokslys kan man bruge forskellige rester af voks fra f.eks. frask\u00e6ring, kn\u00e6kkede voksplader eller plader af &#8220;forkert&#8221; rammem\u00e5l. Man kan selvf\u00f8lgelig ogs\u00e5 bruge frask\u00e6ring fra dronetavlen eller skr\u00e6llevoks fra slyngningen. Det er dog i alle tilf\u00e6lde vigtigt at s\u00f8rge for, at voksen er s\u00e5 ren som muligt. Selv valsede voksplader kan indeholde [&hellip;]<\/p>\n","protected":false},"author":4,"featured_media":0,"parent":259406,"menu_order":40,"comment_status":"closed","ping_status":"closed","template":"","meta":{"_acf_changed":false,"footnotes":""},"class_list":["post-259541","page","type-page","status-publish","hentry"],"acf":[],"aioseo_notices":[],"_links":{"self":[{"href":"https:\/\/www.biavl.dk\/medlemmer\/wp-json\/wp\/v2\/pages\/259541","targetHints":{"allow":["GET"]}}],"collection":[{"href":"https:\/\/www.biavl.dk\/medlemmer\/wp-json\/wp\/v2\/pages"}],"about":[{"href":"https:\/\/www.biavl.dk\/medlemmer\/wp-json\/wp\/v2\/types\/page"}],"author":[{"embeddable":true,"href":"https:\/\/www.biavl.dk\/medlemmer\/wp-json\/wp\/v2\/users\/4"}],"replies":[{"embeddable":true,"href":"https:\/\/www.biavl.dk\/medlemmer\/wp-json\/wp\/v2\/comments?post=259541"}],"version-history":[{"count":9,"href":"https:\/\/www.biavl.dk\/medlemmer\/wp-json\/wp\/v2\/pages\/259541\/revisions"}],"predecessor-version":[{"id":259598,"href":"https:\/\/www.biavl.dk\/medlemmer\/wp-json\/wp\/v2\/pages\/259541\/revisions\/259598"}],"up":[{"embeddable":true,"href":"https:\/\/www.biavl.dk\/medlemmer\/wp-json\/wp\/v2\/pages\/259406"}],"wp:attachment":[{"href":"https:\/\/www.biavl.dk\/medlemmer\/wp-json\/wp\/v2\/media?parent=259541"}],"curies":[{"name":"wp","href":"https:\/\/api.w.org\/{rel}","templated":true}]}}