{"id":2767,"date":"2016-03-30T08:30:10","date_gmt":"2016-03-30T08:30:10","guid":{"rendered":"http:\/\/vonbulow.org\/medlemmer\/?page_id=2767"},"modified":"2024-03-26T06:43:59","modified_gmt":"2024-03-26T06:43:59","slug":"medlemmer","status":"publish","type":"page","link":"https:\/\/www.biavl.dk\/medlemmer\/medlemmer\/","title":{"rendered":"MEDLEMMER"},"content":{"rendered":"<p>Danmarks Biavlerforening er videns- og interesseorganisation for Danmarks mere end 6000 biavlere.<br \/>\nForeningen er stiftet i 1866, og har siden dengang udgivet magasinet: \u201d<a href=\"http:\/\/www.biavl.dk\/medlemmer\/medlemmer\/tidsskrift-for-biavl\/\">Tidsskrift for Biavl<\/a>\u201d.<\/p>\n<p>Der findes godt 80<a href=\"http:\/\/www.biavl.dk\/medlemmer\/medlemmer\/lokale-foreninger\"> lokale biavlerforeninger<\/a> spredt over hele landet. Derfor er der ogs\u00e5 en forening t\u00e6t p\u00e5, hvor du bor. Her kan du m\u00f8de andre med samme interesse som dig. Det giver dig mulighed for at se og opleve, hvordan andre driver biavl. Du kan f\u00e5 gode r\u00e5d, blive inspireret til at pr\u00f8ve nye og lettere fremgangsm\u00e5der. Eller bare opleve det hyggelige samv\u00e6r, der er i alle foreninger.<\/p>\n","protected":false},"excerpt":{"rendered":"<p>Danmarks Biavlerforening er videns- og interesseorganisation for Danmarks mere end 6000 biavlere. Foreningen er stiftet i 1866, og har siden dengang udgivet magasinet: \u201dTidsskrift for Biavl\u201d. Der findes godt 80 lokale biavlerforeninger spredt over hele landet. Derfor er der ogs\u00e5 en forening t\u00e6t p\u00e5, hvor du bor. Her kan du m\u00f8de andre med samme interesse [&hellip;]<\/p>\n","protected":false},"author":1,"featured_media":0,"parent":0,"menu_order":26,"comment_status":"closed","ping_status":"closed","template":"","meta":{"_acf_changed":false,"footnotes":""},"class_list":["post-2767","page","type-page","status-publish","hentry"],"acf":[],"aioseo_notices":[],"_links":{"self":[{"href":"https:\/\/www.biavl.dk\/medlemmer\/wp-json\/wp\/v2\/pages\/2767","targetHints":{"allow":["GET"]}}],"collection":[{"href":"https:\/\/www.biavl.dk\/medlemmer\/wp-json\/wp\/v2\/pages"}],"about":[{"href":"https:\/\/www.biavl.dk\/medlemmer\/wp-json\/wp\/v2\/types\/page"}],"author":[{"embeddable":true,"href":"https:\/\/www.biavl.dk\/medlemmer\/wp-json\/wp\/v2\/users\/1"}],"replies":[{"embeddable":true,"href":"https:\/\/www.biavl.dk\/medlemmer\/wp-json\/wp\/v2\/comments?post=2767"}],"version-history":[{"count":4,"href":"https:\/\/www.biavl.dk\/medlemmer\/wp-json\/wp\/v2\/pages\/2767\/revisions"}],"predecessor-version":[{"id":109537,"href":"https:\/\/www.biavl.dk\/medlemmer\/wp-json\/wp\/v2\/pages\/2767\/revisions\/109537"}],"wp:attachment":[{"href":"https:\/\/www.biavl.dk\/medlemmer\/wp-json\/wp\/v2\/media?parent=2767"}],"curies":[{"name":"wp","href":"https:\/\/api.w.org\/{rel}","templated":true}]}}