{"id":2787,"date":"2016-03-30T12:43:16","date_gmt":"2016-03-30T12:43:16","guid":{"rendered":"http:\/\/vonbulow.org\/medlemmer\/?page_id=2787"},"modified":"2024-03-26T06:44:09","modified_gmt":"2024-03-26T06:44:09","slug":"generalforsamling","status":"publish","type":"page","link":"https:\/\/www.biavl.dk\/medlemmer\/medlemmer\/generalforsamling\/","title":{"rendered":"GENERALFORSAMLINGER"},"content":{"rendered":"<p>Danmarks Biavlerforening er stiftet 5. juli 1866. Danmarks Biavlerforenings form\u00e5l er at samle Danmarks biavlere i en organisation, der varetager dansk biavls interesser og virker for biavlens fremme.<\/p>\n<p>Danmarks Biavlerforening er en sammenslutning af selvst\u00e6ndige foreninger. En forening optaget i Danmarks Biavlerforening kan b\u00e5de v\u00e6re en lokal biavlerforening og en specialforening med s\u00e6rlige interesser inden for biavl.<\/p>\n<p>Medlemskab i Danmarks Biavlerforening for den enkelte biavler opn\u00e5s alene gennem medlemskab af en forening, optaget i Danmarks Biavlerforening.\u00a0 Enhver forening, som anerkender n\u00e6rv\u00e6rende vedt\u00e6gter kan optages i Danmarks Biavlerforening. Optagelse af en forening skal godkendes af Danmarks Biavlerforenings bestyrelse. En s\u00e5dan forening skal v\u00e6re p\u00e5 mindst 5 medlemmer. Afsl\u00e5s optagelse, kan afslaget indankes til afg\u00f8relse p\u00e5 Danmarks Biavlerforenings generalforsamling.<\/p>\n<p>Generalforsamlingen er Danmarks Biavlerforenings \u00f8verste myndighed. Den afholdes 1 gang \u00e5rligt i for\u00e5rsm\u00e5nederne.<\/p>\n<p>Foreningens\u00a0<a href=\"http:\/\/biavl.dk\/om-bdf\/vedtaegter\/\">vedt\u00e6gter<\/a> kan ses her.<\/p>\n<p>Ud over generalforsamlingen afholdes et formandsm\u00f8de i efter\u00e5ret, hvor bestyrelsen og foreningerne m\u00f8des til en mere uformel snak om foreningens virke.<\/p>\n","protected":false},"excerpt":{"rendered":"<p>Danmarks Biavlerforening er stiftet 5. juli 1866. Danmarks Biavlerforenings form\u00e5l er at samle Danmarks biavlere i en organisation, der varetager dansk biavls interesser og virker for biavlens fremme. Danmarks Biavlerforening er en sammenslutning af selvst\u00e6ndige foreninger. En forening optaget i Danmarks Biavlerforening kan b\u00e5de v\u00e6re en lokal biavlerforening og en specialforening med s\u00e6rlige interesser inden [&hellip;]<\/p>\n","protected":false},"author":1,"featured_media":0,"parent":2767,"menu_order":11,"comment_status":"closed","ping_status":"closed","template":"page-liste-uden.php","meta":{"_acf_changed":false,"footnotes":""},"class_list":["post-2787","page","type-page","status-publish","hentry"],"acf":[],"aioseo_notices":[],"_links":{"self":[{"href":"https:\/\/www.biavl.dk\/medlemmer\/wp-json\/wp\/v2\/pages\/2787","targetHints":{"allow":["GET"]}}],"collection":[{"href":"https:\/\/www.biavl.dk\/medlemmer\/wp-json\/wp\/v2\/pages"}],"about":[{"href":"https:\/\/www.biavl.dk\/medlemmer\/wp-json\/wp\/v2\/types\/page"}],"author":[{"embeddable":true,"href":"https:\/\/www.biavl.dk\/medlemmer\/wp-json\/wp\/v2\/users\/1"}],"replies":[{"embeddable":true,"href":"https:\/\/www.biavl.dk\/medlemmer\/wp-json\/wp\/v2\/comments?post=2787"}],"version-history":[{"count":2,"href":"https:\/\/www.biavl.dk\/medlemmer\/wp-json\/wp\/v2\/pages\/2787\/revisions"}],"predecessor-version":[{"id":52622,"href":"https:\/\/www.biavl.dk\/medlemmer\/wp-json\/wp\/v2\/pages\/2787\/revisions\/52622"}],"up":[{"embeddable":true,"href":"https:\/\/www.biavl.dk\/medlemmer\/wp-json\/wp\/v2\/pages\/2767"}],"wp:attachment":[{"href":"https:\/\/www.biavl.dk\/medlemmer\/wp-json\/wp\/v2\/media?parent=2787"}],"curies":[{"name":"wp","href":"https:\/\/api.w.org\/{rel}","templated":true}]}}