{"id":2789,"date":"2016-03-30T12:43:52","date_gmt":"2016-03-30T12:43:52","guid":{"rendered":"http:\/\/vonbulow.org\/medlemmer\/?page_id=2789"},"modified":"2025-05-06T07:30:27","modified_gmt":"2025-05-06T07:30:27","slug":"guldnaalen","status":"publish","type":"page","link":"https:\/\/www.biavl.dk\/medlemmer\/medlemmer\/guldnaalen\/","title":{"rendered":"GULDN\u00c5LEN"},"content":{"rendered":"<p>Guldn\u00e5len er Danmarks Biavlerforenings h\u00f8jeste udm\u00e6rkelse. Den blev indstiftet ved foreningens 100 \u00e5rs jubil\u00e6um i 1966. Den tildeles for en s\u00e6rlig indsats for biavlen p\u00e5 landsplan. Uddelingen sker i begr\u00e6nset omfang.<\/p>\n<p><img loading=\"lazy\" decoding=\"async\" width=\"274\" height=\"300\" class=\"alignnone size-medium wp-image-5381\" src=\"http:\/\/www.biavl.dk\/medlemmer\/wp-content\/uploads\/2016\/03\/Ikke-navngivet-274x300.png\" alt=\"Ikke-navngivet\" srcset=\"https:\/\/www.biavl.dk\/medlemmer\/wp-content\/uploads\/2016\/03\/Ikke-navngivet-274x300.png 274w, https:\/\/www.biavl.dk\/medlemmer\/wp-content\/uploads\/2016\/03\/Ikke-navngivet.png 462w\" sizes=\"auto, (max-width: 274px) 100vw, 274px\" \/><\/p>\n<p>Guldn\u00e5len er i \u00e5renes l\u00f8b uddelt til f\u00f8lgende personer:<\/p>\n<ul>\n<li>Bodil Branner, 2025<\/li>\n<li>Zofuz Knudsen, 2025<\/li>\n<li>Lars Fischer, 2025<\/li>\n<li>Peter Nissen, 2024<\/li>\n<li>Knud Graaskov, 2020<\/li>\n<li>Flemming Bech Thorsen, 2020<\/li>\n<li>Carl-Johan Junge &amp; Bj\u00f8rn Johansen, L\u00e6s\u00f8, 2017<\/li>\n<li>Klaus Langschwager, Aabenraa, 2014<\/li>\n<li>Svend Sejr, Brabrand, 2013<\/li>\n<li>Asger S\u00f8gaard J\u00f8rgensen, Haslev, 2011<\/li>\n<li>Christian Henriksen, Lemvig, 2010<\/li>\n<li>Orla Svendsen, Hiller\u00f8d, 2008<\/li>\n<li>J\u00f8rgen Bang, Thur\u00f8, 2007<\/li>\n<li>Eigil Holm, Gedved, 2006<\/li>\n<li>Bernhard Swienty, Rageb\u00f8l, 2005<\/li>\n<li>John Svarre, H\u00f8rning, 2003<\/li>\n<li>Chris Svaneborg, Snedsted, 2003<\/li>\n<li>Bo Vest Pedersen, K\u00f8benhavns Universitet, 2002<\/li>\n<li>Erling Bech, Hvals\u00f8, 2001<\/li>\n<li>Anders Glob, Thorsager, 2000<\/li>\n<li>Finn Christensen, Glamsbjerg, 1999<\/li>\n<li>Verner Jensen, Munkebo, 1997<\/li>\n<li>Knud G. Pedersen, Bornholm, 1995<\/li>\n<li>Peter Larsen, Slagelse, 1993<\/li>\n<li>Axel Michelsen, Odense, 1993<\/li>\n<li>Broder Adam, 1991<\/li>\n<li>Henning Nielsen, Nyborg, 1991<\/li>\n<li>B\u00f8rge Jensen, Holstebro, 1991<\/li>\n<li>Jes Johansen, S\u00f8nderborg<\/li>\n<li>Karl Kofoed, Bornholm<\/li>\n<li>Kort Larsen, M\u00f8rke<\/li>\n<li>Elmar Mikkelsen, Haderup<\/li>\n<li>Peter Frederiksen, Gylling<\/li>\n<li>Valdemar Nielsen, Karise<\/li>\n<li>Ingrid Aborg, Voldum<\/li>\n<li>Ole Hammer, Fredensborg<\/li>\n<li>S. N\u00f8rgaard Holm, Landboh\u00f8jskolen<\/li>\n<li>Verner Jensen, Holb\u00e6k<\/li>\n<li>Else Lund, T\u00e5strup<\/li>\n<li>A.C. Hundsballe, Slagelse<\/li>\n<li>E. Lambert, N\u00e6stved<\/li>\n<li>N.J. Pedrsen, Horsens<\/li>\n<li>Werner Horn, K\u00f8benhavn<\/li>\n<li>Alf. Nissen Vonsb\u00e6k<\/li>\n<li>A. Schmidt, Fredericia<\/li>\n<li>Sv. Madsen, Odense<\/li>\n<li>P. Nielsson, Nakskov<\/li>\n<li>N. Chr. Petersen, Solbjerg<\/li>\n<li>K. Risbjerg, Lillering<\/li>\n<li>Rich. Thomsen, Hj\u00f8rring<\/li>\n<li>Ole M\u00fcller, Karise<\/li>\n<li>N. Johansen, Tved<\/li>\n<li>B. Schwartz Hansen, K\u00f8benhavn<\/li>\n<li>H.M. Schj\u00f8tt, Hjerting<\/li>\n<\/ul>\n<p>Ved uddelingen l\u00e6gger hovedbestyrelsen v\u00e6gt p\u00e5 at den p\u00e5g\u00e6ldende person har gjort et stort arbejde som kommer biavlen til gode p\u00e5 landsplan.<\/p>\n<p><strong>S\u00f8lvn\u00e5len<\/strong>\u00a0tildeles af lokalforeningernes bestyrelser til personer, som har stor betydning for det lokale arbejde. S\u00f8lvn\u00e5len kan erhverves af en lokalforening hos sekretariatet.<\/p>\n","protected":false},"excerpt":{"rendered":"<p>Guldn\u00e5len er Danmarks Biavlerforenings h\u00f8jeste udm\u00e6rkelse. Den blev indstiftet ved foreningens 100 \u00e5rs jubil\u00e6um i 1966. Den tildeles for en s\u00e6rlig indsats for biavlen p\u00e5 landsplan. Uddelingen sker i begr\u00e6nset omfang. Guldn\u00e5len er i \u00e5renes l\u00f8b uddelt til f\u00f8lgende personer: Bodil Branner, 2025 Zofuz Knudsen, 2025 Lars Fischer, 2025 Peter Nissen, 2024 Knud Graaskov, 2020 [&hellip;]<\/p>\n","protected":false},"author":1,"featured_media":0,"parent":2767,"menu_order":13,"comment_status":"closed","ping_status":"closed","template":"","meta":{"_acf_changed":false,"footnotes":""},"class_list":["post-2789","page","type-page","status-publish","hentry"],"acf":[],"aioseo_notices":[],"_links":{"self":[{"href":"https:\/\/www.biavl.dk\/medlemmer\/wp-json\/wp\/v2\/pages\/2789","targetHints":{"allow":["GET"]}}],"collection":[{"href":"https:\/\/www.biavl.dk\/medlemmer\/wp-json\/wp\/v2\/pages"}],"about":[{"href":"https:\/\/www.biavl.dk\/medlemmer\/wp-json\/wp\/v2\/types\/page"}],"author":[{"embeddable":true,"href":"https:\/\/www.biavl.dk\/medlemmer\/wp-json\/wp\/v2\/users\/1"}],"replies":[{"embeddable":true,"href":"https:\/\/www.biavl.dk\/medlemmer\/wp-json\/wp\/v2\/comments?post=2789"}],"version-history":[{"count":8,"href":"https:\/\/www.biavl.dk\/medlemmer\/wp-json\/wp\/v2\/pages\/2789\/revisions"}],"predecessor-version":[{"id":304561,"href":"https:\/\/www.biavl.dk\/medlemmer\/wp-json\/wp\/v2\/pages\/2789\/revisions\/304561"}],"up":[{"embeddable":true,"href":"https:\/\/www.biavl.dk\/medlemmer\/wp-json\/wp\/v2\/pages\/2767"}],"wp:attachment":[{"href":"https:\/\/www.biavl.dk\/medlemmer\/wp-json\/wp\/v2\/media?parent=2789"}],"curies":[{"name":"wp","href":"https:\/\/api.w.org\/{rel}","templated":true}]}}