{"id":292367,"date":"2025-01-22T10:42:08","date_gmt":"2025-01-22T10:42:08","guid":{"rendered":"https:\/\/www.biavl.dk\/medlemmer\/?page_id=292367"},"modified":"2025-01-22T12:42:45","modified_gmt":"2025-01-22T12:42:45","slug":"frivillig-baeredygtighedsrapport","status":"publish","type":"page","link":"https:\/\/www.biavl.dk\/medlemmer\/videnbank\/baeredygtighed\/frivillig-baeredygtighedsrapport\/","title":{"rendered":"Frivillig b\u00e6redygtighedsrapport"},"content":{"rendered":"<p>ESG er en forkortelse af de engelske ord: Environmental, Social og Governance og er en samlebetegnelse for milj\u00f8m\u00e6ssige, sociale og ledelsesm\u00e6ssige forhold i en virksomhed.<\/p>\n<p>Loven om b\u00e6redygtighedsrapportering stiller fra januar 2025 krav om, at store og b\u00f8rsnoterede virksomheder rapporterer om deres arbejde med b\u00e6redygtighed i deres \u00e5rsrapport. Dette skal ske ud fra en r\u00e6kke standarder, og det skal b\u00e5de omfatte virksomheden selv og for virksomhedens v\u00e6rdik\u00e6de.<\/p>\n<p>Som biavler har du n\u00e6ppe en st\u00f8rrelse der g\u00f8r, at du er omfattet af ovenn\u00e6vnte krav. Men du kan opleve situationer hvor dine samarbejdspartnere eftersp\u00f8rger<br \/>\noplysninger i relation til ESG. Det kan v\u00e6re kunder \u2013 s\u00e5vel de store supermarkeder som kunden du m\u00f8der p\u00e5 torvet. Det kan v\u00e6re virksomheden, hvor du har<br \/>\ndin big\u00e5rd. Eller det kan v\u00e6re noget helt tredje. Ved s\u00e5danne sp\u00f8rgsm\u00e5l er det vigtigt at du kan fort\u00e6lle om dine valg og overvejelser i relation til b\u00e6redygtighed.<\/p>\n<p><strong>Lav din egen rapport<\/strong><br \/>\nSelvom du ikke er omfattet af krav om at lave en ESGrapport, s\u00e5 kan du v\u00e6lge at lave en s\u00e5kaldt frivillig opg\u00f8relse. Denne kan du bruge, n\u00e5r du vil vise samarbejdspartnere dine valg, vurderinger og planer for b\u00e6redygtig udvikling i fremtiden.<\/p>\n<p>P\u00e5 linket herunder finder du en skabelon, hvis du vil lave en frivillig beskrivelse af dit arbejde med b\u00e6redygtighed i din biavl. Skabelonen har til form\u00e5l, at du for din egen biavl kan beskrive og arbejde videre med nogle af de emner, der er beskrevet i dette h\u00e6fte.<\/p>\n<p>Skabelonen giver dig blandt andet mulighed for at beskrive, hvordan du arbejder med b\u00e6redygtighed inden for:<br \/>\n\u2022 Pasning og pleje af dine bier<br \/>\n\u2022 P\u00e5virkning af klima og milj\u00f8<br \/>\n\u2022 Sociale forhold<\/p>\n<p>Du vil sikkert opleve, at det ikke altid er muligt at indsamle og beskrive alt. Men du igangs\u00e6tter en proces med fokus p\u00e5 det, der giver st\u00f8rst mulig v\u00e6rdi for<br \/>\nnetop din biavl. Du kan med fordel v\u00e6re \u00e5ben om din proces med beskrivelse og opg\u00f8relse af b\u00e6redygtighed for din biavl.<\/p>\n<p>DOWNLOAD SKABELONEN HER &lt;UNDER UDARBEJDELSE&gt;<\/p>\n<p><strong>Frivillig b\u00e6redygtighedsrapport<\/strong><br \/>\nHar din biavl en st\u00f8rrelse, hvor du \u00f8nsker at udarbejde en formel, frivillig b\u00e6redygtighedsrapport som opfylder standarderne, har Erhvervsstyrelsen udarbejdet<br \/>\nen guide til dette. L\u00e6s mere om denne p\u00e5 <a href=\"https:\/\/virksomhedsguiden.dk\/content\/\" target=\"_blank\" rel=\"noopener\">www.virksomhedsguiden.dk<\/a><\/p>\n<p>Dette er s\u00e6rligt relevant for sm\u00e5 og mellemstore virksomheder, der kan se, at en mere formaliseret opg\u00f8relse af virksomhedens ESG-data der f\u00f8lger standarderne kan bruges strategisk og forretningsm\u00e6ssigt, f.eks. til at vinde nye aftaler eller bevare eksisterende.<\/p>\n","protected":false},"excerpt":{"rendered":"<p>ESG er en forkortelse af de engelske ord: Environmental, Social og Governance og er en samlebetegnelse for milj\u00f8m\u00e6ssige, sociale og ledelsesm\u00e6ssige forhold i en virksomhed. Loven om b\u00e6redygtighedsrapportering stiller fra januar 2025 krav om, at store og b\u00f8rsnoterede virksomheder rapporterer om deres arbejde med b\u00e6redygtighed i deres \u00e5rsrapport. Dette skal ske ud fra en r\u00e6kke [&hellip;]<\/p>\n","protected":false},"author":4,"featured_media":0,"parent":292363,"menu_order":0,"comment_status":"closed","ping_status":"closed","template":"","meta":{"_acf_changed":false,"footnotes":""},"class_list":["post-292367","page","type-page","status-publish","hentry"],"acf":[],"aioseo_notices":[],"_links":{"self":[{"href":"https:\/\/www.biavl.dk\/medlemmer\/wp-json\/wp\/v2\/pages\/292367","targetHints":{"allow":["GET"]}}],"collection":[{"href":"https:\/\/www.biavl.dk\/medlemmer\/wp-json\/wp\/v2\/pages"}],"about":[{"href":"https:\/\/www.biavl.dk\/medlemmer\/wp-json\/wp\/v2\/types\/page"}],"author":[{"embeddable":true,"href":"https:\/\/www.biavl.dk\/medlemmer\/wp-json\/wp\/v2\/users\/4"}],"replies":[{"embeddable":true,"href":"https:\/\/www.biavl.dk\/medlemmer\/wp-json\/wp\/v2\/comments?post=292367"}],"version-history":[{"count":6,"href":"https:\/\/www.biavl.dk\/medlemmer\/wp-json\/wp\/v2\/pages\/292367\/revisions"}],"predecessor-version":[{"id":292377,"href":"https:\/\/www.biavl.dk\/medlemmer\/wp-json\/wp\/v2\/pages\/292367\/revisions\/292377"}],"up":[{"embeddable":true,"href":"https:\/\/www.biavl.dk\/medlemmer\/wp-json\/wp\/v2\/pages\/292363"}],"wp:attachment":[{"href":"https:\/\/www.biavl.dk\/medlemmer\/wp-json\/wp\/v2\/media?parent=292367"}],"curies":[{"name":"wp","href":"https:\/\/api.w.org\/{rel}","templated":true}]}}