{"id":292938,"date":"2025-01-28T08:24:43","date_gmt":"2025-01-28T08:24:43","guid":{"rendered":"https:\/\/www.biavl.dk\/medlemmer\/?page_id=292938"},"modified":"2025-07-12T10:08:38","modified_gmt":"2025-07-12T10:08:38","slug":"bliv-medlem","status":"publish","type":"page","link":"https:\/\/www.biavl.dk\/medlemmer\/bliv-medlem\/","title":{"rendered":"Bliv medlem"},"content":{"rendered":"<h2><strong>Danmarks Biavlerforening<br \/>\n&#8211; for styrke og faglighed i dansk biavl<\/strong><\/h2>\n<p>Danmarks Biavlerforening er videns- og interesseorganisation for dig og alle andre biavlere i Danmark. Foreningen er stiftet den 5. juli 1866 og har til form\u00e5l at skabe et levende og givende f\u00e6llesskab for biavlerne, forbedre biernes livsbetingelser og udbrede kendskabet til biernes produkter.<\/p>\n<p>Du kan blive medlem af Danmarks Biavlerforening gennem en af nedenst\u00e5ende lokalforeninger.\u00a0Som medlem f\u00e5r du en lang r\u00e6kke fordele og services. Dette omfatter blandt andet medlemsblad hver m\u00e5ned, ansvarsforsikring, arrangementer, medlemsrabatter og meget mere, <a href=\"https:\/\/www.biavl.dk\/blivbiavler\/medlemsfordele\/\" target=\"_blank\" rel=\"noopener\">som du kan l\u00e6se mere om her<\/a>.<\/p>\n<p>For at blive medlem, skal du find den lokalforening, som du \u00f8nsker at have dit medlemskab igennem p\u00e5 kortet herunder eller p\u00e5 <a href=\"#listen\">listen under kortet<\/a>.<\/p>\n","protected":false},"excerpt":{"rendered":"<p>Danmarks Biavlerforening &#8211; for styrke og faglighed i dansk biavl Danmarks Biavlerforening er videns- og interesseorganisation for dig og alle andre biavlere i Danmark. Foreningen er stiftet den 5. juli 1866 og har til form\u00e5l at skabe et levende og givende f\u00e6llesskab for biavlerne, forbedre biernes livsbetingelser og udbrede kendskabet til biernes produkter. Du kan [&hellip;]<\/p>\n","protected":false},"author":1,"featured_media":0,"parent":0,"menu_order":0,"comment_status":"closed","ping_status":"closed","template":"page-bliv-medlem.php","meta":{"_acf_changed":false,"footnotes":""},"class_list":["post-292938","page","type-page","status-publish","hentry"],"acf":[],"aioseo_notices":[],"_links":{"self":[{"href":"https:\/\/www.biavl.dk\/medlemmer\/wp-json\/wp\/v2\/pages\/292938","targetHints":{"allow":["GET"]}}],"collection":[{"href":"https:\/\/www.biavl.dk\/medlemmer\/wp-json\/wp\/v2\/pages"}],"about":[{"href":"https:\/\/www.biavl.dk\/medlemmer\/wp-json\/wp\/v2\/types\/page"}],"author":[{"embeddable":true,"href":"https:\/\/www.biavl.dk\/medlemmer\/wp-json\/wp\/v2\/users\/1"}],"replies":[{"embeddable":true,"href":"https:\/\/www.biavl.dk\/medlemmer\/wp-json\/wp\/v2\/comments?post=292938"}],"version-history":[{"count":18,"href":"https:\/\/www.biavl.dk\/medlemmer\/wp-json\/wp\/v2\/pages\/292938\/revisions"}],"predecessor-version":[{"id":310817,"href":"https:\/\/www.biavl.dk\/medlemmer\/wp-json\/wp\/v2\/pages\/292938\/revisions\/310817"}],"wp:attachment":[{"href":"https:\/\/www.biavl.dk\/medlemmer\/wp-json\/wp\/v2\/media?parent=292938"}],"curies":[{"name":"wp","href":"https:\/\/api.w.org\/{rel}","templated":true}]}}