{"id":333475,"date":"2026-05-07T09:26:42","date_gmt":"2026-05-07T09:26:42","guid":{"rendered":"https:\/\/www.biavl.dk\/medlemmer\/?page_id=333475"},"modified":"2026-05-07T09:35:30","modified_gmt":"2026-05-07T09:35:30","slug":"ordbog-dansk-engelsk","status":"publish","type":"page","link":"https:\/\/www.biavl.dk\/medlemmer\/videnbank\/formidling\/ordbog-dansk-engelsk\/","title":{"rendered":"ORDBOG DANSK-ENGELSK"},"content":{"rendered":"<p>N\u00e5r biavlskollegaerne fra andre lande banker p\u00e5, er det ofte en fordel at kende biavlens fagudtryk p\u00e5 engelsk. P\u00e5 linket herunder kan du downloade en liste over danske biavlsrelaterede fagudtryk oversat til engelsk.<\/p>\n<p>&nbsp;<\/p>\n<p><strong><a href=\"https:\/\/www.biavl.dk\/medlemmer\/wp-content\/uploads\/2026\/05\/DanskEngels-biavlsordbog.pdf\" target=\"_blank\" rel=\"noopener\">DOWNLOAD ORDBOGEN HER (PDF)<\/a><\/strong><\/p>\n","protected":false},"excerpt":{"rendered":"<p>N\u00e5r biavlskollegaerne fra andre lande banker p\u00e5, er det ofte en fordel at kende biavlens fagudtryk p\u00e5 engelsk. P\u00e5 linket herunder kan du downloade en liste over danske biavlsrelaterede fagudtryk oversat til engelsk. &nbsp; DOWNLOAD ORDBOGEN HER (PDF)<\/p>\n","protected":false},"author":4,"featured_media":0,"parent":333472,"menu_order":0,"comment_status":"closed","ping_status":"closed","template":"","meta":{"_acf_changed":false,"footnotes":""},"class_list":["post-333475","page","type-page","status-publish","hentry"],"acf":[],"aioseo_notices":[],"_links":{"self":[{"href":"https:\/\/www.biavl.dk\/medlemmer\/wp-json\/wp\/v2\/pages\/333475","targetHints":{"allow":["GET"]}}],"collection":[{"href":"https:\/\/www.biavl.dk\/medlemmer\/wp-json\/wp\/v2\/pages"}],"about":[{"href":"https:\/\/www.biavl.dk\/medlemmer\/wp-json\/wp\/v2\/types\/page"}],"author":[{"embeddable":true,"href":"https:\/\/www.biavl.dk\/medlemmer\/wp-json\/wp\/v2\/users\/4"}],"replies":[{"embeddable":true,"href":"https:\/\/www.biavl.dk\/medlemmer\/wp-json\/wp\/v2\/comments?post=333475"}],"version-history":[{"count":5,"href":"https:\/\/www.biavl.dk\/medlemmer\/wp-json\/wp\/v2\/pages\/333475\/revisions"}],"predecessor-version":[{"id":333483,"href":"https:\/\/www.biavl.dk\/medlemmer\/wp-json\/wp\/v2\/pages\/333475\/revisions\/333483"}],"up":[{"embeddable":true,"href":"https:\/\/www.biavl.dk\/medlemmer\/wp-json\/wp\/v2\/pages\/333472"}],"wp:attachment":[{"href":"https:\/\/www.biavl.dk\/medlemmer\/wp-json\/wp\/v2\/media?parent=333475"}],"curies":[{"name":"wp","href":"https:\/\/api.w.org\/{rel}","templated":true}]}}