{"id":352,"date":"2016-02-29T10:26:24","date_gmt":"2016-02-29T10:26:24","guid":{"rendered":"http:\/\/vonbulow.org\/medlemmer\/?page_id=352"},"modified":"2024-07-05T11:09:25","modified_gmt":"2024-07-05T11:09:25","slug":"svaermhenterliste","status":"publish","type":"page","link":"https:\/\/www.biavl.dk\/medlemmer\/svaermhenterliste\/","title":{"rendered":"SV\u00c6RMHENTERLISTE"},"content":{"rendered":"<p><strong>Har du en bisv\u00e6rm h\u00e6ngende i haven, eller andre steder, s\u00e5 er der hj\u00e6lp at f\u00e5 her.<\/strong><\/p>\n<p>Herunder finder du en oversigt over biavlere, som gerne vil afhente bisv\u00e6rme. De allerfleste g\u00f8r det helt uden beregning.<\/p>\n<p>Bem\u00e6rk, at listen st\u00e5r i postnummerorden, det g\u00f8r det let at finde den biavler, der bor n\u00e6rmest.<\/p>\n<p><a href=\"http:\/\/winkas.net\/wkwebservices\/lister\/?wkid=7077&amp;liste=svaermfangere\" target=\"_blank\" rel=\"noopener noreferrer\">Se\u00a0sv\u00e6rmhenterlisten<\/a><\/p>\n","protected":false},"excerpt":{"rendered":"<p>Har du en bisv\u00e6rm h\u00e6ngende i haven, eller andre steder, s\u00e5 er der hj\u00e6lp at f\u00e5 her. Herunder finder du en oversigt over biavlere, som gerne vil afhente bisv\u00e6rme. De allerfleste g\u00f8r det helt uden beregning. Bem\u00e6rk, at listen st\u00e5r i postnummerorden, det g\u00f8r det let at finde den biavler, der bor n\u00e6rmest. Se\u00a0sv\u00e6rmhenterlisten<\/p>\n","protected":false},"author":1,"featured_media":0,"parent":0,"menu_order":5,"comment_status":"closed","ping_status":"closed","template":"","meta":{"_acf_changed":false,"footnotes":""},"class_list":["post-352","page","type-page","status-publish","hentry"],"acf":[],"aioseo_notices":[],"_links":{"self":[{"href":"https:\/\/www.biavl.dk\/medlemmer\/wp-json\/wp\/v2\/pages\/352","targetHints":{"allow":["GET"]}}],"collection":[{"href":"https:\/\/www.biavl.dk\/medlemmer\/wp-json\/wp\/v2\/pages"}],"about":[{"href":"https:\/\/www.biavl.dk\/medlemmer\/wp-json\/wp\/v2\/types\/page"}],"author":[{"embeddable":true,"href":"https:\/\/www.biavl.dk\/medlemmer\/wp-json\/wp\/v2\/users\/1"}],"replies":[{"embeddable":true,"href":"https:\/\/www.biavl.dk\/medlemmer\/wp-json\/wp\/v2\/comments?post=352"}],"version-history":[{"count":5,"href":"https:\/\/www.biavl.dk\/medlemmer\/wp-json\/wp\/v2\/pages\/352\/revisions"}],"predecessor-version":[{"id":272451,"href":"https:\/\/www.biavl.dk\/medlemmer\/wp-json\/wp\/v2\/pages\/352\/revisions\/272451"}],"wp:attachment":[{"href":"https:\/\/www.biavl.dk\/medlemmer\/wp-json\/wp\/v2\/media?parent=352"}],"curies":[{"name":"wp","href":"https:\/\/api.w.org\/{rel}","templated":true}]}}